{"id":1264,"date":"2018-06-14T18:26:23","date_gmt":"2018-06-14T17:26:23","guid":{"rendered":"http:\/\/manawea.com\/?page_id=1264"},"modified":"2018-07-17T10:36:55","modified_gmt":"2018-07-17T09:36:55","slug":"arche-en-macrame-decoration-devenements","status":"publish","type":"page","link":"https:\/\/manawea.com\/index.php\/arche-en-macrame-decoration-devenements\/","title":{"rendered":"Arche en macram\u00e9 pour la d\u00e9coration d&rsquo;\u00e9v\u00e9nement"},"content":{"rendered":"<div id=\"pl-1264\"  class=\"panel-layout\" ><div id=\"pg-1264-0\"  class=\"panel-grid panel-no-style\" ><div id=\"pgc-1264-0-0\"  class=\"panel-grid-cell\" ><div id=\"panel-1264-0-0-0\" class=\"so-panel widget widget_sow-editor panel-first-child panel-last-child\" data-index=\"0\" ><div\n\t\t\t\n\t\t\tclass=\"so-widget-sow-editor so-widget-sow-editor-base\"\n\t\t\t\n\t\t>\n<div class=\"siteorigin-widget-tinymce textwidget\">\n\t<p style=\"text-align: center;\">Cet <strong>arche en macram\u00e9<\/strong> peut \u00eatre utilis\u00e9 pour la d\u00e9coration de vos jolis \u00e9v\u00e9nements:\u00a0 en tant que backdrop pour vos mariages, baby shower, bapt\u00eames... Ou bien \u00e0 destination des professionnels pour la d\u00e9coration de vitrine, salon, festival...<\/p>\n<p style=\"text-align: center;\">L'arche en macram\u00e9 est disponible en location ou \u00e0 l'achat, si vous \u00eates int\u00e9ress\u00e9 n'h\u00e9sitez pas \u00e0 me contacter\u00a0<a href=\"http:\/\/manawea.com\/index.php\/contact\/\">ici<\/a><\/p>\n<\/div>\n<\/div><\/div><\/div><\/div><div id=\"pg-1264-1\"  class=\"panel-grid panel-no-style\" ><div id=\"pgc-1264-1-0\"  class=\"panel-grid-cell\" ><div id=\"panel-1264-1-0-0\" class=\"so-panel widget widget_sow-image panel-first-child\" data-index=\"1\" ><div\n\t\t\t\n\t\t\tclass=\"so-widget-sow-image so-widget-sow-image-default-8b5b6f678277-1264\"\n\t\t\t\n\t\t>\n\n<div class=\"sow-image-container\">\n\t\t<img src=\"https:\/\/manawea.com\/wp-content\/uploads\/2018\/06\/arty-photos-photographe-de-mariage-en-auvergne_135-scaled.jpg\" width=\"1576\" height=\"2560\" srcset=\"https:\/\/manawea.com\/wp-content\/uploads\/2018\/06\/arty-photos-photographe-de-mariage-en-auvergne_135-scaled.jpg 1576w, https:\/\/manawea.com\/wp-content\/uploads\/2018\/06\/arty-photos-photographe-de-mariage-en-auvergne_135-480x780.jpg 480w, https:\/\/manawea.com\/wp-content\/uploads\/2018\/06\/arty-photos-photographe-de-mariage-en-auvergne_135-1080x1755.jpg 1080w, https:\/\/manawea.com\/wp-content\/uploads\/2018\/06\/arty-photos-photographe-de-mariage-en-auvergne_135-481x782.jpg 481w, https:\/\/manawea.com\/wp-content\/uploads\/2018\/06\/arty-photos-photographe-de-mariage-en-auvergne_135-768x1248.jpg 768w, https:\/\/manawea.com\/wp-content\/uploads\/2018\/06\/arty-photos-photographe-de-mariage-en-auvergne_135-630x1024.jpg 630w\" sizes=\"(max-width: 1576px) 100vw, 1576px\" title=\"arche-mariage-en-macram\u00e9-manawea-4\" alt=\"Arche en macram\u00e9 mariage boh\u00e8me\" loading=\"lazy\" \t\tclass=\"so-widget-image\"\/>\n\t<\/div>\n\n<\/div><\/div><div id=\"panel-1264-1-0-1\" class=\"so-panel widget widget_sow-image\" data-index=\"2\" ><div\n\t\t\t\n\t\t\tclass=\"so-widget-sow-image so-widget-sow-image-default-8b5b6f678277-1264\"\n\t\t\t\n\t\t>\n\n<div class=\"sow-image-container\">\n\t\t<img src=\"https:\/\/manawea.com\/wp-content\/uploads\/2018\/06\/arty-photos-photographe-de-mariage-en-auvergne_136-scaled.jpg\" width=\"1668\" height=\"2560\" srcset=\"https:\/\/manawea.com\/wp-content\/uploads\/2018\/06\/arty-photos-photographe-de-mariage-en-auvergne_136-scaled.jpg 1668w, https:\/\/manawea.com\/wp-content\/uploads\/2018\/06\/arty-photos-photographe-de-mariage-en-auvergne_136-480x737.jpg 480w, https:\/\/manawea.com\/wp-content\/uploads\/2018\/06\/arty-photos-photographe-de-mariage-en-auvergne_136-1080x1657.jpg 1080w, https:\/\/manawea.com\/wp-content\/uploads\/2018\/06\/arty-photos-photographe-de-mariage-en-auvergne_136-510x782.jpg 510w, https:\/\/manawea.com\/wp-content\/uploads\/2018\/06\/arty-photos-photographe-de-mariage-en-auvergne_136-768x1179.jpg 768w, https:\/\/manawea.com\/wp-content\/uploads\/2018\/06\/arty-photos-photographe-de-mariage-en-auvergne_136-667x1024.jpg 667w\" sizes=\"(max-width: 1668px) 100vw, 1668px\" title=\"arche-mariage-en-macram\u00e9-manawea-3\" alt=\"Arche en macram\u00e9 mariage boh\u00e8me\" loading=\"lazy\" \t\tclass=\"so-widget-image\"\/>\n\t<\/div>\n\n<\/div><\/div><div id=\"panel-1264-1-0-2\" class=\"so-panel widget widget_sow-image panel-last-child\" data-index=\"3\" ><div\n\t\t\t\n\t\t\tclass=\"so-widget-sow-image so-widget-sow-image-default-8b5b6f678277-1264\"\n\t\t\t\n\t\t>\n\n<div class=\"sow-image-container\">\n\t\t<img src=\"https:\/\/manawea.com\/wp-content\/uploads\/2018\/06\/arty-photos-photographe-de-mariage-en-auvergne_138-scaled.jpg\" width=\"1709\" height=\"2560\" srcset=\"https:\/\/manawea.com\/wp-content\/uploads\/2018\/06\/arty-photos-photographe-de-mariage-en-auvergne_138-scaled.jpg 1709w, https:\/\/manawea.com\/wp-content\/uploads\/2018\/06\/arty-photos-photographe-de-mariage-en-auvergne_138-480x719.jpg 480w, https:\/\/manawea.com\/wp-content\/uploads\/2018\/06\/arty-photos-photographe-de-mariage-en-auvergne_138-1080x1618.jpg 1080w, https:\/\/manawea.com\/wp-content\/uploads\/2018\/06\/arty-photos-photographe-de-mariage-en-auvergne_138-522x782.jpg 522w, https:\/\/manawea.com\/wp-content\/uploads\/2018\/06\/arty-photos-photographe-de-mariage-en-auvergne_138-768x1151.jpg 768w, https:\/\/manawea.com\/wp-content\/uploads\/2018\/06\/arty-photos-photographe-de-mariage-en-auvergne_138-684x1024.jpg 684w\" sizes=\"(max-width: 1709px) 100vw, 1709px\" title=\"arche-mariage-en-macram\u00e9-manawea-1\" alt=\"Arche en macram\u00e9 mariage boh\u00e8me\" loading=\"lazy\" \t\tclass=\"so-widget-image\"\/>\n\t<\/div>\n\n<\/div><\/div><\/div><div id=\"pgc-1264-1-1\"  class=\"panel-grid-cell\" ><div id=\"panel-1264-1-1-0\" class=\"so-panel widget widget_sow-image panel-first-child\" data-index=\"4\" ><div\n\t\t\t\n\t\t\tclass=\"so-widget-sow-image so-widget-sow-image-default-8b5b6f678277-1264\"\n\t\t\t\n\t\t>\n\n<div class=\"sow-image-container\">\n\t\t<img src=\"https:\/\/manawea.com\/wp-content\/uploads\/2018\/06\/arty-photos-photographe-de-mariage-en-auvergne_137-scaled.jpg\" width=\"1710\" height=\"2560\" srcset=\"https:\/\/manawea.com\/wp-content\/uploads\/2018\/06\/arty-photos-photographe-de-mariage-en-auvergne_137-scaled.jpg 1710w, https:\/\/manawea.com\/wp-content\/uploads\/2018\/06\/arty-photos-photographe-de-mariage-en-auvergne_137-480x719.jpg 480w, https:\/\/manawea.com\/wp-content\/uploads\/2018\/06\/arty-photos-photographe-de-mariage-en-auvergne_137-1080x1617.jpg 1080w, https:\/\/manawea.com\/wp-content\/uploads\/2018\/06\/arty-photos-photographe-de-mariage-en-auvergne_137-522x782.jpg 522w, https:\/\/manawea.com\/wp-content\/uploads\/2018\/06\/arty-photos-photographe-de-mariage-en-auvergne_137-768x1150.jpg 768w, https:\/\/manawea.com\/wp-content\/uploads\/2018\/06\/arty-photos-photographe-de-mariage-en-auvergne_137-684x1024.jpg 684w\" sizes=\"(max-width: 1710px) 100vw, 1710px\" title=\"arche-mariage-en-macram\u00e9-manawea-2\" alt=\"Arche en macram\u00e9 mariage boh\u00e8me\" loading=\"lazy\" \t\tclass=\"so-widget-image\"\/>\n\t<\/div>\n\n<\/div><\/div><div id=\"panel-1264-1-1-1\" class=\"so-panel widget widget_sow-image\" data-index=\"5\" ><div\n\t\t\t\n\t\t\tclass=\"so-widget-sow-image so-widget-sow-image-default-8b5b6f678277-1264\"\n\t\t\t\n\t\t>\n\n<div class=\"sow-image-container\">\n\t\t<img src=\"https:\/\/manawea.com\/wp-content\/uploads\/2018\/06\/arty-photos-photographe-de-mariage-en-auvergne_132-scaled.jpg\" width=\"1709\" height=\"2560\" srcset=\"https:\/\/manawea.com\/wp-content\/uploads\/2018\/06\/arty-photos-photographe-de-mariage-en-auvergne_132-scaled.jpg 1709w, https:\/\/manawea.com\/wp-content\/uploads\/2018\/06\/arty-photos-photographe-de-mariage-en-auvergne_132-480x719.jpg 480w, https:\/\/manawea.com\/wp-content\/uploads\/2018\/06\/arty-photos-photographe-de-mariage-en-auvergne_132-1080x1618.jpg 1080w, https:\/\/manawea.com\/wp-content\/uploads\/2018\/06\/arty-photos-photographe-de-mariage-en-auvergne_132-522x782.jpg 522w, https:\/\/manawea.com\/wp-content\/uploads\/2018\/06\/arty-photos-photographe-de-mariage-en-auvergne_132-768x1151.jpg 768w, https:\/\/manawea.com\/wp-content\/uploads\/2018\/06\/arty-photos-photographe-de-mariage-en-auvergne_132-684x1024.jpg 684w\" sizes=\"(max-width: 1709px) 100vw, 1709px\" title=\"arche mariage en macram\u00e9-manawea-5\" alt=\"Arche en macram\u00e9 mariage boh\u00e8me\" loading=\"lazy\" \t\tclass=\"so-widget-image\"\/>\n\t<\/div>\n\n<\/div><\/div><div id=\"panel-1264-1-1-2\" class=\"so-panel widget widget_sow-image\" data-index=\"6\" ><div\n\t\t\t\n\t\t\tclass=\"so-widget-sow-image so-widget-sow-image-default-8b5b6f678277-1264\"\n\t\t\t\n\t\t>\n\n<div class=\"sow-image-container\">\n\t\t<img src=\"https:\/\/manawea.com\/wp-content\/uploads\/2018\/06\/arty-photos-photographe-de-mariage-en-auvergne_131-scaled.jpg\" width=\"2560\" height=\"1709\" srcset=\"https:\/\/manawea.com\/wp-content\/uploads\/2018\/06\/arty-photos-photographe-de-mariage-en-auvergne_131-scaled.jpg 2560w, https:\/\/manawea.com\/wp-content\/uploads\/2018\/06\/arty-photos-photographe-de-mariage-en-auvergne_131-480x320.jpg 480w, https:\/\/manawea.com\/wp-content\/uploads\/2018\/06\/arty-photos-photographe-de-mariage-en-auvergne_131-1080x721.jpg 1080w, https:\/\/manawea.com\/wp-content\/uploads\/2018\/06\/arty-photos-photographe-de-mariage-en-auvergne_131-782x522.jpg 782w, https:\/\/manawea.com\/wp-content\/uploads\/2018\/06\/arty-photos-photographe-de-mariage-en-auvergne_131-768x513.jpg 768w, https:\/\/manawea.com\/wp-content\/uploads\/2018\/06\/arty-photos-photographe-de-mariage-en-auvergne_131-1024x684.jpg 1024w, https:\/\/manawea.com\/wp-content\/uploads\/2018\/06\/arty-photos-photographe-de-mariage-en-auvergne_131-272x182.jpg 272w\" sizes=\"(max-width: 2560px) 100vw, 2560px\" title=\"arche-mariage-en-macram\u00e9-manawea-6\" alt=\"Arche en macram\u00e9 mariage boh\u00e8me\" loading=\"lazy\" \t\tclass=\"so-widget-image\"\/>\n\t<\/div>\n\n<\/div><\/div><div id=\"panel-1264-1-1-3\" class=\"so-panel widget widget_sow-image panel-last-child\" data-index=\"7\" ><div\n\t\t\t\n\t\t\tclass=\"so-widget-sow-image so-widget-sow-image-default-8b5b6f678277-1264\"\n\t\t\t\n\t\t>\n\n<div class=\"sow-image-container\">\n\t\t<img src=\"https:\/\/manawea.com\/wp-content\/uploads\/2018\/06\/arty-photos-photographe-de-mariage-en-auvergne_45-scaled.jpg\" width=\"1782\" height=\"2560\" srcset=\"https:\/\/manawea.com\/wp-content\/uploads\/2018\/06\/arty-photos-photographe-de-mariage-en-auvergne_45-scaled.jpg 1782w, https:\/\/manawea.com\/wp-content\/uploads\/2018\/06\/arty-photos-photographe-de-mariage-en-auvergne_45-480x690.jpg 480w, https:\/\/manawea.com\/wp-content\/uploads\/2018\/06\/arty-photos-photographe-de-mariage-en-auvergne_45-1080x1551.jpg 1080w, https:\/\/manawea.com\/wp-content\/uploads\/2018\/06\/arty-photos-photographe-de-mariage-en-auvergne_45-544x782.jpg 544w, https:\/\/manawea.com\/wp-content\/uploads\/2018\/06\/arty-photos-photographe-de-mariage-en-auvergne_45-768x1103.jpg 768w, https:\/\/manawea.com\/wp-content\/uploads\/2018\/06\/arty-photos-photographe-de-mariage-en-auvergne_45-713x1024.jpg 713w\" sizes=\"(max-width: 1782px) 100vw, 1782px\" title=\"arche-mariage-en-macram\u00e9-manawea-7\" alt=\"Arche en macram\u00e9 mariage boh\u00e8me\" loading=\"lazy\" \t\tclass=\"so-widget-image\"\/>\n\t<\/div>\n\n<\/div><\/div><\/div><\/div><div id=\"pg-1264-2\"  class=\"panel-grid panel-no-style\" ><div id=\"pgc-1264-2-0\"  class=\"panel-grid-cell\" ><div id=\"panel-1264-2-0-0\" class=\"so-panel widget widget_sow-editor panel-first-child panel-last-child\" data-index=\"8\" ><div\n\t\t\t\n\t\t\tclass=\"so-widget-sow-editor so-widget-sow-editor-base\"\n\t\t\t\n\t\t>\n<div class=\"siteorigin-widget-tinymce textwidget\">\n\t<p style=\"text-align: center;\">Wedding Planner &amp; Officiant : <a href=\"http:\/\/www.latelier-des-reves.fr\" target=\"_blank\" rel=\"noopener\">L'atelier des r\u00eaves<\/a><br \/>\nArche macram\u00e9 :\u00a0<a href=\"http:\/\/www.manawea.com\" target=\"_blank\" rel=\"noopener\">Manawea<\/a><br \/>\nPhotographe :\u00a0<a href=\"http:\/\/www.arty-photos.com\" target=\"_blank\" rel=\"noopener\">Arty photos<\/a><\/p>\n<\/div>\n<\/div><\/div><\/div><\/div><\/div>","protected":false},"excerpt":{"rendered":"<p>Cet arche en macram\u00e9 peut \u00eatre utilis\u00e9 pour la d\u00e9coration de vos jolis \u00e9v\u00e9nements:\u00a0 en tant que backdrop pour vos mariages, baby shower, bapt\u00eames&#8230; Ou bien \u00e0 destination des professionnels pour la d\u00e9coration de vitrine, salon, festival&#8230; L&rsquo;arche en macram\u00e9 est disponible en location ou \u00e0 l&rsquo;achat, si vous \u00eates int\u00e9ress\u00e9 n&rsquo;h\u00e9sitez pas \u00e0 me [&hellip;]<\/p>\n","protected":false},"author":1,"featured_media":0,"parent":0,"menu_order":0,"comment_status":"closed","ping_status":"closed","template":"page-templates\/full-width.php","meta":[],"yoast_head":"<!-- This site is optimized with the Yoast SEO plugin v21.6 - https:\/\/yoast.com\/wordpress\/plugins\/seo\/ -->\n<title>Arche en macram\u00e9 pour la d\u00e9coration d&#039;\u00e9v\u00e9nement &#8226; Manawea<\/title>\n<meta name=\"description\" content=\"Arche en macram\u00e9 pour la d\u00e9coration de vos jolis \u00e9v\u00e9nements (mariage, babyshower, bapt\u00e8me) ou pour les professionnels (vitrine de boutique, salon, festival)\" \/>\n<meta name=\"robots\" content=\"index, follow, max-snippet:-1, max-image-preview:large, max-video-preview:-1\" \/>\n<link rel=\"canonical\" href=\"https:\/\/manawea.com\/index.php\/arche-en-macrame-decoration-devenements\/\" \/>\n<meta property=\"og:locale\" content=\"fr_FR\" \/>\n<meta property=\"og:type\" content=\"article\" \/>\n<meta property=\"og:title\" content=\"Arche en macram\u00e9 pour la d\u00e9coration d&#039;\u00e9v\u00e9nement &#8226; Manawea\" \/>\n<meta property=\"og:description\" content=\"Arche en macram\u00e9 pour la d\u00e9coration de vos jolis \u00e9v\u00e9nements (mariage, babyshower, bapt\u00e8me) ou pour les professionnels (vitrine de boutique, salon, festival)\" \/>\n<meta property=\"og:url\" content=\"https:\/\/manawea.com\/index.php\/arche-en-macrame-decoration-devenements\/\" \/>\n<meta property=\"og:site_name\" content=\"Manawea\" \/>\n<meta property=\"article:publisher\" content=\"https:\/\/www.facebook.com\/manaweamacrame\/\" \/>\n<meta property=\"article:modified_time\" content=\"2018-07-17T09:36:55+00:00\" \/>\n<meta name=\"twitter:card\" content=\"summary_large_image\" \/>\n<meta name=\"twitter:label1\" content=\"Dur\u00e9e de lecture estim\u00e9e\" \/>\n\t<meta name=\"twitter:data1\" content=\"1 minute\" \/>\n<script type=\"application\/ld+json\" class=\"yoast-schema-graph\">{\"@context\":\"https:\/\/schema.org\",\"@graph\":[{\"@type\":\"WebPage\",\"@id\":\"https:\/\/manawea.com\/index.php\/arche-en-macrame-decoration-devenements\/\",\"url\":\"https:\/\/manawea.com\/index.php\/arche-en-macrame-decoration-devenements\/\",\"name\":\"Arche en macram\u00e9 pour la d\u00e9coration d'\u00e9v\u00e9nement &#8226; Manawea\",\"isPartOf\":{\"@id\":\"https:\/\/manawea.com\/#website\"},\"datePublished\":\"2018-06-14T17:26:23+00:00\",\"dateModified\":\"2018-07-17T09:36:55+00:00\",\"description\":\"Arche en macram\u00e9 pour la d\u00e9coration de vos jolis \u00e9v\u00e9nements (mariage, babyshower, bapt\u00e8me) ou pour les professionnels (vitrine de boutique, salon, festival)\",\"breadcrumb\":{\"@id\":\"https:\/\/manawea.com\/index.php\/arche-en-macrame-decoration-devenements\/#breadcrumb\"},\"inLanguage\":\"fr-FR\",\"potentialAction\":[{\"@type\":\"ReadAction\",\"target\":[\"https:\/\/manawea.com\/index.php\/arche-en-macrame-decoration-devenements\/\"]}]},{\"@type\":\"BreadcrumbList\",\"@id\":\"https:\/\/manawea.com\/index.php\/arche-en-macrame-decoration-devenements\/#breadcrumb\",\"itemListElement\":[{\"@type\":\"ListItem\",\"position\":1,\"name\":\"Accueil\",\"item\":\"https:\/\/manawea.com\/\"},{\"@type\":\"ListItem\",\"position\":2,\"name\":\"Arche en macram\u00e9 pour la d\u00e9coration d&rsquo;\u00e9v\u00e9nement\"}]},{\"@type\":\"WebSite\",\"@id\":\"https:\/\/manawea.com\/#website\",\"url\":\"https:\/\/manawea.com\/\",\"name\":\"Manawea Macram\u00e9s po\u00e9tiques\",\"description\":\"D\u00e9coration en laiton et macram\u00e9\",\"publisher\":{\"@id\":\"https:\/\/manawea.com\/#organization\"},\"potentialAction\":[{\"@type\":\"SearchAction\",\"target\":{\"@type\":\"EntryPoint\",\"urlTemplate\":\"https:\/\/manawea.com\/?s={search_term_string}\"},\"query-input\":\"required name=search_term_string\"}],\"inLanguage\":\"fr-FR\"},{\"@type\":\"Organization\",\"@id\":\"https:\/\/manawea.com\/#organization\",\"name\":\"manawea\",\"url\":\"https:\/\/manawea.com\/\",\"logo\":{\"@type\":\"ImageObject\",\"inLanguage\":\"fr-FR\",\"@id\":\"https:\/\/manawea.com\/#\/schema\/logo\/image\/\",\"url\":\"https:\/\/manawea.com\/wp-content\/uploads\/2018\/04\/logo.jpg\",\"contentUrl\":\"https:\/\/manawea.com\/wp-content\/uploads\/2018\/04\/logo.jpg\",\"width\":2341,\"height\":2485,\"caption\":\"manawea\"},\"image\":{\"@id\":\"https:\/\/manawea.com\/#\/schema\/logo\/image\/\"},\"sameAs\":[\"https:\/\/www.facebook.com\/manaweamacrame\/\",\"https:\/\/www.instagram.com\/_manawea\/\"]}]}<\/script>\n<!-- \/ Yoast SEO plugin. -->","yoast_head_json":{"title":"Arche en macram\u00e9 pour la d\u00e9coration d'\u00e9v\u00e9nement &#8226; Manawea","description":"Arche en macram\u00e9 pour la d\u00e9coration de vos jolis \u00e9v\u00e9nements (mariage, babyshower, bapt\u00e8me) ou pour les professionnels (vitrine de boutique, salon, festival)","robots":{"index":"index","follow":"follow","max-snippet":"max-snippet:-1","max-image-preview":"max-image-preview:large","max-video-preview":"max-video-preview:-1"},"canonical":"https:\/\/manawea.com\/index.php\/arche-en-macrame-decoration-devenements\/","og_locale":"fr_FR","og_type":"article","og_title":"Arche en macram\u00e9 pour la d\u00e9coration d'\u00e9v\u00e9nement &#8226; Manawea","og_description":"Arche en macram\u00e9 pour la d\u00e9coration de vos jolis \u00e9v\u00e9nements (mariage, babyshower, bapt\u00e8me) ou pour les professionnels (vitrine de boutique, salon, festival)","og_url":"https:\/\/manawea.com\/index.php\/arche-en-macrame-decoration-devenements\/","og_site_name":"Manawea","article_publisher":"https:\/\/www.facebook.com\/manaweamacrame\/","article_modified_time":"2018-07-17T09:36:55+00:00","twitter_card":"summary_large_image","twitter_misc":{"Dur\u00e9e de lecture estim\u00e9e":"1 minute"},"schema":{"@context":"https:\/\/schema.org","@graph":[{"@type":"WebPage","@id":"https:\/\/manawea.com\/index.php\/arche-en-macrame-decoration-devenements\/","url":"https:\/\/manawea.com\/index.php\/arche-en-macrame-decoration-devenements\/","name":"Arche en macram\u00e9 pour la d\u00e9coration d'\u00e9v\u00e9nement &#8226; Manawea","isPartOf":{"@id":"https:\/\/manawea.com\/#website"},"datePublished":"2018-06-14T17:26:23+00:00","dateModified":"2018-07-17T09:36:55+00:00","description":"Arche en macram\u00e9 pour la d\u00e9coration de vos jolis \u00e9v\u00e9nements (mariage, babyshower, bapt\u00e8me) ou pour les professionnels (vitrine de boutique, salon, festival)","breadcrumb":{"@id":"https:\/\/manawea.com\/index.php\/arche-en-macrame-decoration-devenements\/#breadcrumb"},"inLanguage":"fr-FR","potentialAction":[{"@type":"ReadAction","target":["https:\/\/manawea.com\/index.php\/arche-en-macrame-decoration-devenements\/"]}]},{"@type":"BreadcrumbList","@id":"https:\/\/manawea.com\/index.php\/arche-en-macrame-decoration-devenements\/#breadcrumb","itemListElement":[{"@type":"ListItem","position":1,"name":"Accueil","item":"https:\/\/manawea.com\/"},{"@type":"ListItem","position":2,"name":"Arche en macram\u00e9 pour la d\u00e9coration d&rsquo;\u00e9v\u00e9nement"}]},{"@type":"WebSite","@id":"https:\/\/manawea.com\/#website","url":"https:\/\/manawea.com\/","name":"Manawea Macram\u00e9s po\u00e9tiques","description":"D\u00e9coration en laiton et macram\u00e9","publisher":{"@id":"https:\/\/manawea.com\/#organization"},"potentialAction":[{"@type":"SearchAction","target":{"@type":"EntryPoint","urlTemplate":"https:\/\/manawea.com\/?s={search_term_string}"},"query-input":"required name=search_term_string"}],"inLanguage":"fr-FR"},{"@type":"Organization","@id":"https:\/\/manawea.com\/#organization","name":"manawea","url":"https:\/\/manawea.com\/","logo":{"@type":"ImageObject","inLanguage":"fr-FR","@id":"https:\/\/manawea.com\/#\/schema\/logo\/image\/","url":"https:\/\/manawea.com\/wp-content\/uploads\/2018\/04\/logo.jpg","contentUrl":"https:\/\/manawea.com\/wp-content\/uploads\/2018\/04\/logo.jpg","width":2341,"height":2485,"caption":"manawea"},"image":{"@id":"https:\/\/manawea.com\/#\/schema\/logo\/image\/"},"sameAs":["https:\/\/www.facebook.com\/manaweamacrame\/","https:\/\/www.instagram.com\/_manawea\/"]}]}},"_links":{"self":[{"href":"https:\/\/manawea.com\/index.php\/wp-json\/wp\/v2\/pages\/1264"}],"collection":[{"href":"https:\/\/manawea.com\/index.php\/wp-json\/wp\/v2\/pages"}],"about":[{"href":"https:\/\/manawea.com\/index.php\/wp-json\/wp\/v2\/types\/page"}],"author":[{"embeddable":true,"href":"https:\/\/manawea.com\/index.php\/wp-json\/wp\/v2\/users\/1"}],"replies":[{"embeddable":true,"href":"https:\/\/manawea.com\/index.php\/wp-json\/wp\/v2\/comments?post=1264"}],"version-history":[{"count":15,"href":"https:\/\/manawea.com\/index.php\/wp-json\/wp\/v2\/pages\/1264\/revisions"}],"predecessor-version":[{"id":1302,"href":"https:\/\/manawea.com\/index.php\/wp-json\/wp\/v2\/pages\/1264\/revisions\/1302"}],"wp:attachment":[{"href":"https:\/\/manawea.com\/index.php\/wp-json\/wp\/v2\/media?parent=1264"}],"curies":[{"name":"wp","href":"https:\/\/api.w.org\/{rel}","templated":true}]}}