{"id":504,"date":"2016-01-25T02:37:12","date_gmt":"2016-01-25T02:37:12","guid":{"rendered":"http:\/\/singlestroke.io\/demo\/primrose-wp\/?page_id=224"},"modified":"2017-12-23T13:00:17","modified_gmt":"2017-12-23T12:00:17","slug":"faq","status":"publish","type":"page","link":"https:\/\/manawea.com\/index.php\/faq\/","title":{"rendered":"Questions fr\u00e9quentes"},"content":{"rendered":"<div id=\"pl-504\"  class=\"panel-layout\" ><div id=\"pg-504-0\"  class=\"panel-grid panel-no-style\" ><div id=\"pgc-504-0-0\"  class=\"panel-grid-cell\" ><div id=\"panel-504-0-0-0\" class=\"so-panel widget widget_sow-editor panel-first-child\" data-index=\"0\" ><div\n\t\t\t\n\t\t\tclass=\"so-widget-sow-editor so-widget-sow-editor-base\"\n\t\t\t\n\t\t>\n<div class=\"siteorigin-widget-tinymce textwidget\">\n\t<p>Vous trouverez ici les r\u00e9ponses aux questions les plus fr\u00e9quentes. Si n\u00e9anmoins vous ne trouvez pas la r\u00e9ponse \u00e0 votre question, n'h\u00e9sitez pas \u00e0 me contacter via le  <a href=\"http:\/\/manawea.com\/index.php\/contact-us\/\">formulaire de contact<\/a> ou par mail \u00e0 contact@manawea.com<\/p>\n<\/div>\n<\/div><\/div><div id=\"panel-504-0-0-1\" class=\"so-panel widget widget_primrose-sow-divider\" data-index=\"1\" ><div\n\t\t\t\n\t\t\tclass=\"so-widget-primrose-sow-divider so-widget-primrose-sow-divider-default-d75171398898-504\"\n\t\t\t\n\t\t><hr class=\"primrose-sow-divider\" \/><\/div><\/div><div id=\"panel-504-0-0-2\" class=\"so-panel widget widget_primrose-sow-accordion panel-last-child\" data-index=\"2\" ><div\n\t\t\t\n\t\t\tclass=\"so-widget-primrose-sow-accordion so-widget-primrose-sow-accordion-default-d75171398898-504\"\n\t\t\t\n\t\t>\t<div class=\"primrose-sow-accordion\" data-multiple_active=\"\">\r\n\t\t\t\t\t<div class=\"primrose-sow-accordion-item active\">\r\n\t\t\t\t<div class=\"primrose-sow-accordion-item-title\">Faites vous des commandes personnalis\u00e9es?<\/div>\r\n\t\t\t\t<div class=\"primrose-sow-accordion-item-description\"><p>Oui et j'adore ca! Je peux\u00a0r\u00e9aliser\u00a0des\u00a0macram\u00e9s sur-mesure ou personnalis\u00e9s (taille, mod\u00e8le, couleur...) Envoyez moi un message pour qu'on discute de votre future cr\u00e9ation!<\/p><\/div>\r\n\t\t\t<\/div><!-- .primrose-sow-accordion-item -->\r\n\t\t\t\t\t<div class=\"primrose-sow-accordion-item \">\r\n\t\t\t\t<div class=\"primrose-sow-accordion-item-title\">Faites vous des cours ou des ateliers?<\/div>\r\n\t\t\t\t<div class=\"primrose-sow-accordion-item-description\"><p>Oui!\u00a0 Il est possible d'o<span id=\"result_box\" lang=\"fr\">rganiser un atelier priv\u00e9 de macram\u00e9 chez vous avec des amis ou dans votre studio\/magasin\/lieu de travail...<br \/>Veuillez me contacter pour conna\u00eetre les prix et avoir plus de d\u00e9tails!<\/span><\/p>\n<p>Ou cliquez <a href=\"http:\/\/manawea.com\/index.php\/categorie-produit\/formation\/workshop\/\">ici<\/a>\u00a0pour s'inscrire aux ateliers disponibles.<\/p><\/div>\r\n\t\t\t<\/div><!-- .primrose-sow-accordion-item -->\r\n\t\t\t\t\t<div class=\"primrose-sow-accordion-item \">\r\n\t\t\t\t<div class=\"primrose-sow-accordion-item-title\">Comment installer mon macram\u00e9?<\/div>\r\n\t\t\t\t<div class=\"primrose-sow-accordion-item-description\"><p>Faites le simplement suspendre \u00e0 un crochet\/punaise\/clou. Durant l\u2019exp\u00e9dition, il se peut que les cordes se soient d\u00e9plac\u00e9es et n\u00e9cessitent quelques ajustements pour les faire pendre correctement. Si vous avez besoin d\u2019aide,\u00a0n\u2019h\u00e9sitez pas \u00e0 me contacter.<\/p><\/div>\r\n\t\t\t<\/div><!-- .primrose-sow-accordion-item -->\r\n\t\t\t\t\t<div class=\"primrose-sow-accordion-item \">\r\n\t\t\t\t<div class=\"primrose-sow-accordion-item-title\">\u00cates-vous int\u00e9ress\u00e9e par des collaborations avec d'autres artistes, cr\u00e9ateurs et blogueurs?<\/div>\r\n\t\t\t\t<div class=\"primrose-sow-accordion-item-description\"><p>Oui! Envoyez moi un mail pour en discuter \ud83d\ude42<\/p><\/div>\r\n\t\t\t<\/div><!-- .primrose-sow-accordion-item -->\r\n\t\t\t\t\t<div class=\"primrose-sow-accordion-item \">\r\n\t\t\t\t<div class=\"primrose-sow-accordion-item-title\">Quand recevrai-je ma commande?<\/div>\r\n\t\t\t\t<div class=\"primrose-sow-accordion-item-description\"><p>Le temps dont j'ai besoin pour traiter une commande varie: <br \/>Pour les macram\u00e9s pr\u00eat \u00e0 \u00eatre envoy\u00e9s et les kits DIY, l'exp\u00e9dition se fera dans les 2 \u00e0 4 jours.<br \/>Pour les macram\u00e9s r\u00e9alis\u00e9s sur commande, l'exp\u00e9dition se fera sous 1 \u00e0 3 semaines. <br \/>Je suis seule derri\u00e8re Manawea et je ferais de mon mieux pour finir vos\u00a0macram\u00e9s\u00a0le plus vite possible. Si vous avez besoin de votre commande plus t\u00f4t, contactez-moi et\u00a0je ferais en sorte de la pr\u00e9parer pour votre date souhait\u00e9e!<br \/>Pour les t\u00e9l\u00e9chargements num\u00e9riques, vos fichier pourront \u00eatre t\u00e9l\u00e9charger d\u00e8s que le paiement aura \u00e9t\u00e9 confirm\u00e9.<\/p><\/div>\r\n\t\t\t<\/div><!-- .primrose-sow-accordion-item -->\r\n\t\t\t\t\t<div class=\"primrose-sow-accordion-item \">\r\n\t\t\t\t<div class=\"primrose-sow-accordion-item-title\">Et si j'ai un probl\u00e8me avec ma commande?<\/div>\r\n\t\t\t\t<div class=\"primrose-sow-accordion-item-description\"><p>Si vous rencontrez un probl\u00e8me avec votre commande (que ce soit un probl\u00e8me d'exp\u00e9dition ou \u00e0 la r\u00e9ception) n'h\u00e9sitez pas \u00e0 me contacter pour que nous puissions trouver une solution.<\/p><\/div>\r\n\t\t\t<\/div><!-- .primrose-sow-accordion-item -->\r\n\t\t\t<\/div><!-- .primrose-sow-accordion -->\r\n<\/div><\/div><\/div><\/div><\/div>","protected":false},"excerpt":{"rendered":"<p>Vous trouverez ici les r\u00e9ponses aux questions les plus fr\u00e9quentes. Si n\u00e9anmoins vous ne trouvez pas la r\u00e9ponse \u00e0 votre question, n&rsquo;h\u00e9sitez pas \u00e0 me contacter via le formulaire de contact ou par mail \u00e0 contact@manawea.com<\/p>\n","protected":false},"author":1,"featured_media":0,"parent":0,"menu_order":0,"comment_status":"closed","ping_status":"closed","template":"page-templates\/narrow-width.php","meta":[],"yoast_head":"<!-- This site is optimized with the Yoast SEO plugin v21.6 - https:\/\/yoast.com\/wordpress\/plugins\/seo\/ -->\n<title>Questions fr\u00e9quentes &#8226; Manawea<\/title>\n<meta name=\"robots\" content=\"index, follow, max-snippet:-1, max-image-preview:large, max-video-preview:-1\" \/>\n<link rel=\"canonical\" href=\"https:\/\/manawea.com\/index.php\/faq\/\" \/>\n<meta property=\"og:locale\" content=\"fr_FR\" \/>\n<meta property=\"og:type\" content=\"article\" \/>\n<meta property=\"og:title\" content=\"Questions fr\u00e9quentes &#8226; Manawea\" \/>\n<meta property=\"og:description\" content=\"Vous trouverez ici les r\u00e9ponses aux questions les plus fr\u00e9quentes. Si n\u00e9anmoins vous ne trouvez pas la r\u00e9ponse \u00e0 votre question, n&#039;h\u00e9sitez pas \u00e0 me contacter via le formulaire de contact ou par mail \u00e0 contact@manawea.com\" \/>\n<meta property=\"og:url\" content=\"https:\/\/manawea.com\/index.php\/faq\/\" \/>\n<meta property=\"og:site_name\" content=\"Manawea\" \/>\n<meta property=\"article:publisher\" content=\"https:\/\/www.facebook.com\/manaweamacrame\/\" \/>\n<meta property=\"article:modified_time\" content=\"2017-12-23T12:00:17+00:00\" \/>\n<meta name=\"twitter:card\" content=\"summary_large_image\" \/>\n<script type=\"application\/ld+json\" class=\"yoast-schema-graph\">{\"@context\":\"https:\/\/schema.org\",\"@graph\":[{\"@type\":\"WebPage\",\"@id\":\"https:\/\/manawea.com\/index.php\/faq\/\",\"url\":\"https:\/\/manawea.com\/index.php\/faq\/\",\"name\":\"Questions fr\u00e9quentes &#8226; Manawea\",\"isPartOf\":{\"@id\":\"https:\/\/manawea.com\/#website\"},\"datePublished\":\"2016-01-25T02:37:12+00:00\",\"dateModified\":\"2017-12-23T12:00:17+00:00\",\"breadcrumb\":{\"@id\":\"https:\/\/manawea.com\/index.php\/faq\/#breadcrumb\"},\"inLanguage\":\"fr-FR\",\"potentialAction\":[{\"@type\":\"ReadAction\",\"target\":[\"https:\/\/manawea.com\/index.php\/faq\/\"]}]},{\"@type\":\"BreadcrumbList\",\"@id\":\"https:\/\/manawea.com\/index.php\/faq\/#breadcrumb\",\"itemListElement\":[{\"@type\":\"ListItem\",\"position\":1,\"name\":\"Accueil\",\"item\":\"https:\/\/manawea.com\/\"},{\"@type\":\"ListItem\",\"position\":2,\"name\":\"Questions fr\u00e9quentes\"}]},{\"@type\":\"WebSite\",\"@id\":\"https:\/\/manawea.com\/#website\",\"url\":\"https:\/\/manawea.com\/\",\"name\":\"Manawea Macram\u00e9s po\u00e9tiques\",\"description\":\"D\u00e9coration en laiton et macram\u00e9\",\"publisher\":{\"@id\":\"https:\/\/manawea.com\/#organization\"},\"potentialAction\":[{\"@type\":\"SearchAction\",\"target\":{\"@type\":\"EntryPoint\",\"urlTemplate\":\"https:\/\/manawea.com\/?s={search_term_string}\"},\"query-input\":\"required name=search_term_string\"}],\"inLanguage\":\"fr-FR\"},{\"@type\":\"Organization\",\"@id\":\"https:\/\/manawea.com\/#organization\",\"name\":\"manawea\",\"url\":\"https:\/\/manawea.com\/\",\"logo\":{\"@type\":\"ImageObject\",\"inLanguage\":\"fr-FR\",\"@id\":\"https:\/\/manawea.com\/#\/schema\/logo\/image\/\",\"url\":\"https:\/\/manawea.com\/wp-content\/uploads\/2018\/04\/logo.jpg\",\"contentUrl\":\"https:\/\/manawea.com\/wp-content\/uploads\/2018\/04\/logo.jpg\",\"width\":2341,\"height\":2485,\"caption\":\"manawea\"},\"image\":{\"@id\":\"https:\/\/manawea.com\/#\/schema\/logo\/image\/\"},\"sameAs\":[\"https:\/\/www.facebook.com\/manaweamacrame\/\",\"https:\/\/www.instagram.com\/_manawea\/\"]}]}<\/script>\n<!-- \/ Yoast SEO plugin. -->","yoast_head_json":{"title":"Questions fr\u00e9quentes &#8226; Manawea","robots":{"index":"index","follow":"follow","max-snippet":"max-snippet:-1","max-image-preview":"max-image-preview:large","max-video-preview":"max-video-preview:-1"},"canonical":"https:\/\/manawea.com\/index.php\/faq\/","og_locale":"fr_FR","og_type":"article","og_title":"Questions fr\u00e9quentes &#8226; Manawea","og_description":"Vous trouverez ici les r\u00e9ponses aux questions les plus fr\u00e9quentes. Si n\u00e9anmoins vous ne trouvez pas la r\u00e9ponse \u00e0 votre question, n'h\u00e9sitez pas \u00e0 me contacter via le formulaire de contact ou par mail \u00e0 contact@manawea.com","og_url":"https:\/\/manawea.com\/index.php\/faq\/","og_site_name":"Manawea","article_publisher":"https:\/\/www.facebook.com\/manaweamacrame\/","article_modified_time":"2017-12-23T12:00:17+00:00","twitter_card":"summary_large_image","schema":{"@context":"https:\/\/schema.org","@graph":[{"@type":"WebPage","@id":"https:\/\/manawea.com\/index.php\/faq\/","url":"https:\/\/manawea.com\/index.php\/faq\/","name":"Questions fr\u00e9quentes &#8226; Manawea","isPartOf":{"@id":"https:\/\/manawea.com\/#website"},"datePublished":"2016-01-25T02:37:12+00:00","dateModified":"2017-12-23T12:00:17+00:00","breadcrumb":{"@id":"https:\/\/manawea.com\/index.php\/faq\/#breadcrumb"},"inLanguage":"fr-FR","potentialAction":[{"@type":"ReadAction","target":["https:\/\/manawea.com\/index.php\/faq\/"]}]},{"@type":"BreadcrumbList","@id":"https:\/\/manawea.com\/index.php\/faq\/#breadcrumb","itemListElement":[{"@type":"ListItem","position":1,"name":"Accueil","item":"https:\/\/manawea.com\/"},{"@type":"ListItem","position":2,"name":"Questions fr\u00e9quentes"}]},{"@type":"WebSite","@id":"https:\/\/manawea.com\/#website","url":"https:\/\/manawea.com\/","name":"Manawea Macram\u00e9s po\u00e9tiques","description":"D\u00e9coration en laiton et macram\u00e9","publisher":{"@id":"https:\/\/manawea.com\/#organization"},"potentialAction":[{"@type":"SearchAction","target":{"@type":"EntryPoint","urlTemplate":"https:\/\/manawea.com\/?s={search_term_string}"},"query-input":"required name=search_term_string"}],"inLanguage":"fr-FR"},{"@type":"Organization","@id":"https:\/\/manawea.com\/#organization","name":"manawea","url":"https:\/\/manawea.com\/","logo":{"@type":"ImageObject","inLanguage":"fr-FR","@id":"https:\/\/manawea.com\/#\/schema\/logo\/image\/","url":"https:\/\/manawea.com\/wp-content\/uploads\/2018\/04\/logo.jpg","contentUrl":"https:\/\/manawea.com\/wp-content\/uploads\/2018\/04\/logo.jpg","width":2341,"height":2485,"caption":"manawea"},"image":{"@id":"https:\/\/manawea.com\/#\/schema\/logo\/image\/"},"sameAs":["https:\/\/www.facebook.com\/manaweamacrame\/","https:\/\/www.instagram.com\/_manawea\/"]}]}},"_links":{"self":[{"href":"https:\/\/manawea.com\/index.php\/wp-json\/wp\/v2\/pages\/504"}],"collection":[{"href":"https:\/\/manawea.com\/index.php\/wp-json\/wp\/v2\/pages"}],"about":[{"href":"https:\/\/manawea.com\/index.php\/wp-json\/wp\/v2\/types\/page"}],"author":[{"embeddable":true,"href":"https:\/\/manawea.com\/index.php\/wp-json\/wp\/v2\/users\/1"}],"replies":[{"embeddable":true,"href":"https:\/\/manawea.com\/index.php\/wp-json\/wp\/v2\/comments?post=504"}],"version-history":[{"count":11,"href":"https:\/\/manawea.com\/index.php\/wp-json\/wp\/v2\/pages\/504\/revisions"}],"predecessor-version":[{"id":1046,"href":"https:\/\/manawea.com\/index.php\/wp-json\/wp\/v2\/pages\/504\/revisions\/1046"}],"wp:attachment":[{"href":"https:\/\/manawea.com\/index.php\/wp-json\/wp\/v2\/media?parent=504"}],"curies":[{"name":"wp","href":"https:\/\/api.w.org\/{rel}","templated":true}]}}