{"id":505,"date":"2016-01-25T02:53:27","date_gmt":"2016-01-25T01:53:27","guid":{"rendered":"http:\/\/singlestroke.io\/demo\/primrose-wp\/?page_id=228"},"modified":"2020-02-13T10:37:43","modified_gmt":"2020-02-13T09:37:43","slug":"a-propos","status":"publish","type":"page","link":"https:\/\/manawea.com\/index.php\/a-propos\/","title":{"rendered":"A propos"},"content":{"rendered":"<div id=\"pl-505\"  class=\"panel-layout\" ><div id=\"pg-505-0\"  class=\"panel-grid panel-no-style\" ><div id=\"pgc-505-0-0\"  class=\"panel-grid-cell\" ><div id=\"panel-505-0-0-0\" class=\"so-panel widget widget_primrose-sow-divider panel-first-child panel-last-child\" data-index=\"0\" ><div\n\t\t\t\n\t\t\tclass=\"so-widget-primrose-sow-divider so-widget-primrose-sow-divider-default-d75171398898-505\"\n\t\t\t\n\t\t><hr class=\"primrose-sow-divider\" \/><\/div><\/div><\/div><\/div><div id=\"pg-505-1\"  class=\"panel-grid panel-has-style\" ><div class=\"panel-row-style panel-row-style-for-505-1\" ><div id=\"pgc-505-1-0\"  class=\"panel-grid-cell\" ><div id=\"panel-505-1-0-0\" class=\"so-panel widget widget_primrose-sow-heading panel-first-child\" data-index=\"1\" ><div\n\t\t\t\n\t\t\tclass=\"so-widget-primrose-sow-heading so-widget-primrose-sow-heading-default-d75171398898-505\"\n\t\t\t\n\t\t><h2 class=\"primrose-sow-heading primrose-sow-alignment-left\">Bienvenue dans mon univers <\/h2><\/div><\/div><div id=\"panel-505-1-0-1\" class=\"so-panel widget widget_sow-editor panel-last-child\" data-index=\"2\" ><div\n\t\t\t\n\t\t\tclass=\"so-widget-sow-editor so-widget-sow-editor-base\"\n\t\t\t\n\t\t>\n<div class=\"siteorigin-widget-tinymce textwidget\">\n\t<p class=\"about-story text-gray-lighter prose\" data-region=\"about-story\"><span class=\"mt-xs-1 text-gray-lighter\" data-key=\"story\" data-endpoint=\"AboutPost\" data-inplace-editable-text=\"story\" data-placeholder=\"Comment avez-vous d\u00e9marr\u00e9\u00a0? Qu'est-ce qui vous inspire\u00a0? Nous savons que chaque vendeur a une histoire unique\u00a0- racontez la v\u00f4tre ici.\">Je suis\u00a0Morgane, cr\u00e9atrice de Manawea \u2013 j\u2019utilise et modernise\u00a0la technique du macram\u00e9 pour embellir nos int\u00e9rieurs.<\/span><\/p>\n<p>Manawea est n\u00e9 de ma passion pour la cr\u00e9ation et les fibres naturelles, je vous propose dans cette boutique des macram\u00e9s uniques, tous nou\u00e9s par mes 10 doigts avec de la corde de coton de grande qualit\u00e9. Mes macram\u00e9s sont inspir\u00e9s par le style moderne et boh\u00e8me.<\/p>\n<p>N'h\u00e9sitez pas \u00e0 me contacter si vous souhaitez une pi\u00e8ce personnalis\u00e9e ou pour une collaboration.<\/p>\n<p>Si vous voulez en voir plus sur mon travail, retrouvez moi sur mon compte Instagram: <a href=\"https:\/\/www.instagram.com\/_manawea\/\" target=\"_blank\" rel=\"noopener\">@_manawea<\/a><\/p>\n<p class=\"about-story text-gray-lighter prose\" data-region=\"about-story\"><span class=\"mt-xs-1 text-gray-lighter\" data-key=\"story\" data-endpoint=\"AboutPost\" data-inplace-editable-text=\"story\" data-placeholder=\"Comment avez-vous d\u00e9marr\u00e9\u00a0? Qu'est-ce qui vous inspire\u00a0? Nous savons que chaque vendeur a une histoire unique\u00a0- racontez la v\u00f4tre ici.\"><br \/>\nMerci\u00a0 de votre visite et de votre int\u00e9r\u00eat pour mes cr\u00e9ations.<\/span><\/p>\n<\/div>\n<\/div><\/div><\/div><div id=\"pgc-505-1-1\"  class=\"panel-grid-cell\" ><div id=\"panel-505-1-1-0\" class=\"so-panel widget widget_sow-image panel-first-child panel-last-child\" data-index=\"3\" ><div\n\t\t\t\n\t\t\tclass=\"so-widget-sow-image so-widget-sow-image-default-dbf295114b96-505\"\n\t\t\t\n\t\t>\n\n<div class=\"sow-image-container\">\n\t\t<img src=\"https:\/\/manawea.com\/wp-content\/uploads\/2020\/02\/macrame-deco-folk-scaled.jpg\" width=\"1903\" height=\"2560\" srcset=\"https:\/\/manawea.com\/wp-content\/uploads\/2020\/02\/macrame-deco-folk-scaled.jpg 1903w, https:\/\/manawea.com\/wp-content\/uploads\/2020\/02\/macrame-deco-folk-480x646.jpg 480w, https:\/\/manawea.com\/wp-content\/uploads\/2020\/02\/macrame-deco-folk-1080x1453.jpg 1080w, https:\/\/manawea.com\/wp-content\/uploads\/2020\/02\/macrame-deco-folk-581x782.jpg 581w, https:\/\/manawea.com\/wp-content\/uploads\/2020\/02\/macrame-deco-folk-761x1024.jpg 761w, https:\/\/manawea.com\/wp-content\/uploads\/2020\/02\/macrame-deco-folk-768x1033.jpg 768w, https:\/\/manawea.com\/wp-content\/uploads\/2020\/02\/macrame-deco-folk-1142x1536.jpg 1142w, https:\/\/manawea.com\/wp-content\/uploads\/2020\/02\/macrame-deco-folk-1523x2048.jpg 1523w\" sizes=\"(max-width: 1903px) 100vw, 1903px\" title=\"macrame-deco-folk\" alt=\"macrame decoration kinfolk\" loading=\"lazy\" \t\tclass=\"so-widget-image\"\/>\n\t<\/div>\n\n<\/div><\/div><\/div><\/div><\/div><div id=\"pg-505-2\"  class=\"panel-grid panel-no-style\" ><div id=\"pgc-505-2-0\"  class=\"panel-grid-cell panel-grid-cell-empty\" ><\/div><\/div><div id=\"pg-505-3\"  class=\"panel-grid panel-no-style\" ><div id=\"pgc-505-3-0\"  class=\"panel-grid-cell\" ><div id=\"panel-505-3-0-0\" class=\"so-panel widget widget_primrose-sow-divider panel-first-child panel-last-child\" data-index=\"4\" ><div\n\t\t\t\n\t\t\tclass=\"so-widget-primrose-sow-divider so-widget-primrose-sow-divider-default-d75171398898-505\"\n\t\t\t\n\t\t><hr class=\"primrose-sow-divider\" \/><\/div><\/div><\/div><\/div><div id=\"pg-505-4\"  class=\"panel-grid panel-has-style\" ><div class=\"panel-row-style panel-row-style-for-505-4\" ><div id=\"pgc-505-4-0\"  class=\"panel-grid-cell panel-grid-cell-empty\" ><\/div><div id=\"pgc-505-4-1\"  class=\"panel-grid-cell panel-grid-cell-mobile-last\" ><div id=\"panel-505-4-1-0\" class=\"so-panel widget widget_primrose-sow-quotes panel-first-child panel-last-child\" data-index=\"5\" ><div\n\t\t\t\n\t\t\tclass=\"so-widget-primrose-sow-quotes so-widget-primrose-sow-quotes-default-d75171398898-505\"\n\t\t\t\n\t\t>\t<div class=\"primrose-sow-quotes align-center slick\" data-autoplay=\"5000\">\r\n\t\t\t\t\t<div class=\"primrose-sow-quote\">\r\n\t\t\t\t<div class=\"primrose-sow-quote-text\">Les jolies choses se font avec beaucoup d'amour et de patience<\/div>\r\n\t\t\t\t\t\t\t<\/div><!-- .primrose-sow-quotes-item -->\r\n\t\t\t\t\t<div class=\"primrose-sow-quote\">\r\n\t\t\t\t<div class=\"primrose-sow-quote-text\">La cr\u00e9ativit\u00e9 c'est l'intelligence qui s'amuse ! <\/div>\r\n\t\t\t\t\t\t\t\t\t<div class=\"primrose-sow-quote-name\">-Einstein<\/div>\r\n\t\t\t\t\t\t\t<\/div><!-- .primrose-sow-quotes-item -->\r\n\t\t\t<\/div><!-- .primrose-sow-quotes -->\r\n<\/div><\/div><\/div><div id=\"pgc-505-4-2\"  class=\"panel-grid-cell panel-grid-cell-empty\" ><\/div><\/div><\/div><div id=\"pg-505-5\"  class=\"panel-grid panel-no-style\" ><div id=\"pgc-505-5-0\"  class=\"panel-grid-cell\" ><div id=\"panel-505-5-0-0\" class=\"so-panel widget widget_primrose-sow-divider panel-first-child panel-last-child\" data-index=\"6\" ><div\n\t\t\t\n\t\t\tclass=\"so-widget-primrose-sow-divider so-widget-primrose-sow-divider-default-d75171398898-505\"\n\t\t\t\n\t\t><hr class=\"primrose-sow-divider\" \/><\/div><\/div><\/div><\/div><\/div>","protected":false},"excerpt":{"rendered":"<p>Je suis\u00a0Morgane, cr\u00e9atrice de Manawea \u2013 j\u2019utilise et modernise\u00a0la technique du macram\u00e9 pour embellir nos int\u00e9rieurs. Manawea est n\u00e9 de ma passion pour la cr\u00e9ation et les fibres naturelles, je vous propose dans cette boutique des macram\u00e9s uniques, tous nou\u00e9s par mes 10 doigts avec de la corde de coton de grande qualit\u00e9. Mes macram\u00e9s [&hellip;]<\/p>\n","protected":false},"author":1,"featured_media":0,"parent":0,"menu_order":0,"comment_status":"closed","ping_status":"closed","template":"page-templates\/full-width.php","meta":[],"yoast_head":"<!-- This site is optimized with the Yoast SEO plugin v21.6 - https:\/\/yoast.com\/wordpress\/plugins\/seo\/ -->\n<title>A propos &#8226; Manawea<\/title>\n<meta name=\"robots\" content=\"index, follow, max-snippet:-1, max-image-preview:large, max-video-preview:-1\" \/>\n<link rel=\"canonical\" href=\"https:\/\/manawea.com\/index.php\/a-propos\/\" \/>\n<meta property=\"og:locale\" content=\"fr_FR\" \/>\n<meta property=\"og:type\" content=\"article\" \/>\n<meta property=\"og:title\" content=\"A propos &#8226; Manawea\" \/>\n<meta property=\"og:description\" content=\"Je suis\u00a0Morgane, cr\u00e9atrice de Manawea \u2013 j\u2019utilise et modernise\u00a0la technique du macram\u00e9 pour embellir nos int\u00e9rieurs. Manawea est n\u00e9 de ma passion pour la cr\u00e9ation et les fibres naturelles, je vous propose dans cette boutique des macram\u00e9s uniques, tous nou\u00e9s par mes 10 doigts avec de la corde de coton de grande qualit\u00e9. Mes macram\u00e9s [&hellip;]\" \/>\n<meta property=\"og:url\" content=\"https:\/\/manawea.com\/index.php\/a-propos\/\" \/>\n<meta property=\"og:site_name\" content=\"Manawea\" \/>\n<meta property=\"article:publisher\" content=\"https:\/\/www.facebook.com\/manaweamacrame\/\" \/>\n<meta property=\"article:modified_time\" content=\"2020-02-13T09:37:43+00:00\" \/>\n<meta name=\"twitter:card\" content=\"summary_large_image\" \/>\n<meta name=\"twitter:label1\" content=\"Dur\u00e9e de lecture estim\u00e9e\" \/>\n\t<meta name=\"twitter:data1\" content=\"1 minute\" \/>\n<script type=\"application\/ld+json\" class=\"yoast-schema-graph\">{\"@context\":\"https:\/\/schema.org\",\"@graph\":[{\"@type\":\"WebPage\",\"@id\":\"https:\/\/manawea.com\/index.php\/a-propos\/\",\"url\":\"https:\/\/manawea.com\/index.php\/a-propos\/\",\"name\":\"A propos &#8226; Manawea\",\"isPartOf\":{\"@id\":\"https:\/\/manawea.com\/#website\"},\"datePublished\":\"2016-01-25T01:53:27+00:00\",\"dateModified\":\"2020-02-13T09:37:43+00:00\",\"breadcrumb\":{\"@id\":\"https:\/\/manawea.com\/index.php\/a-propos\/#breadcrumb\"},\"inLanguage\":\"fr-FR\",\"potentialAction\":[{\"@type\":\"ReadAction\",\"target\":[\"https:\/\/manawea.com\/index.php\/a-propos\/\"]}]},{\"@type\":\"BreadcrumbList\",\"@id\":\"https:\/\/manawea.com\/index.php\/a-propos\/#breadcrumb\",\"itemListElement\":[{\"@type\":\"ListItem\",\"position\":1,\"name\":\"Accueil\",\"item\":\"https:\/\/manawea.com\/\"},{\"@type\":\"ListItem\",\"position\":2,\"name\":\"A propos\"}]},{\"@type\":\"WebSite\",\"@id\":\"https:\/\/manawea.com\/#website\",\"url\":\"https:\/\/manawea.com\/\",\"name\":\"Manawea Macram\u00e9s po\u00e9tiques\",\"description\":\"D\u00e9coration en laiton et macram\u00e9\",\"publisher\":{\"@id\":\"https:\/\/manawea.com\/#organization\"},\"potentialAction\":[{\"@type\":\"SearchAction\",\"target\":{\"@type\":\"EntryPoint\",\"urlTemplate\":\"https:\/\/manawea.com\/?s={search_term_string}\"},\"query-input\":\"required name=search_term_string\"}],\"inLanguage\":\"fr-FR\"},{\"@type\":\"Organization\",\"@id\":\"https:\/\/manawea.com\/#organization\",\"name\":\"manawea\",\"url\":\"https:\/\/manawea.com\/\",\"logo\":{\"@type\":\"ImageObject\",\"inLanguage\":\"fr-FR\",\"@id\":\"https:\/\/manawea.com\/#\/schema\/logo\/image\/\",\"url\":\"https:\/\/manawea.com\/wp-content\/uploads\/2018\/04\/logo.jpg\",\"contentUrl\":\"https:\/\/manawea.com\/wp-content\/uploads\/2018\/04\/logo.jpg\",\"width\":2341,\"height\":2485,\"caption\":\"manawea\"},\"image\":{\"@id\":\"https:\/\/manawea.com\/#\/schema\/logo\/image\/\"},\"sameAs\":[\"https:\/\/www.facebook.com\/manaweamacrame\/\",\"https:\/\/www.instagram.com\/_manawea\/\"]}]}<\/script>\n<!-- \/ Yoast SEO plugin. -->","yoast_head_json":{"title":"A propos &#8226; Manawea","robots":{"index":"index","follow":"follow","max-snippet":"max-snippet:-1","max-image-preview":"max-image-preview:large","max-video-preview":"max-video-preview:-1"},"canonical":"https:\/\/manawea.com\/index.php\/a-propos\/","og_locale":"fr_FR","og_type":"article","og_title":"A propos &#8226; Manawea","og_description":"Je suis\u00a0Morgane, cr\u00e9atrice de Manawea \u2013 j\u2019utilise et modernise\u00a0la technique du macram\u00e9 pour embellir nos int\u00e9rieurs. Manawea est n\u00e9 de ma passion pour la cr\u00e9ation et les fibres naturelles, je vous propose dans cette boutique des macram\u00e9s uniques, tous nou\u00e9s par mes 10 doigts avec de la corde de coton de grande qualit\u00e9. Mes macram\u00e9s [&hellip;]","og_url":"https:\/\/manawea.com\/index.php\/a-propos\/","og_site_name":"Manawea","article_publisher":"https:\/\/www.facebook.com\/manaweamacrame\/","article_modified_time":"2020-02-13T09:37:43+00:00","twitter_card":"summary_large_image","twitter_misc":{"Dur\u00e9e de lecture estim\u00e9e":"1 minute"},"schema":{"@context":"https:\/\/schema.org","@graph":[{"@type":"WebPage","@id":"https:\/\/manawea.com\/index.php\/a-propos\/","url":"https:\/\/manawea.com\/index.php\/a-propos\/","name":"A propos &#8226; Manawea","isPartOf":{"@id":"https:\/\/manawea.com\/#website"},"datePublished":"2016-01-25T01:53:27+00:00","dateModified":"2020-02-13T09:37:43+00:00","breadcrumb":{"@id":"https:\/\/manawea.com\/index.php\/a-propos\/#breadcrumb"},"inLanguage":"fr-FR","potentialAction":[{"@type":"ReadAction","target":["https:\/\/manawea.com\/index.php\/a-propos\/"]}]},{"@type":"BreadcrumbList","@id":"https:\/\/manawea.com\/index.php\/a-propos\/#breadcrumb","itemListElement":[{"@type":"ListItem","position":1,"name":"Accueil","item":"https:\/\/manawea.com\/"},{"@type":"ListItem","position":2,"name":"A propos"}]},{"@type":"WebSite","@id":"https:\/\/manawea.com\/#website","url":"https:\/\/manawea.com\/","name":"Manawea Macram\u00e9s po\u00e9tiques","description":"D\u00e9coration en laiton et macram\u00e9","publisher":{"@id":"https:\/\/manawea.com\/#organization"},"potentialAction":[{"@type":"SearchAction","target":{"@type":"EntryPoint","urlTemplate":"https:\/\/manawea.com\/?s={search_term_string}"},"query-input":"required name=search_term_string"}],"inLanguage":"fr-FR"},{"@type":"Organization","@id":"https:\/\/manawea.com\/#organization","name":"manawea","url":"https:\/\/manawea.com\/","logo":{"@type":"ImageObject","inLanguage":"fr-FR","@id":"https:\/\/manawea.com\/#\/schema\/logo\/image\/","url":"https:\/\/manawea.com\/wp-content\/uploads\/2018\/04\/logo.jpg","contentUrl":"https:\/\/manawea.com\/wp-content\/uploads\/2018\/04\/logo.jpg","width":2341,"height":2485,"caption":"manawea"},"image":{"@id":"https:\/\/manawea.com\/#\/schema\/logo\/image\/"},"sameAs":["https:\/\/www.facebook.com\/manaweamacrame\/","https:\/\/www.instagram.com\/_manawea\/"]}]}},"_links":{"self":[{"href":"https:\/\/manawea.com\/index.php\/wp-json\/wp\/v2\/pages\/505"}],"collection":[{"href":"https:\/\/manawea.com\/index.php\/wp-json\/wp\/v2\/pages"}],"about":[{"href":"https:\/\/manawea.com\/index.php\/wp-json\/wp\/v2\/types\/page"}],"author":[{"embeddable":true,"href":"https:\/\/manawea.com\/index.php\/wp-json\/wp\/v2\/users\/1"}],"replies":[{"embeddable":true,"href":"https:\/\/manawea.com\/index.php\/wp-json\/wp\/v2\/comments?post=505"}],"version-history":[{"count":24,"href":"https:\/\/manawea.com\/index.php\/wp-json\/wp\/v2\/pages\/505\/revisions"}],"predecessor-version":[{"id":1851,"href":"https:\/\/manawea.com\/index.php\/wp-json\/wp\/v2\/pages\/505\/revisions\/1851"}],"wp:attachment":[{"href":"https:\/\/manawea.com\/index.php\/wp-json\/wp\/v2\/media?parent=505"}],"curies":[{"name":"wp","href":"https:\/\/api.w.org\/{rel}","templated":true}]}}