{"id":81,"date":"2016-12-30T00:20:34","date_gmt":"2016-12-29T23:20:34","guid":{"rendered":"http:\/\/manawea.com\/?page_id=81"},"modified":"2020-02-13T14:32:29","modified_gmt":"2020-02-13T13:32:29","slug":"macrame-sur-mesure","status":"publish","type":"page","link":"https:\/\/manawea.com\/index.php\/macrame-sur-mesure\/","title":{"rendered":"SUR MESURE"},"content":{"rendered":"<div id=\"pl-81\"  class=\"panel-layout\" ><div id=\"pg-81-0\"  class=\"panel-grid panel-no-style\" ><div id=\"pgc-81-0-0\"  class=\"panel-grid-cell\" ><div id=\"panel-81-0-0-0\" class=\"so-panel widget widget_sow-editor panel-first-child panel-last-child\" data-index=\"0\" ><div\n\t\t\t\n\t\t\tclass=\"so-widget-sow-editor so-widget-sow-editor-base\"\n\t\t\t\n\t\t>\n<div class=\"siteorigin-widget-tinymce textwidget\">\n\t<p style=\"text-align: center;\">Si vous ne trouvez pas la <strong>cr\u00e9ation qui vous ressemble<\/strong> ou si vous avez une <strong>id\u00e9e pr\u00e9cise<\/strong> de ce que vous voulez, vous \u00eates au bon endroit!<\/p>\n<p><\/p>\n<p style=\"text-align: center;\">Je serais ravie de cr\u00e9er une pi\u00e8ce personnalis\u00e9e pour votre maison, votre entreprise, ou vos \u00e9v\u00e8nements.<br \/>\nNous pourrons discuter ensemble de votre projet afin de cr\u00e9er une pi\u00e8ce unique et sur mesure qui r\u00e9pond \u00e0 vos envies (couleurs, style), \u00e0 vos propres dimensions et qui respecte votre budget.<\/p>\n<p><\/p>\n<p style=\"text-align: center;\">Voici quelques projets que j'ai pu r\u00e9aliser dans\u00a0le pass\u00e9:<\/p>\n<\/div>\n<\/div><\/div><\/div><\/div><div id=\"pg-81-1\"  class=\"panel-grid panel-no-style\" ><div id=\"pgc-81-1-0\"  class=\"panel-grid-cell panel-grid-cell-empty\" ><\/div><div id=\"pgc-81-1-1\"  class=\"panel-grid-cell panel-grid-cell-mobile-last\" ><div id=\"panel-81-1-1-0\" class=\"so-panel widget widget_sow-image panel-first-child panel-last-child\" data-index=\"1\" ><div\n\t\t\t\n\t\t\tclass=\"so-widget-sow-image so-widget-sow-image-default-c67d20f9f743-81\"\n\t\t\t\n\t\t>\n\n<div class=\"sow-image-container\">\n\t\t\t<a href=\"http:\/\/manawea.com\/index.php\/arche-en-macrame-decoration-devenements\/\"\n\t\t\t\t\t>\n\t\t\t<img src=\"https:\/\/manawea.com\/wp-content\/uploads\/2018\/06\/arty-photos-photographe-de-mariage-en-auvergne_135-scaled.jpg\" width=\"481\" height=\"782\" srcset=\"https:\/\/manawea.com\/wp-content\/uploads\/2018\/06\/arty-photos-photographe-de-mariage-en-auvergne_135-scaled.jpg 1576w, https:\/\/manawea.com\/wp-content\/uploads\/2018\/06\/arty-photos-photographe-de-mariage-en-auvergne_135-480x780.jpg 480w, https:\/\/manawea.com\/wp-content\/uploads\/2018\/06\/arty-photos-photographe-de-mariage-en-auvergne_135-1080x1755.jpg 1080w, https:\/\/manawea.com\/wp-content\/uploads\/2018\/06\/arty-photos-photographe-de-mariage-en-auvergne_135-481x782.jpg 481w, https:\/\/manawea.com\/wp-content\/uploads\/2018\/06\/arty-photos-photographe-de-mariage-en-auvergne_135-768x1248.jpg 768w, https:\/\/manawea.com\/wp-content\/uploads\/2018\/06\/arty-photos-photographe-de-mariage-en-auvergne_135-630x1024.jpg 630w\" sizes=\"(max-width: 481px) 100vw, 481px\" title=\"Arche macram\u00e9 Wild &amp; Folk\" alt=\"Arche en macram\u00e9 mariage boh\u00e8me\" loading=\"lazy\" \t\tclass=\"so-widget-image\"\/>\n\t<\/a><\/div>\n\n<\/div><\/div><\/div><div id=\"pgc-81-1-2\"  class=\"panel-grid-cell panel-grid-cell-empty\" ><\/div><\/div><div id=\"pg-81-2\"  class=\"panel-grid panel-no-style\" ><div id=\"pgc-81-2-0\"  class=\"panel-grid-cell\" ><div id=\"panel-81-2-0-0\" class=\"so-panel widget widget_sow-editor panel-first-child panel-last-child\" data-index=\"2\" ><div\n\t\t\t\n\t\t\tclass=\"so-widget-sow-editor so-widget-sow-editor-base\"\n\t\t\t\n\t\t><h3 class=\"widget-title\">Les diff\u00e9rentes \u00e9tapes de cr\u00e9ation de votre macram\u00e9 sur mesure<\/h3>\n<div class=\"siteorigin-widget-tinymce textwidget\">\n\t<p style=\"text-align: left;\">Nous discutons ensemble de votre projet (d\u00e9finition du style, dimensions et budget) puis je vous propose mes id\u00e9es avec un rapide croquis.<br \/>\nUne fois le projet valid\u00e9, il vous sera demand\u00e9 de r\u00e9gler votre macram\u00e9 avant le passage \u00e0 la cr\u00e9ation.<br \/>\nLe d\u00e9lais de cr\u00e9ation peut varier de 1 \u00e0 5 semaines selon la taille du projet et selon le nombre de commandes en cours.<br \/>\nSi vous en faites la demande, vous pourrez suivre l'avanc\u00e9e du macram\u00e9 et des diff\u00e9rentes \u00e9tapes de cr\u00e9ation en stories instagram (@_manawea).<br \/>\nLorsque votre cr\u00e9ation est finie, je vous envoie les photos pour avoir votre validation. De l\u00e9g\u00e8res modifications pourront \u00eatre apport\u00e9es si vous le d\u00e9sirez.<br \/>\nVotre commande sera ensuite exp\u00e9di\u00e9e avec colissimo, mondial relay ou par transporteur si les dimensions exc\u00e8dent 120cm de long.<\/p>\n<\/div>\n<\/div><\/div><\/div><\/div><div id=\"pg-81-3\"  class=\"panel-grid panel-no-style\" ><div id=\"pgc-81-3-0\"  class=\"panel-grid-cell panel-grid-cell-empty\" ><\/div><div id=\"pgc-81-3-1\"  class=\"panel-grid-cell panel-grid-cell-mobile-last\" ><div id=\"panel-81-3-1-0\" class=\"so-panel widget widget_sow-editor panel-first-child panel-last-child\" data-index=\"3\" ><div class=\"panel-widget-style panel-widget-style-for-81-3-1-0\" ><div\n\t\t\t\n\t\t\tclass=\"so-widget-sow-editor so-widget-sow-editor-base\"\n\t\t\t\n\t\t><h3 class=\"widget-title\">Vous voulez un macram\u00e9 sur mesure?<\/h3>\n<div class=\"siteorigin-widget-tinymce textwidget\">\n\t<p style=\"text-align: center;\">Envoyez moi un message en pr\u00e9cisant vos dimensions, votre budget et le style que vous aimeriez \u00e0 contact@manawea.com.<br \/>\nVous pouvez aussi me joindre des photos de votre int\u00e9rieur pour que je puisse \u00eatre de meilleurs conseils ainsi que des photos d'inspiration.<\/p>\n<p><\/p>\n<p><\/p>\n<\/div>\n<\/div><\/div><\/div><\/div><div id=\"pgc-81-3-2\"  class=\"panel-grid-cell panel-grid-cell-empty\" ><\/div><\/div><div id=\"pg-81-4\"  class=\"panel-grid panel-no-style\" ><div id=\"pgc-81-4-0\"  class=\"panel-grid-cell\" ><div id=\"panel-81-4-0-0\" class=\"so-panel widget widget_siteorigin-panels-builder panel-first-child panel-last-child\" data-index=\"4\" ><div id=\"pl-w5bc3103f1d701\"  class=\"panel-layout\" ><div id=\"pg-w5bc3103f1d701-0\"  class=\"panel-grid panel-has-style\" ><div class=\"panel-row-style panel-row-style-for-w5bc3103f1d701-0\" ><div id=\"pgc-w5bc3103f1d701-0-0\"  class=\"panel-grid-cell\" ><div id=\"panel-w5bc3103f1d701-0-0-0\" class=\"so-panel widget widget_sow-editor panel-first-child panel-last-child\" data-index=\"0\" ><div\n\t\t\t\n\t\t\tclass=\"so-widget-sow-editor so-widget-sow-editor-base\"\n\t\t\t\n\t\t>\n<div class=\"siteorigin-widget-tinymce textwidget\">\n\t<p><span style=\"display: inline !important; float: none; background-color: transparent; color: #333333; cursor: text; font-family: Georgia,'Times New Roman','Bitstream Charter',Times,serif; font-size: 16px; font-style: normal; font-variant: normal; font-weight: 400; letter-spacing: normal; orphans: 2; text-align: left; text-decoration: none; text-indent: 0px; text-transform: none; -webkit-text-stroke-width: 0px; white-space: normal; word-spacing: 0px;\">\n<div class=\"wpcf7 no-js\" id=\"wpcf7-f148-o1\" lang=\"fr-FR\" dir=\"ltr\">\n<div class=\"screen-reader-response\"><p role=\"status\" aria-live=\"polite\" aria-atomic=\"true\"><\/p> <ul><\/ul><\/div>\n<form action=\"\/index.php\/wp-json\/wp\/v2\/pages\/81#wpcf7-f148-o1\" method=\"post\" class=\"wpcf7-form init\" aria-label=\"Formulaire de contact\" novalidate=\"novalidate\" data-status=\"init\">\n<div style=\"display: none;\">\n<input type=\"hidden\" name=\"_wpcf7\" value=\"148\" \/>\n<input type=\"hidden\" name=\"_wpcf7_version\" value=\"5.8.4\" \/>\n<input type=\"hidden\" name=\"_wpcf7_locale\" value=\"fr_FR\" \/>\n<input type=\"hidden\" name=\"_wpcf7_unit_tag\" value=\"wpcf7-f148-o1\" \/>\n<input type=\"hidden\" name=\"_wpcf7_container_post\" value=\"0\" \/>\n<input type=\"hidden\" name=\"_wpcf7_posted_data_hash\" value=\"\" \/>\n<\/div>\n<p><label> Nom<br \/>\n<span class=\"wpcf7-form-control-wrap\" data-name=\"your-name\"><input size=\"40\" class=\"wpcf7-form-control wpcf7-text wpcf7-validates-as-required\" aria-required=\"true\" aria-invalid=\"false\" value=\"\" type=\"text\" name=\"your-name\" \/><\/span> <\/label>\n<\/p>\n<p><label> Email<br \/>\n<span class=\"wpcf7-form-control-wrap\" data-name=\"your-email\"><input size=\"40\" class=\"wpcf7-form-control wpcf7-email wpcf7-validates-as-required wpcf7-text wpcf7-validates-as-email\" aria-required=\"true\" aria-invalid=\"false\" value=\"\" type=\"email\" name=\"your-email\" \/><\/span> <\/label>\n<\/p>\n<p><label> Sujet<br \/>\n<span class=\"wpcf7-form-control-wrap\" data-name=\"your-subject\"><input size=\"40\" class=\"wpcf7-form-control wpcf7-text\" aria-invalid=\"false\" value=\"\" type=\"text\" name=\"your-subject\" \/><\/span> <\/label>\n<\/p>\n<p><label> Message<br \/>\n<span class=\"wpcf7-form-control-wrap\" data-name=\"your-message\"><textarea cols=\"40\" rows=\"10\" class=\"wpcf7-form-control wpcf7-textarea\" aria-invalid=\"false\" name=\"your-message\"><\/textarea><\/span> <\/label>\n<\/p>\n<p><input class=\"wpcf7-form-control wpcf7-submit has-spinner\" type=\"submit\" value=\"Envoyer\" \/>\n<\/p><div class=\"wpcf7-response-output\" aria-hidden=\"true\"><\/div>\n<\/form>\n<\/div>\n<\/span><\/p>\n<\/div>\n<\/div><\/div><\/div><\/div><\/div><\/div><\/div><\/div><\/div><\/div>","protected":false},"excerpt":{"rendered":"<p>Si vous ne trouvez pas la cr\u00e9ation qui vous ressemble ou si vous avez une id\u00e9e pr\u00e9cise de ce que vous voulez, vous \u00eates au bon endroit! &nbsp; Je serais ravie de cr\u00e9er une pi\u00e8ce personnalis\u00e9e pour votre maison, votre entreprise, ou vos \u00e9v\u00e8nements. Nous pourrons discuter ensemble de votre projet afin de cr\u00e9er une [&hellip;]<\/p>\n","protected":false},"author":1,"featured_media":0,"parent":0,"menu_order":0,"comment_status":"closed","ping_status":"closed","template":"page-templates\/narrow-width.php","meta":[],"yoast_head":"<!-- This site is optimized with the Yoast SEO plugin v21.6 - https:\/\/yoast.com\/wordpress\/plugins\/seo\/ -->\n<title>SUR MESURE &#8226; Manawea<\/title>\n<meta name=\"description\" content=\"Vous avez une id\u00e9e pr\u00e9cise de ce que vous voulez? Je peux cr\u00e9er pour vous une pi\u00e8ce en macram\u00e9 sur mesure et unique pour votre maison ou votre \u00e9v\u00e9nement.\" \/>\n<meta name=\"robots\" content=\"index, follow, max-snippet:-1, max-image-preview:large, max-video-preview:-1\" \/>\n<link rel=\"canonical\" href=\"https:\/\/manawea.com\/index.php\/macrame-sur-mesure\/\" \/>\n<meta property=\"og:locale\" content=\"fr_FR\" \/>\n<meta property=\"og:type\" content=\"article\" \/>\n<meta property=\"og:title\" content=\"SUR MESURE &#8226; Manawea\" \/>\n<meta property=\"og:description\" content=\"Vous avez une id\u00e9e pr\u00e9cise de ce que vous voulez? Je peux cr\u00e9er pour vous une pi\u00e8ce en macram\u00e9 sur mesure et unique pour votre maison ou votre \u00e9v\u00e9nement.\" \/>\n<meta property=\"og:url\" content=\"https:\/\/manawea.com\/index.php\/macrame-sur-mesure\/\" \/>\n<meta property=\"og:site_name\" content=\"Manawea\" \/>\n<meta property=\"article:publisher\" content=\"https:\/\/www.facebook.com\/manaweamacrame\/\" \/>\n<meta property=\"article:modified_time\" content=\"2020-02-13T13:32:29+00:00\" \/>\n<meta name=\"twitter:card\" content=\"summary_large_image\" \/>\n<meta name=\"twitter:label1\" content=\"Dur\u00e9e de lecture estim\u00e9e\" \/>\n\t<meta name=\"twitter:data1\" content=\"2 minutes\" \/>\n<script type=\"application\/ld+json\" class=\"yoast-schema-graph\">{\"@context\":\"https:\/\/schema.org\",\"@graph\":[{\"@type\":\"WebPage\",\"@id\":\"https:\/\/manawea.com\/index.php\/macrame-sur-mesure\/\",\"url\":\"https:\/\/manawea.com\/index.php\/macrame-sur-mesure\/\",\"name\":\"SUR MESURE &#8226; Manawea\",\"isPartOf\":{\"@id\":\"https:\/\/manawea.com\/#website\"},\"datePublished\":\"2016-12-29T23:20:34+00:00\",\"dateModified\":\"2020-02-13T13:32:29+00:00\",\"description\":\"Vous avez une id\u00e9e pr\u00e9cise de ce que vous voulez? Je peux cr\u00e9er pour vous une pi\u00e8ce en macram\u00e9 sur mesure et unique pour votre maison ou votre \u00e9v\u00e9nement.\",\"breadcrumb\":{\"@id\":\"https:\/\/manawea.com\/index.php\/macrame-sur-mesure\/#breadcrumb\"},\"inLanguage\":\"fr-FR\",\"potentialAction\":[{\"@type\":\"ReadAction\",\"target\":[\"https:\/\/manawea.com\/index.php\/macrame-sur-mesure\/\"]}]},{\"@type\":\"BreadcrumbList\",\"@id\":\"https:\/\/manawea.com\/index.php\/macrame-sur-mesure\/#breadcrumb\",\"itemListElement\":[{\"@type\":\"ListItem\",\"position\":1,\"name\":\"Accueil\",\"item\":\"https:\/\/manawea.com\/\"},{\"@type\":\"ListItem\",\"position\":2,\"name\":\"SUR MESURE\"}]},{\"@type\":\"WebSite\",\"@id\":\"https:\/\/manawea.com\/#website\",\"url\":\"https:\/\/manawea.com\/\",\"name\":\"Manawea Macram\u00e9s po\u00e9tiques\",\"description\":\"D\u00e9coration en laiton et macram\u00e9\",\"publisher\":{\"@id\":\"https:\/\/manawea.com\/#organization\"},\"potentialAction\":[{\"@type\":\"SearchAction\",\"target\":{\"@type\":\"EntryPoint\",\"urlTemplate\":\"https:\/\/manawea.com\/?s={search_term_string}\"},\"query-input\":\"required name=search_term_string\"}],\"inLanguage\":\"fr-FR\"},{\"@type\":\"Organization\",\"@id\":\"https:\/\/manawea.com\/#organization\",\"name\":\"manawea\",\"url\":\"https:\/\/manawea.com\/\",\"logo\":{\"@type\":\"ImageObject\",\"inLanguage\":\"fr-FR\",\"@id\":\"https:\/\/manawea.com\/#\/schema\/logo\/image\/\",\"url\":\"https:\/\/manawea.com\/wp-content\/uploads\/2018\/04\/logo.jpg\",\"contentUrl\":\"https:\/\/manawea.com\/wp-content\/uploads\/2018\/04\/logo.jpg\",\"width\":2341,\"height\":2485,\"caption\":\"manawea\"},\"image\":{\"@id\":\"https:\/\/manawea.com\/#\/schema\/logo\/image\/\"},\"sameAs\":[\"https:\/\/www.facebook.com\/manaweamacrame\/\",\"https:\/\/www.instagram.com\/_manawea\/\"]}]}<\/script>\n<!-- \/ Yoast SEO plugin. -->","yoast_head_json":{"title":"SUR MESURE &#8226; Manawea","description":"Vous avez une id\u00e9e pr\u00e9cise de ce que vous voulez? Je peux cr\u00e9er pour vous une pi\u00e8ce en macram\u00e9 sur mesure et unique pour votre maison ou votre \u00e9v\u00e9nement.","robots":{"index":"index","follow":"follow","max-snippet":"max-snippet:-1","max-image-preview":"max-image-preview:large","max-video-preview":"max-video-preview:-1"},"canonical":"https:\/\/manawea.com\/index.php\/macrame-sur-mesure\/","og_locale":"fr_FR","og_type":"article","og_title":"SUR MESURE &#8226; Manawea","og_description":"Vous avez une id\u00e9e pr\u00e9cise de ce que vous voulez? Je peux cr\u00e9er pour vous une pi\u00e8ce en macram\u00e9 sur mesure et unique pour votre maison ou votre \u00e9v\u00e9nement.","og_url":"https:\/\/manawea.com\/index.php\/macrame-sur-mesure\/","og_site_name":"Manawea","article_publisher":"https:\/\/www.facebook.com\/manaweamacrame\/","article_modified_time":"2020-02-13T13:32:29+00:00","twitter_card":"summary_large_image","twitter_misc":{"Dur\u00e9e de lecture estim\u00e9e":"2 minutes"},"schema":{"@context":"https:\/\/schema.org","@graph":[{"@type":"WebPage","@id":"https:\/\/manawea.com\/index.php\/macrame-sur-mesure\/","url":"https:\/\/manawea.com\/index.php\/macrame-sur-mesure\/","name":"SUR MESURE &#8226; Manawea","isPartOf":{"@id":"https:\/\/manawea.com\/#website"},"datePublished":"2016-12-29T23:20:34+00:00","dateModified":"2020-02-13T13:32:29+00:00","description":"Vous avez une id\u00e9e pr\u00e9cise de ce que vous voulez? Je peux cr\u00e9er pour vous une pi\u00e8ce en macram\u00e9 sur mesure et unique pour votre maison ou votre \u00e9v\u00e9nement.","breadcrumb":{"@id":"https:\/\/manawea.com\/index.php\/macrame-sur-mesure\/#breadcrumb"},"inLanguage":"fr-FR","potentialAction":[{"@type":"ReadAction","target":["https:\/\/manawea.com\/index.php\/macrame-sur-mesure\/"]}]},{"@type":"BreadcrumbList","@id":"https:\/\/manawea.com\/index.php\/macrame-sur-mesure\/#breadcrumb","itemListElement":[{"@type":"ListItem","position":1,"name":"Accueil","item":"https:\/\/manawea.com\/"},{"@type":"ListItem","position":2,"name":"SUR MESURE"}]},{"@type":"WebSite","@id":"https:\/\/manawea.com\/#website","url":"https:\/\/manawea.com\/","name":"Manawea Macram\u00e9s po\u00e9tiques","description":"D\u00e9coration en laiton et macram\u00e9","publisher":{"@id":"https:\/\/manawea.com\/#organization"},"potentialAction":[{"@type":"SearchAction","target":{"@type":"EntryPoint","urlTemplate":"https:\/\/manawea.com\/?s={search_term_string}"},"query-input":"required name=search_term_string"}],"inLanguage":"fr-FR"},{"@type":"Organization","@id":"https:\/\/manawea.com\/#organization","name":"manawea","url":"https:\/\/manawea.com\/","logo":{"@type":"ImageObject","inLanguage":"fr-FR","@id":"https:\/\/manawea.com\/#\/schema\/logo\/image\/","url":"https:\/\/manawea.com\/wp-content\/uploads\/2018\/04\/logo.jpg","contentUrl":"https:\/\/manawea.com\/wp-content\/uploads\/2018\/04\/logo.jpg","width":2341,"height":2485,"caption":"manawea"},"image":{"@id":"https:\/\/manawea.com\/#\/schema\/logo\/image\/"},"sameAs":["https:\/\/www.facebook.com\/manaweamacrame\/","https:\/\/www.instagram.com\/_manawea\/"]}]}},"_links":{"self":[{"href":"https:\/\/manawea.com\/index.php\/wp-json\/wp\/v2\/pages\/81"}],"collection":[{"href":"https:\/\/manawea.com\/index.php\/wp-json\/wp\/v2\/pages"}],"about":[{"href":"https:\/\/manawea.com\/index.php\/wp-json\/wp\/v2\/types\/page"}],"author":[{"embeddable":true,"href":"https:\/\/manawea.com\/index.php\/wp-json\/wp\/v2\/users\/1"}],"replies":[{"embeddable":true,"href":"https:\/\/manawea.com\/index.php\/wp-json\/wp\/v2\/comments?post=81"}],"version-history":[{"count":54,"href":"https:\/\/manawea.com\/index.php\/wp-json\/wp\/v2\/pages\/81\/revisions"}],"predecessor-version":[{"id":1872,"href":"https:\/\/manawea.com\/index.php\/wp-json\/wp\/v2\/pages\/81\/revisions\/1872"}],"wp:attachment":[{"href":"https:\/\/manawea.com\/index.php\/wp-json\/wp\/v2\/media?parent=81"}],"curies":[{"name":"wp","href":"https:\/\/api.w.org\/{rel}","templated":true}]}}