{"id":1058,"date":"2018-02-14T23:19:20","date_gmt":"2018-02-14T22:19:20","guid":{"rendered":"http:\/\/manawea.com\/?post_type=product&#038;p=1058"},"modified":"2022-12-30T11:00:11","modified_gmt":"2022-12-30T10:00:11","slug":"miroir-rond-en-macrame","status":"publish","type":"product","link":"https:\/\/manawea.com\/index.php\/produit\/miroir-rond-en-macrame\/","title":{"rendered":"Miroir rond en macram\u00e9"},"content":{"rendered":"<p>&#8211; CREATION SUR COMMANDE:<br \/>\nChaque pi\u00e8ce est faite sur commande. Le macram\u00e9 sera reproduit aussi pr\u00e9cis\u00e9ment que possible. Mais la r\u00e9alisation \u00e0 la main fait qu&rsquo;une variation l\u00e9g\u00e8re est in\u00e9vitable. De ce fait, tous les macram\u00e9s sont des pi\u00e8ces uniques.<br \/>\nUn d\u00e9lai de 3 jours de cr\u00e9ation est n\u00e9cessaire pour la cr\u00e9ation de cette pi\u00e8ce. D\u00e8s qu&rsquo;elle sera r\u00e9alis\u00e9e, je l&#8217;emballerai avec soin et l&rsquo;exp\u00e9dierai rapidement. Je ferai de mon mieux pour rendre le temps de traitement aussi court que possible. (Si vous avez un d\u00e9lai \u00e0 respecter, contactez-moi pour que je traite votre commande rapidement).<\/p>\n<p>&#8211; PERSONNALISATION:<br \/>\nSi vous souhaitez une pi\u00e8ce sp\u00e9ciale, je serai ravie d&rsquo;adapter mes cr\u00e9ations \u00e0 vos envies et besoins (dimensions sp\u00e9ciales, motifs diff\u00e9rents, couleurs diff\u00e9rentes\u2026)<br \/>\nSi vous avez des questions, n&rsquo;h\u00e9sitez pas \u00e0 me contacter, j&rsquo;y r\u00e9pondrai avec plaisir.<\/p>\n","protected":false},"excerpt":{"rendered":"<p>Ce miroir rond en macram\u00e9 est r\u00e9alis\u00e9 avec de la corde 100% coton de haute qualit\u00e9.<br \/>\nIl apportera un esprit boh\u00e8me folk et vintage \u00e0 votre d\u00e9coration.<br \/>\nPeut \u00eatre plac\u00e9 seul ou en accumulation, il se marie tr\u00e8s bien avec les miroirs en rotin.<\/p>\n<p>Diam\u00e8tre du macram\u00e9: environ 25 cm<br \/>\nDiam\u00e8tre du miroir: 15cm<\/p>\n","protected":false},"featured_media":1558,"template":"","meta":[],"product_cat":[75],"product_tag":[],"yoast_head":"<!-- This site is optimized with the Yoast SEO plugin v21.6 - https:\/\/yoast.com\/wordpress\/plugins\/seo\/ -->\n<title>Miroir rond en macram\u00e9 &#8226; Manawea<\/title>\n<meta name=\"robots\" content=\"index, follow, max-snippet:-1, max-image-preview:large, max-video-preview:-1\" \/>\n<link rel=\"canonical\" href=\"https:\/\/manawea.com\/index.php\/produit\/miroir-rond-en-macrame\/\" \/>\n<meta property=\"og:locale\" content=\"fr_FR\" \/>\n<meta property=\"og:type\" content=\"article\" \/>\n<meta property=\"og:title\" content=\"Miroir rond en macram\u00e9 &#8226; Manawea\" \/>\n<meta property=\"og:description\" content=\"Ce miroir rond en macram\u00e9 est r\u00e9alis\u00e9 avec de la corde 100% coton de haute qualit\u00e9. Il apportera un esprit boh\u00e8me folk et vintage \u00e0 votre d\u00e9coration. Peut \u00eatre plac\u00e9 seul ou en accumulation, il se marie tr\u00e8s bien avec les miroirs en rotin.  Diam\u00e8tre du macram\u00e9: environ 25 cm Diam\u00e8tre du miroir: 15cm\" \/>\n<meta property=\"og:url\" content=\"https:\/\/manawea.com\/index.php\/produit\/miroir-rond-en-macrame\/\" \/>\n<meta property=\"og:site_name\" content=\"Manawea\" \/>\n<meta property=\"article:publisher\" content=\"https:\/\/www.facebook.com\/manaweamacrame\/\" \/>\n<meta property=\"article:modified_time\" content=\"2022-12-30T10:00:11+00:00\" \/>\n<meta property=\"og:image\" content=\"https:\/\/manawea.com\/wp-content\/uploads\/2018\/02\/miroir-mural-rond-scaled.jpeg\" \/>\n\t<meta property=\"og:image:width\" content=\"2560\" \/>\n\t<meta property=\"og:image:height\" content=\"2560\" \/>\n\t<meta property=\"og:image:type\" content=\"image\/jpeg\" \/>\n<meta name=\"twitter:card\" content=\"summary_large_image\" \/>\n<meta name=\"twitter:label1\" content=\"Dur\u00e9e de lecture estim\u00e9e\" \/>\n\t<meta name=\"twitter:data1\" content=\"1 minute\" \/>\n<script type=\"application\/ld+json\" class=\"yoast-schema-graph\">{\"@context\":\"https:\/\/schema.org\",\"@graph\":[{\"@type\":\"WebPage\",\"@id\":\"https:\/\/manawea.com\/index.php\/produit\/miroir-rond-en-macrame\/\",\"url\":\"https:\/\/manawea.com\/index.php\/produit\/miroir-rond-en-macrame\/\",\"name\":\"Miroir rond en macram\u00e9 &#8226; Manawea\",\"isPartOf\":{\"@id\":\"https:\/\/manawea.com\/#website\"},\"datePublished\":\"2018-02-14T22:19:20+00:00\",\"dateModified\":\"2022-12-30T10:00:11+00:00\",\"breadcrumb\":{\"@id\":\"https:\/\/manawea.com\/index.php\/produit\/miroir-rond-en-macrame\/#breadcrumb\"},\"inLanguage\":\"fr-FR\",\"potentialAction\":[{\"@type\":\"ReadAction\",\"target\":[\"https:\/\/manawea.com\/index.php\/produit\/miroir-rond-en-macrame\/\"]}]},{\"@type\":\"BreadcrumbList\",\"@id\":\"https:\/\/manawea.com\/index.php\/produit\/miroir-rond-en-macrame\/#breadcrumb\",\"itemListElement\":[{\"@type\":\"ListItem\",\"position\":1,\"name\":\"Accueil\",\"item\":\"https:\/\/manawea.com\/\"},{\"@type\":\"ListItem\",\"position\":2,\"name\":\"Boutique\",\"item\":\"https:\/\/manawea.com\/index.php\/shop\/\"},{\"@type\":\"ListItem\",\"position\":3,\"name\":\"Miroir rond en macram\u00e9\"}]},{\"@type\":\"WebSite\",\"@id\":\"https:\/\/manawea.com\/#website\",\"url\":\"https:\/\/manawea.com\/\",\"name\":\"Manawea Macram\u00e9s po\u00e9tiques\",\"description\":\"D\u00e9coration en laiton et macram\u00e9\",\"publisher\":{\"@id\":\"https:\/\/manawea.com\/#organization\"},\"potentialAction\":[{\"@type\":\"SearchAction\",\"target\":{\"@type\":\"EntryPoint\",\"urlTemplate\":\"https:\/\/manawea.com\/?s={search_term_string}\"},\"query-input\":\"required name=search_term_string\"}],\"inLanguage\":\"fr-FR\"},{\"@type\":\"Organization\",\"@id\":\"https:\/\/manawea.com\/#organization\",\"name\":\"manawea\",\"url\":\"https:\/\/manawea.com\/\",\"logo\":{\"@type\":\"ImageObject\",\"inLanguage\":\"fr-FR\",\"@id\":\"https:\/\/manawea.com\/#\/schema\/logo\/image\/\",\"url\":\"https:\/\/manawea.com\/wp-content\/uploads\/2018\/04\/logo.jpg\",\"contentUrl\":\"https:\/\/manawea.com\/wp-content\/uploads\/2018\/04\/logo.jpg\",\"width\":2341,\"height\":2485,\"caption\":\"manawea\"},\"image\":{\"@id\":\"https:\/\/manawea.com\/#\/schema\/logo\/image\/\"},\"sameAs\":[\"https:\/\/www.facebook.com\/manaweamacrame\/\",\"https:\/\/www.instagram.com\/_manawea\/\"]}]}<\/script>\n<!-- \/ Yoast SEO plugin. -->","yoast_head_json":{"title":"Miroir rond en macram\u00e9 &#8226; Manawea","robots":{"index":"index","follow":"follow","max-snippet":"max-snippet:-1","max-image-preview":"max-image-preview:large","max-video-preview":"max-video-preview:-1"},"canonical":"https:\/\/manawea.com\/index.php\/produit\/miroir-rond-en-macrame\/","og_locale":"fr_FR","og_type":"article","og_title":"Miroir rond en macram\u00e9 &#8226; Manawea","og_description":"Ce miroir rond en macram\u00e9 est r\u00e9alis\u00e9 avec de la corde 100% coton de haute qualit\u00e9. Il apportera un esprit boh\u00e8me folk et vintage \u00e0 votre d\u00e9coration. Peut \u00eatre plac\u00e9 seul ou en accumulation, il se marie tr\u00e8s bien avec les miroirs en rotin.  Diam\u00e8tre du macram\u00e9: environ 25 cm Diam\u00e8tre du miroir: 15cm","og_url":"https:\/\/manawea.com\/index.php\/produit\/miroir-rond-en-macrame\/","og_site_name":"Manawea","article_publisher":"https:\/\/www.facebook.com\/manaweamacrame\/","article_modified_time":"2022-12-30T10:00:11+00:00","og_image":[{"width":2560,"height":2560,"url":"https:\/\/manawea.com\/wp-content\/uploads\/2018\/02\/miroir-mural-rond-scaled.jpeg","type":"image\/jpeg"}],"twitter_card":"summary_large_image","twitter_misc":{"Dur\u00e9e de lecture estim\u00e9e":"1 minute"},"schema":{"@context":"https:\/\/schema.org","@graph":[{"@type":"WebPage","@id":"https:\/\/manawea.com\/index.php\/produit\/miroir-rond-en-macrame\/","url":"https:\/\/manawea.com\/index.php\/produit\/miroir-rond-en-macrame\/","name":"Miroir rond en macram\u00e9 &#8226; Manawea","isPartOf":{"@id":"https:\/\/manawea.com\/#website"},"datePublished":"2018-02-14T22:19:20+00:00","dateModified":"2022-12-30T10:00:11+00:00","breadcrumb":{"@id":"https:\/\/manawea.com\/index.php\/produit\/miroir-rond-en-macrame\/#breadcrumb"},"inLanguage":"fr-FR","potentialAction":[{"@type":"ReadAction","target":["https:\/\/manawea.com\/index.php\/produit\/miroir-rond-en-macrame\/"]}]},{"@type":"BreadcrumbList","@id":"https:\/\/manawea.com\/index.php\/produit\/miroir-rond-en-macrame\/#breadcrumb","itemListElement":[{"@type":"ListItem","position":1,"name":"Accueil","item":"https:\/\/manawea.com\/"},{"@type":"ListItem","position":2,"name":"Boutique","item":"https:\/\/manawea.com\/index.php\/shop\/"},{"@type":"ListItem","position":3,"name":"Miroir rond en macram\u00e9"}]},{"@type":"WebSite","@id":"https:\/\/manawea.com\/#website","url":"https:\/\/manawea.com\/","name":"Manawea Macram\u00e9s po\u00e9tiques","description":"D\u00e9coration en laiton et macram\u00e9","publisher":{"@id":"https:\/\/manawea.com\/#organization"},"potentialAction":[{"@type":"SearchAction","target":{"@type":"EntryPoint","urlTemplate":"https:\/\/manawea.com\/?s={search_term_string}"},"query-input":"required name=search_term_string"}],"inLanguage":"fr-FR"},{"@type":"Organization","@id":"https:\/\/manawea.com\/#organization","name":"manawea","url":"https:\/\/manawea.com\/","logo":{"@type":"ImageObject","inLanguage":"fr-FR","@id":"https:\/\/manawea.com\/#\/schema\/logo\/image\/","url":"https:\/\/manawea.com\/wp-content\/uploads\/2018\/04\/logo.jpg","contentUrl":"https:\/\/manawea.com\/wp-content\/uploads\/2018\/04\/logo.jpg","width":2341,"height":2485,"caption":"manawea"},"image":{"@id":"https:\/\/manawea.com\/#\/schema\/logo\/image\/"},"sameAs":["https:\/\/www.facebook.com\/manaweamacrame\/","https:\/\/www.instagram.com\/_manawea\/"]}]}},"_links":{"self":[{"href":"https:\/\/manawea.com\/index.php\/wp-json\/wp\/v2\/product\/1058"}],"collection":[{"href":"https:\/\/manawea.com\/index.php\/wp-json\/wp\/v2\/product"}],"about":[{"href":"https:\/\/manawea.com\/index.php\/wp-json\/wp\/v2\/types\/product"}],"wp:featuredmedia":[{"embeddable":true,"href":"https:\/\/manawea.com\/index.php\/wp-json\/wp\/v2\/media\/1558"}],"wp:attachment":[{"href":"https:\/\/manawea.com\/index.php\/wp-json\/wp\/v2\/media?parent=1058"}],"wp:term":[{"taxonomy":"product_cat","embeddable":true,"href":"https:\/\/manawea.com\/index.php\/wp-json\/wp\/v2\/product_cat?post=1058"},{"taxonomy":"product_tag","embeddable":true,"href":"https:\/\/manawea.com\/index.php\/wp-json\/wp\/v2\/product_tag?post=1058"}],"curies":[{"name":"wp","href":"https:\/\/api.w.org\/{rel}","templated":true}]}}