{"id":1143,"date":"2018-04-18T11:46:24","date_gmt":"2018-04-18T10:46:24","guid":{"rendered":"http:\/\/manawea.com\/?post_type=product&#038;p=1143"},"modified":"2022-12-30T10:59:55","modified_gmt":"2022-12-30T09:59:55","slug":"porte-cles-en-macrame","status":"publish","type":"product","link":"https:\/\/manawea.com\/index.php\/produit\/porte-cles-en-macrame\/","title":{"rendered":"Porte cl\u00e9s en macram\u00e9"},"content":{"rendered":"","protected":false},"excerpt":{"rendered":"<p>Les porte cl\u00e9s en macram\u00e9 sont l&rsquo;accessoire parfait pour cet \u00e9t\u00e9! Succombez \u00e0 la tendance macram\u00e9 \u00e0 petit prix!<br \/>\nVous pouvez attacher cet accessoire en macram\u00e9 \u00e0 vos cl\u00e9s ou bien sur votre sac. C&rsquo;est un petit cadeau id\u00e9al.<\/p>\n<p>Choisissez entre 4 mod\u00e8les d\u00e9clinables en deux coloris (bronze ou dor\u00e9)<\/p>\n<p>Ils sont fait avec une fine corde 100% coton de couleur naturelle et mont\u00e9s sur un fermoir facile d&rsquo;utilisation et pivotant \u00e0 360\u00b0. Dimensions: environ 14cm.<br \/>\nIls sont toujours nou\u00e9s \u00e0 la main avec passion!<\/p>\n<p>Les pi\u00e8ces sont r\u00e9alis\u00e9es \u00e0 la commande et \u00e0 la main, chaque pi\u00e8ce est unique: les dimensions peuvent donc varier l\u00e9g\u00e8rement.<\/p>\n","protected":false},"featured_media":1657,"template":"","meta":[],"product_cat":[20],"product_tag":[],"yoast_head":"<!-- This site is optimized with the Yoast SEO plugin v21.6 - https:\/\/yoast.com\/wordpress\/plugins\/seo\/ -->\n<title>Porte cl\u00e9s en macram\u00e9 &#8226; Manawea<\/title>\n<meta name=\"robots\" content=\"index, follow, max-snippet:-1, max-image-preview:large, max-video-preview:-1\" \/>\n<link rel=\"canonical\" href=\"https:\/\/manawea.com\/index.php\/produit\/porte-cles-en-macrame\/\" \/>\n<meta property=\"og:locale\" content=\"fr_FR\" \/>\n<meta property=\"og:type\" content=\"article\" \/>\n<meta property=\"og:title\" content=\"Porte cl\u00e9s en macram\u00e9 &#8226; Manawea\" \/>\n<meta property=\"og:description\" content=\"Les porte cl\u00e9s en macram\u00e9 sont l&#039;accessoire parfait pour cet \u00e9t\u00e9! Succombez \u00e0 la tendance macram\u00e9 \u00e0 petit prix! Vous pouvez attacher cet accessoire en macram\u00e9 \u00e0 vos cl\u00e9s ou bien sur votre sac. C&#039;est un petit cadeau id\u00e9al.  Choisissez entre 4 mod\u00e8les d\u00e9clinables en deux coloris (bronze ou dor\u00e9)  Ils sont fait avec une fine corde 100% coton de couleur naturelle et mont\u00e9s sur un fermoir facile d&#039;utilisation et pivotant \u00e0 360\u00b0. Dimensions: environ 14cm. Ils sont toujours nou\u00e9s \u00e0 la main avec passion!  Les pi\u00e8ces sont r\u00e9alis\u00e9es \u00e0 la commande et \u00e0 la main, chaque pi\u00e8ce est unique: les dimensions peuvent donc varier l\u00e9g\u00e8rement.\" \/>\n<meta property=\"og:url\" content=\"https:\/\/manawea.com\/index.php\/produit\/porte-cles-en-macrame\/\" \/>\n<meta property=\"og:site_name\" content=\"Manawea\" \/>\n<meta property=\"article:publisher\" content=\"https:\/\/www.facebook.com\/manaweamacrame\/\" \/>\n<meta property=\"article:modified_time\" content=\"2022-12-30T09:59:55+00:00\" \/>\n<meta property=\"og:image\" content=\"https:\/\/manawea.com\/wp-content\/uploads\/2018\/04\/porte-cl\u00e9-en-macram\u00e9-scaled.jpg\" \/>\n\t<meta property=\"og:image:width\" content=\"2560\" \/>\n\t<meta property=\"og:image:height\" content=\"2560\" \/>\n\t<meta property=\"og:image:type\" content=\"image\/jpeg\" \/>\n<meta name=\"twitter:card\" content=\"summary_large_image\" \/>\n<script type=\"application\/ld+json\" class=\"yoast-schema-graph\">{\"@context\":\"https:\/\/schema.org\",\"@graph\":[{\"@type\":\"WebPage\",\"@id\":\"https:\/\/manawea.com\/index.php\/produit\/porte-cles-en-macrame\/\",\"url\":\"https:\/\/manawea.com\/index.php\/produit\/porte-cles-en-macrame\/\",\"name\":\"Porte cl\u00e9s en macram\u00e9 &#8226; Manawea\",\"isPartOf\":{\"@id\":\"https:\/\/manawea.com\/#website\"},\"datePublished\":\"2018-04-18T10:46:24+00:00\",\"dateModified\":\"2022-12-30T09:59:55+00:00\",\"breadcrumb\":{\"@id\":\"https:\/\/manawea.com\/index.php\/produit\/porte-cles-en-macrame\/#breadcrumb\"},\"inLanguage\":\"fr-FR\",\"potentialAction\":[{\"@type\":\"ReadAction\",\"target\":[\"https:\/\/manawea.com\/index.php\/produit\/porte-cles-en-macrame\/\"]}]},{\"@type\":\"BreadcrumbList\",\"@id\":\"https:\/\/manawea.com\/index.php\/produit\/porte-cles-en-macrame\/#breadcrumb\",\"itemListElement\":[{\"@type\":\"ListItem\",\"position\":1,\"name\":\"Accueil\",\"item\":\"https:\/\/manawea.com\/\"},{\"@type\":\"ListItem\",\"position\":2,\"name\":\"Boutique\",\"item\":\"https:\/\/manawea.com\/index.php\/shop\/\"},{\"@type\":\"ListItem\",\"position\":3,\"name\":\"Porte cl\u00e9s en macram\u00e9\"}]},{\"@type\":\"WebSite\",\"@id\":\"https:\/\/manawea.com\/#website\",\"url\":\"https:\/\/manawea.com\/\",\"name\":\"Manawea Macram\u00e9s po\u00e9tiques\",\"description\":\"D\u00e9coration en laiton et macram\u00e9\",\"publisher\":{\"@id\":\"https:\/\/manawea.com\/#organization\"},\"potentialAction\":[{\"@type\":\"SearchAction\",\"target\":{\"@type\":\"EntryPoint\",\"urlTemplate\":\"https:\/\/manawea.com\/?s={search_term_string}\"},\"query-input\":\"required name=search_term_string\"}],\"inLanguage\":\"fr-FR\"},{\"@type\":\"Organization\",\"@id\":\"https:\/\/manawea.com\/#organization\",\"name\":\"manawea\",\"url\":\"https:\/\/manawea.com\/\",\"logo\":{\"@type\":\"ImageObject\",\"inLanguage\":\"fr-FR\",\"@id\":\"https:\/\/manawea.com\/#\/schema\/logo\/image\/\",\"url\":\"https:\/\/manawea.com\/wp-content\/uploads\/2018\/04\/logo.jpg\",\"contentUrl\":\"https:\/\/manawea.com\/wp-content\/uploads\/2018\/04\/logo.jpg\",\"width\":2341,\"height\":2485,\"caption\":\"manawea\"},\"image\":{\"@id\":\"https:\/\/manawea.com\/#\/schema\/logo\/image\/\"},\"sameAs\":[\"https:\/\/www.facebook.com\/manaweamacrame\/\",\"https:\/\/www.instagram.com\/_manawea\/\"]}]}<\/script>\n<!-- \/ Yoast SEO plugin. -->","yoast_head_json":{"title":"Porte cl\u00e9s en macram\u00e9 &#8226; Manawea","robots":{"index":"index","follow":"follow","max-snippet":"max-snippet:-1","max-image-preview":"max-image-preview:large","max-video-preview":"max-video-preview:-1"},"canonical":"https:\/\/manawea.com\/index.php\/produit\/porte-cles-en-macrame\/","og_locale":"fr_FR","og_type":"article","og_title":"Porte cl\u00e9s en macram\u00e9 &#8226; Manawea","og_description":"Les porte cl\u00e9s en macram\u00e9 sont l'accessoire parfait pour cet \u00e9t\u00e9! Succombez \u00e0 la tendance macram\u00e9 \u00e0 petit prix! Vous pouvez attacher cet accessoire en macram\u00e9 \u00e0 vos cl\u00e9s ou bien sur votre sac. C'est un petit cadeau id\u00e9al.  Choisissez entre 4 mod\u00e8les d\u00e9clinables en deux coloris (bronze ou dor\u00e9)  Ils sont fait avec une fine corde 100% coton de couleur naturelle et mont\u00e9s sur un fermoir facile d'utilisation et pivotant \u00e0 360\u00b0. Dimensions: environ 14cm. Ils sont toujours nou\u00e9s \u00e0 la main avec passion!  Les pi\u00e8ces sont r\u00e9alis\u00e9es \u00e0 la commande et \u00e0 la main, chaque pi\u00e8ce est unique: les dimensions peuvent donc varier l\u00e9g\u00e8rement.","og_url":"https:\/\/manawea.com\/index.php\/produit\/porte-cles-en-macrame\/","og_site_name":"Manawea","article_publisher":"https:\/\/www.facebook.com\/manaweamacrame\/","article_modified_time":"2022-12-30T09:59:55+00:00","og_image":[{"width":2560,"height":2560,"url":"https:\/\/manawea.com\/wp-content\/uploads\/2018\/04\/porte-cl\u00e9-en-macram\u00e9-scaled.jpg","type":"image\/jpeg"}],"twitter_card":"summary_large_image","schema":{"@context":"https:\/\/schema.org","@graph":[{"@type":"WebPage","@id":"https:\/\/manawea.com\/index.php\/produit\/porte-cles-en-macrame\/","url":"https:\/\/manawea.com\/index.php\/produit\/porte-cles-en-macrame\/","name":"Porte cl\u00e9s en macram\u00e9 &#8226; Manawea","isPartOf":{"@id":"https:\/\/manawea.com\/#website"},"datePublished":"2018-04-18T10:46:24+00:00","dateModified":"2022-12-30T09:59:55+00:00","breadcrumb":{"@id":"https:\/\/manawea.com\/index.php\/produit\/porte-cles-en-macrame\/#breadcrumb"},"inLanguage":"fr-FR","potentialAction":[{"@type":"ReadAction","target":["https:\/\/manawea.com\/index.php\/produit\/porte-cles-en-macrame\/"]}]},{"@type":"BreadcrumbList","@id":"https:\/\/manawea.com\/index.php\/produit\/porte-cles-en-macrame\/#breadcrumb","itemListElement":[{"@type":"ListItem","position":1,"name":"Accueil","item":"https:\/\/manawea.com\/"},{"@type":"ListItem","position":2,"name":"Boutique","item":"https:\/\/manawea.com\/index.php\/shop\/"},{"@type":"ListItem","position":3,"name":"Porte cl\u00e9s en macram\u00e9"}]},{"@type":"WebSite","@id":"https:\/\/manawea.com\/#website","url":"https:\/\/manawea.com\/","name":"Manawea Macram\u00e9s po\u00e9tiques","description":"D\u00e9coration en laiton et macram\u00e9","publisher":{"@id":"https:\/\/manawea.com\/#organization"},"potentialAction":[{"@type":"SearchAction","target":{"@type":"EntryPoint","urlTemplate":"https:\/\/manawea.com\/?s={search_term_string}"},"query-input":"required name=search_term_string"}],"inLanguage":"fr-FR"},{"@type":"Organization","@id":"https:\/\/manawea.com\/#organization","name":"manawea","url":"https:\/\/manawea.com\/","logo":{"@type":"ImageObject","inLanguage":"fr-FR","@id":"https:\/\/manawea.com\/#\/schema\/logo\/image\/","url":"https:\/\/manawea.com\/wp-content\/uploads\/2018\/04\/logo.jpg","contentUrl":"https:\/\/manawea.com\/wp-content\/uploads\/2018\/04\/logo.jpg","width":2341,"height":2485,"caption":"manawea"},"image":{"@id":"https:\/\/manawea.com\/#\/schema\/logo\/image\/"},"sameAs":["https:\/\/www.facebook.com\/manaweamacrame\/","https:\/\/www.instagram.com\/_manawea\/"]}]}},"_links":{"self":[{"href":"https:\/\/manawea.com\/index.php\/wp-json\/wp\/v2\/product\/1143"}],"collection":[{"href":"https:\/\/manawea.com\/index.php\/wp-json\/wp\/v2\/product"}],"about":[{"href":"https:\/\/manawea.com\/index.php\/wp-json\/wp\/v2\/types\/product"}],"wp:featuredmedia":[{"embeddable":true,"href":"https:\/\/manawea.com\/index.php\/wp-json\/wp\/v2\/media\/1657"}],"wp:attachment":[{"href":"https:\/\/manawea.com\/index.php\/wp-json\/wp\/v2\/media?parent=1143"}],"wp:term":[{"taxonomy":"product_cat","embeddable":true,"href":"https:\/\/manawea.com\/index.php\/wp-json\/wp\/v2\/product_cat?post=1143"},{"taxonomy":"product_tag","embeddable":true,"href":"https:\/\/manawea.com\/index.php\/wp-json\/wp\/v2\/product_tag?post=1143"}],"curies":[{"name":"wp","href":"https:\/\/api.w.org\/{rel}","templated":true}]}}