{"id":1156,"date":"2018-04-21T18:16:36","date_gmt":"2018-04-21T17:16:36","guid":{"rendered":"http:\/\/manawea.com\/?post_type=product&#038;p=1156"},"modified":"2022-12-30T10:59:01","modified_gmt":"2022-12-30T09:59:01","slug":"macrame-mural-coton-et-lurex-dore","status":"publish","type":"product","link":"https:\/\/manawea.com\/index.php\/produit\/macrame-mural-coton-et-lurex-dore\/","title":{"rendered":"Macram\u00e9 mural coton et lurex dor\u00e9"},"content":{"rendered":"","protected":false},"excerpt":{"rendered":"<p>Ce macram\u00e9 mural est nou\u00e9 \u00e0 la main avec des mat\u00e9riaux naturels : de la corde \u00e9cru 100% coton suspendue sur du bois flott\u00e9.<br \/>\nDu fil lurex dor\u00e9 a \u00e9t\u00e9 ajout\u00e9 par petite touche et apporte plus de luminosit\u00e9 au macram\u00e9.<br \/>\nObjet de d\u00e9coration unique qui donnera un esprit boh\u00e8me \u00e0 votre pi\u00e8ce.<\/p>\n<p>Dimensions du macram\u00e9:<br \/>\n&#8211; largeur: 27cm<br \/>\n&#8211; longueur sans l&rsquo;attache: 80 cm<br \/>\nChaque macram\u00e9 \u00e9tant nou\u00e9 \u00e0 la main, les mesures peuvent varier l\u00e9g\u00e8rement et le bois flott\u00e9 sera diff\u00e9rent.<br \/>\nCette pi\u00e8ce est r\u00e9alis\u00e9e \u00e0 la commande et n\u00e9cessite un d\u00e9lais de 6 jours de cr\u00e9ation avant l&rsquo;exp\u00e9dition.<\/p>\n<p>N\u2019h\u00e9sitez pas \u00e0 me contacter pour toutes demandes d\u2019informations compl\u00e9mentaires ou si vous souhaitez une commande personnalis\u00e9e. Je serai ravie d\u2019adapter mes cr\u00e9ations \u00e0 vos envies et besoins (motif, mesure, couleur\u2026).<\/p>\n","protected":false},"featured_media":1157,"template":"","meta":[],"product_cat":[15],"product_tag":[],"yoast_head":"<!-- This site is optimized with the Yoast SEO plugin v21.6 - https:\/\/yoast.com\/wordpress\/plugins\/seo\/ -->\n<title>Macram\u00e9 mural coton et lurex dor\u00e9 &#8226; Manawea<\/title>\n<meta name=\"robots\" content=\"index, follow, max-snippet:-1, max-image-preview:large, max-video-preview:-1\" \/>\n<link rel=\"canonical\" href=\"https:\/\/manawea.com\/index.php\/produit\/macrame-mural-coton-et-lurex-dore\/\" \/>\n<meta property=\"og:locale\" content=\"fr_FR\" \/>\n<meta property=\"og:type\" content=\"article\" \/>\n<meta property=\"og:title\" content=\"Macram\u00e9 mural coton et lurex dor\u00e9 &#8226; Manawea\" \/>\n<meta property=\"og:description\" content=\"Ce macram\u00e9 mural est nou\u00e9 \u00e0 la main avec des mat\u00e9riaux naturels : de la corde \u00e9cru 100% coton suspendue sur du bois flott\u00e9. Du fil lurex dor\u00e9 a \u00e9t\u00e9 ajout\u00e9 par petite touche et apporte plus de luminosit\u00e9 au macram\u00e9. Objet de d\u00e9coration unique qui donnera un esprit boh\u00e8me \u00e0 votre pi\u00e8ce.  Dimensions du macram\u00e9: - largeur: 27cm - longueur sans l&#039;attache: 80 cm Chaque macram\u00e9 \u00e9tant nou\u00e9 \u00e0 la main, les mesures peuvent varier l\u00e9g\u00e8rement et le bois flott\u00e9 sera diff\u00e9rent. Cette pi\u00e8ce est r\u00e9alis\u00e9e \u00e0 la commande et n\u00e9cessite un d\u00e9lais de 6 jours de cr\u00e9ation avant l&#039;exp\u00e9dition.  N\u2019h\u00e9sitez pas \u00e0 me contacter pour toutes demandes d\u2019informations compl\u00e9mentaires ou si vous souhaitez une commande personnalis\u00e9e. Je serai ravie d\u2019adapter mes cr\u00e9ations \u00e0 vos envies et besoins (motif, mesure, couleur\u2026).\" \/>\n<meta property=\"og:url\" content=\"https:\/\/manawea.com\/index.php\/produit\/macrame-mural-coton-et-lurex-dore\/\" \/>\n<meta property=\"og:site_name\" content=\"Manawea\" \/>\n<meta property=\"article:publisher\" content=\"https:\/\/www.facebook.com\/manaweamacrame\/\" \/>\n<meta property=\"article:modified_time\" content=\"2022-12-30T09:59:01+00:00\" \/>\n<meta property=\"og:image\" content=\"https:\/\/manawea.com\/wp-content\/uploads\/2018\/04\/Macram\u00e9-mural-coton-et-lurex-scaled.jpg\" \/>\n\t<meta property=\"og:image:width\" content=\"2560\" \/>\n\t<meta property=\"og:image:height\" content=\"2560\" \/>\n\t<meta property=\"og:image:type\" content=\"image\/jpeg\" \/>\n<meta name=\"twitter:card\" content=\"summary_large_image\" \/>\n<script type=\"application\/ld+json\" class=\"yoast-schema-graph\">{\"@context\":\"https:\/\/schema.org\",\"@graph\":[{\"@type\":\"WebPage\",\"@id\":\"https:\/\/manawea.com\/index.php\/produit\/macrame-mural-coton-et-lurex-dore\/\",\"url\":\"https:\/\/manawea.com\/index.php\/produit\/macrame-mural-coton-et-lurex-dore\/\",\"name\":\"Macram\u00e9 mural coton et lurex dor\u00e9 &#8226; Manawea\",\"isPartOf\":{\"@id\":\"https:\/\/manawea.com\/#website\"},\"datePublished\":\"2018-04-21T17:16:36+00:00\",\"dateModified\":\"2022-12-30T09:59:01+00:00\",\"breadcrumb\":{\"@id\":\"https:\/\/manawea.com\/index.php\/produit\/macrame-mural-coton-et-lurex-dore\/#breadcrumb\"},\"inLanguage\":\"fr-FR\",\"potentialAction\":[{\"@type\":\"ReadAction\",\"target\":[\"https:\/\/manawea.com\/index.php\/produit\/macrame-mural-coton-et-lurex-dore\/\"]}]},{\"@type\":\"BreadcrumbList\",\"@id\":\"https:\/\/manawea.com\/index.php\/produit\/macrame-mural-coton-et-lurex-dore\/#breadcrumb\",\"itemListElement\":[{\"@type\":\"ListItem\",\"position\":1,\"name\":\"Accueil\",\"item\":\"https:\/\/manawea.com\/\"},{\"@type\":\"ListItem\",\"position\":2,\"name\":\"Boutique\",\"item\":\"https:\/\/manawea.com\/index.php\/shop\/\"},{\"@type\":\"ListItem\",\"position\":3,\"name\":\"Macram\u00e9 mural coton et lurex dor\u00e9\"}]},{\"@type\":\"WebSite\",\"@id\":\"https:\/\/manawea.com\/#website\",\"url\":\"https:\/\/manawea.com\/\",\"name\":\"Manawea Macram\u00e9s po\u00e9tiques\",\"description\":\"D\u00e9coration en laiton et macram\u00e9\",\"publisher\":{\"@id\":\"https:\/\/manawea.com\/#organization\"},\"potentialAction\":[{\"@type\":\"SearchAction\",\"target\":{\"@type\":\"EntryPoint\",\"urlTemplate\":\"https:\/\/manawea.com\/?s={search_term_string}\"},\"query-input\":\"required name=search_term_string\"}],\"inLanguage\":\"fr-FR\"},{\"@type\":\"Organization\",\"@id\":\"https:\/\/manawea.com\/#organization\",\"name\":\"manawea\",\"url\":\"https:\/\/manawea.com\/\",\"logo\":{\"@type\":\"ImageObject\",\"inLanguage\":\"fr-FR\",\"@id\":\"https:\/\/manawea.com\/#\/schema\/logo\/image\/\",\"url\":\"https:\/\/manawea.com\/wp-content\/uploads\/2018\/04\/logo.jpg\",\"contentUrl\":\"https:\/\/manawea.com\/wp-content\/uploads\/2018\/04\/logo.jpg\",\"width\":2341,\"height\":2485,\"caption\":\"manawea\"},\"image\":{\"@id\":\"https:\/\/manawea.com\/#\/schema\/logo\/image\/\"},\"sameAs\":[\"https:\/\/www.facebook.com\/manaweamacrame\/\",\"https:\/\/www.instagram.com\/_manawea\/\"]}]}<\/script>\n<!-- \/ Yoast SEO plugin. -->","yoast_head_json":{"title":"Macram\u00e9 mural coton et lurex dor\u00e9 &#8226; Manawea","robots":{"index":"index","follow":"follow","max-snippet":"max-snippet:-1","max-image-preview":"max-image-preview:large","max-video-preview":"max-video-preview:-1"},"canonical":"https:\/\/manawea.com\/index.php\/produit\/macrame-mural-coton-et-lurex-dore\/","og_locale":"fr_FR","og_type":"article","og_title":"Macram\u00e9 mural coton et lurex dor\u00e9 &#8226; Manawea","og_description":"Ce macram\u00e9 mural est nou\u00e9 \u00e0 la main avec des mat\u00e9riaux naturels : de la corde \u00e9cru 100% coton suspendue sur du bois flott\u00e9. Du fil lurex dor\u00e9 a \u00e9t\u00e9 ajout\u00e9 par petite touche et apporte plus de luminosit\u00e9 au macram\u00e9. Objet de d\u00e9coration unique qui donnera un esprit boh\u00e8me \u00e0 votre pi\u00e8ce.  Dimensions du macram\u00e9: - largeur: 27cm - longueur sans l'attache: 80 cm Chaque macram\u00e9 \u00e9tant nou\u00e9 \u00e0 la main, les mesures peuvent varier l\u00e9g\u00e8rement et le bois flott\u00e9 sera diff\u00e9rent. Cette pi\u00e8ce est r\u00e9alis\u00e9e \u00e0 la commande et n\u00e9cessite un d\u00e9lais de 6 jours de cr\u00e9ation avant l'exp\u00e9dition.  N\u2019h\u00e9sitez pas \u00e0 me contacter pour toutes demandes d\u2019informations compl\u00e9mentaires ou si vous souhaitez une commande personnalis\u00e9e. Je serai ravie d\u2019adapter mes cr\u00e9ations \u00e0 vos envies et besoins (motif, mesure, couleur\u2026).","og_url":"https:\/\/manawea.com\/index.php\/produit\/macrame-mural-coton-et-lurex-dore\/","og_site_name":"Manawea","article_publisher":"https:\/\/www.facebook.com\/manaweamacrame\/","article_modified_time":"2022-12-30T09:59:01+00:00","og_image":[{"width":2560,"height":2560,"url":"https:\/\/manawea.com\/wp-content\/uploads\/2018\/04\/Macram\u00e9-mural-coton-et-lurex-scaled.jpg","type":"image\/jpeg"}],"twitter_card":"summary_large_image","schema":{"@context":"https:\/\/schema.org","@graph":[{"@type":"WebPage","@id":"https:\/\/manawea.com\/index.php\/produit\/macrame-mural-coton-et-lurex-dore\/","url":"https:\/\/manawea.com\/index.php\/produit\/macrame-mural-coton-et-lurex-dore\/","name":"Macram\u00e9 mural coton et lurex dor\u00e9 &#8226; Manawea","isPartOf":{"@id":"https:\/\/manawea.com\/#website"},"datePublished":"2018-04-21T17:16:36+00:00","dateModified":"2022-12-30T09:59:01+00:00","breadcrumb":{"@id":"https:\/\/manawea.com\/index.php\/produit\/macrame-mural-coton-et-lurex-dore\/#breadcrumb"},"inLanguage":"fr-FR","potentialAction":[{"@type":"ReadAction","target":["https:\/\/manawea.com\/index.php\/produit\/macrame-mural-coton-et-lurex-dore\/"]}]},{"@type":"BreadcrumbList","@id":"https:\/\/manawea.com\/index.php\/produit\/macrame-mural-coton-et-lurex-dore\/#breadcrumb","itemListElement":[{"@type":"ListItem","position":1,"name":"Accueil","item":"https:\/\/manawea.com\/"},{"@type":"ListItem","position":2,"name":"Boutique","item":"https:\/\/manawea.com\/index.php\/shop\/"},{"@type":"ListItem","position":3,"name":"Macram\u00e9 mural coton et lurex dor\u00e9"}]},{"@type":"WebSite","@id":"https:\/\/manawea.com\/#website","url":"https:\/\/manawea.com\/","name":"Manawea Macram\u00e9s po\u00e9tiques","description":"D\u00e9coration en laiton et macram\u00e9","publisher":{"@id":"https:\/\/manawea.com\/#organization"},"potentialAction":[{"@type":"SearchAction","target":{"@type":"EntryPoint","urlTemplate":"https:\/\/manawea.com\/?s={search_term_string}"},"query-input":"required name=search_term_string"}],"inLanguage":"fr-FR"},{"@type":"Organization","@id":"https:\/\/manawea.com\/#organization","name":"manawea","url":"https:\/\/manawea.com\/","logo":{"@type":"ImageObject","inLanguage":"fr-FR","@id":"https:\/\/manawea.com\/#\/schema\/logo\/image\/","url":"https:\/\/manawea.com\/wp-content\/uploads\/2018\/04\/logo.jpg","contentUrl":"https:\/\/manawea.com\/wp-content\/uploads\/2018\/04\/logo.jpg","width":2341,"height":2485,"caption":"manawea"},"image":{"@id":"https:\/\/manawea.com\/#\/schema\/logo\/image\/"},"sameAs":["https:\/\/www.facebook.com\/manaweamacrame\/","https:\/\/www.instagram.com\/_manawea\/"]}]}},"_links":{"self":[{"href":"https:\/\/manawea.com\/index.php\/wp-json\/wp\/v2\/product\/1156"}],"collection":[{"href":"https:\/\/manawea.com\/index.php\/wp-json\/wp\/v2\/product"}],"about":[{"href":"https:\/\/manawea.com\/index.php\/wp-json\/wp\/v2\/types\/product"}],"wp:featuredmedia":[{"embeddable":true,"href":"https:\/\/manawea.com\/index.php\/wp-json\/wp\/v2\/media\/1157"}],"wp:attachment":[{"href":"https:\/\/manawea.com\/index.php\/wp-json\/wp\/v2\/media?parent=1156"}],"wp:term":[{"taxonomy":"product_cat","embeddable":true,"href":"https:\/\/manawea.com\/index.php\/wp-json\/wp\/v2\/product_cat?post=1156"},{"taxonomy":"product_tag","embeddable":true,"href":"https:\/\/manawea.com\/index.php\/wp-json\/wp\/v2\/product_tag?post=1156"}],"curies":[{"name":"wp","href":"https:\/\/api.w.org\/{rel}","templated":true}]}}