{"id":1165,"date":"2018-04-22T22:28:59","date_gmt":"2018-04-22T21:28:59","guid":{"rendered":"http:\/\/manawea.com\/?post_type=product&#038;p=1165"},"modified":"2022-12-30T10:58:39","modified_gmt":"2022-12-30T09:58:39","slug":"guirlande-murale-en-macrame","status":"publish","type":"product","link":"https:\/\/manawea.com\/index.php\/produit\/guirlande-murale-en-macrame\/","title":{"rendered":"Guirlande murale en macram\u00e9"},"content":{"rendered":"","protected":false},"excerpt":{"rendered":"<p>Guirlande en macram\u00e9 r\u00e9alis\u00e9e avec de la corde 100% coton de grande qualit\u00e9.<\/p>\n<p>Se fixe aux murs avec des punaises.<br \/>\nElle apportera une touche moderne et authentique \u00e0 votre int\u00e9rieur.<br \/>\nDimensions: 120x50cm (les mesures peuvent varier l\u00e9g\u00e8rement d\u2019une cr\u00e9ation \u00e0 l\u2019autre)<\/p>\n<p>Cette guirlande est faite sur commande et n\u00e9cessite donc un d\u00e9lai de 5 \u00e0 7 jours avant exp\u00e9dition.<\/p>\n<p>N\u2019h\u00e9sitez pas \u00e0 me contacter pour toutes demandes d\u2019informations compl\u00e9mentaires ou si vous souhaitez une commande personnalis\u00e9e. Je serai ravie d\u2019adapter mes cr\u00e9ations \u00e0 vos envies et besoins (motif, mesure, couleur\u2026).<\/p>\n","protected":false},"featured_media":1166,"template":"","meta":[],"product_cat":[70],"product_tag":[],"yoast_head":"<!-- This site is optimized with the Yoast SEO plugin v21.6 - https:\/\/yoast.com\/wordpress\/plugins\/seo\/ -->\n<title>Guirlande murale en macram\u00e9 &#8226; Manawea<\/title>\n<meta name=\"robots\" content=\"index, follow, max-snippet:-1, max-image-preview:large, max-video-preview:-1\" \/>\n<link rel=\"canonical\" href=\"https:\/\/manawea.com\/index.php\/produit\/guirlande-murale-en-macrame\/\" \/>\n<meta property=\"og:locale\" content=\"fr_FR\" \/>\n<meta property=\"og:type\" content=\"article\" \/>\n<meta property=\"og:title\" content=\"Guirlande murale en macram\u00e9 &#8226; Manawea\" \/>\n<meta property=\"og:description\" content=\"Guirlande en macram\u00e9 r\u00e9alis\u00e9e avec de la corde 100% coton de grande qualit\u00e9.  Se fixe aux murs avec des punaises. Elle apportera une touche moderne et authentique \u00e0 votre int\u00e9rieur. Dimensions: 120x50cm (les mesures peuvent varier l\u00e9g\u00e8rement d\u2019une cr\u00e9ation \u00e0 l\u2019autre)  Cette guirlande est faite sur commande et n\u00e9cessite donc un d\u00e9lai de 5 \u00e0 7 jours avant exp\u00e9dition.  N\u2019h\u00e9sitez pas \u00e0 me contacter pour toutes demandes d\u2019informations compl\u00e9mentaires ou si vous souhaitez une commande personnalis\u00e9e. Je serai ravie d\u2019adapter mes cr\u00e9ations \u00e0 vos envies et besoins (motif, mesure, couleur\u2026).\" \/>\n<meta property=\"og:url\" content=\"https:\/\/manawea.com\/index.php\/produit\/guirlande-murale-en-macrame\/\" \/>\n<meta property=\"og:site_name\" content=\"Manawea\" \/>\n<meta property=\"article:publisher\" content=\"https:\/\/www.facebook.com\/manaweamacrame\/\" \/>\n<meta property=\"article:modified_time\" content=\"2022-12-30T09:58:39+00:00\" \/>\n<meta property=\"og:image\" content=\"https:\/\/manawea.com\/wp-content\/uploads\/2018\/04\/guirlande-macram\u00e9-murale-scaled.jpg\" \/>\n\t<meta property=\"og:image:width\" content=\"2560\" \/>\n\t<meta property=\"og:image:height\" content=\"2560\" \/>\n\t<meta property=\"og:image:type\" content=\"image\/jpeg\" \/>\n<meta name=\"twitter:card\" content=\"summary_large_image\" \/>\n<script type=\"application\/ld+json\" class=\"yoast-schema-graph\">{\"@context\":\"https:\/\/schema.org\",\"@graph\":[{\"@type\":\"WebPage\",\"@id\":\"https:\/\/manawea.com\/index.php\/produit\/guirlande-murale-en-macrame\/\",\"url\":\"https:\/\/manawea.com\/index.php\/produit\/guirlande-murale-en-macrame\/\",\"name\":\"Guirlande murale en macram\u00e9 &#8226; Manawea\",\"isPartOf\":{\"@id\":\"https:\/\/manawea.com\/#website\"},\"datePublished\":\"2018-04-22T21:28:59+00:00\",\"dateModified\":\"2022-12-30T09:58:39+00:00\",\"breadcrumb\":{\"@id\":\"https:\/\/manawea.com\/index.php\/produit\/guirlande-murale-en-macrame\/#breadcrumb\"},\"inLanguage\":\"fr-FR\",\"potentialAction\":[{\"@type\":\"ReadAction\",\"target\":[\"https:\/\/manawea.com\/index.php\/produit\/guirlande-murale-en-macrame\/\"]}]},{\"@type\":\"BreadcrumbList\",\"@id\":\"https:\/\/manawea.com\/index.php\/produit\/guirlande-murale-en-macrame\/#breadcrumb\",\"itemListElement\":[{\"@type\":\"ListItem\",\"position\":1,\"name\":\"Accueil\",\"item\":\"https:\/\/manawea.com\/\"},{\"@type\":\"ListItem\",\"position\":2,\"name\":\"Boutique\",\"item\":\"https:\/\/manawea.com\/index.php\/shop\/\"},{\"@type\":\"ListItem\",\"position\":3,\"name\":\"Guirlande murale en macram\u00e9\"}]},{\"@type\":\"WebSite\",\"@id\":\"https:\/\/manawea.com\/#website\",\"url\":\"https:\/\/manawea.com\/\",\"name\":\"Manawea Macram\u00e9s po\u00e9tiques\",\"description\":\"D\u00e9coration en laiton et macram\u00e9\",\"publisher\":{\"@id\":\"https:\/\/manawea.com\/#organization\"},\"potentialAction\":[{\"@type\":\"SearchAction\",\"target\":{\"@type\":\"EntryPoint\",\"urlTemplate\":\"https:\/\/manawea.com\/?s={search_term_string}\"},\"query-input\":\"required name=search_term_string\"}],\"inLanguage\":\"fr-FR\"},{\"@type\":\"Organization\",\"@id\":\"https:\/\/manawea.com\/#organization\",\"name\":\"manawea\",\"url\":\"https:\/\/manawea.com\/\",\"logo\":{\"@type\":\"ImageObject\",\"inLanguage\":\"fr-FR\",\"@id\":\"https:\/\/manawea.com\/#\/schema\/logo\/image\/\",\"url\":\"https:\/\/manawea.com\/wp-content\/uploads\/2018\/04\/logo.jpg\",\"contentUrl\":\"https:\/\/manawea.com\/wp-content\/uploads\/2018\/04\/logo.jpg\",\"width\":2341,\"height\":2485,\"caption\":\"manawea\"},\"image\":{\"@id\":\"https:\/\/manawea.com\/#\/schema\/logo\/image\/\"},\"sameAs\":[\"https:\/\/www.facebook.com\/manaweamacrame\/\",\"https:\/\/www.instagram.com\/_manawea\/\"]}]}<\/script>\n<!-- \/ Yoast SEO plugin. -->","yoast_head_json":{"title":"Guirlande murale en macram\u00e9 &#8226; Manawea","robots":{"index":"index","follow":"follow","max-snippet":"max-snippet:-1","max-image-preview":"max-image-preview:large","max-video-preview":"max-video-preview:-1"},"canonical":"https:\/\/manawea.com\/index.php\/produit\/guirlande-murale-en-macrame\/","og_locale":"fr_FR","og_type":"article","og_title":"Guirlande murale en macram\u00e9 &#8226; Manawea","og_description":"Guirlande en macram\u00e9 r\u00e9alis\u00e9e avec de la corde 100% coton de grande qualit\u00e9.  Se fixe aux murs avec des punaises. Elle apportera une touche moderne et authentique \u00e0 votre int\u00e9rieur. Dimensions: 120x50cm (les mesures peuvent varier l\u00e9g\u00e8rement d\u2019une cr\u00e9ation \u00e0 l\u2019autre)  Cette guirlande est faite sur commande et n\u00e9cessite donc un d\u00e9lai de 5 \u00e0 7 jours avant exp\u00e9dition.  N\u2019h\u00e9sitez pas \u00e0 me contacter pour toutes demandes d\u2019informations compl\u00e9mentaires ou si vous souhaitez une commande personnalis\u00e9e. Je serai ravie d\u2019adapter mes cr\u00e9ations \u00e0 vos envies et besoins (motif, mesure, couleur\u2026).","og_url":"https:\/\/manawea.com\/index.php\/produit\/guirlande-murale-en-macrame\/","og_site_name":"Manawea","article_publisher":"https:\/\/www.facebook.com\/manaweamacrame\/","article_modified_time":"2022-12-30T09:58:39+00:00","og_image":[{"width":2560,"height":2560,"url":"https:\/\/manawea.com\/wp-content\/uploads\/2018\/04\/guirlande-macram\u00e9-murale-scaled.jpg","type":"image\/jpeg"}],"twitter_card":"summary_large_image","schema":{"@context":"https:\/\/schema.org","@graph":[{"@type":"WebPage","@id":"https:\/\/manawea.com\/index.php\/produit\/guirlande-murale-en-macrame\/","url":"https:\/\/manawea.com\/index.php\/produit\/guirlande-murale-en-macrame\/","name":"Guirlande murale en macram\u00e9 &#8226; Manawea","isPartOf":{"@id":"https:\/\/manawea.com\/#website"},"datePublished":"2018-04-22T21:28:59+00:00","dateModified":"2022-12-30T09:58:39+00:00","breadcrumb":{"@id":"https:\/\/manawea.com\/index.php\/produit\/guirlande-murale-en-macrame\/#breadcrumb"},"inLanguage":"fr-FR","potentialAction":[{"@type":"ReadAction","target":["https:\/\/manawea.com\/index.php\/produit\/guirlande-murale-en-macrame\/"]}]},{"@type":"BreadcrumbList","@id":"https:\/\/manawea.com\/index.php\/produit\/guirlande-murale-en-macrame\/#breadcrumb","itemListElement":[{"@type":"ListItem","position":1,"name":"Accueil","item":"https:\/\/manawea.com\/"},{"@type":"ListItem","position":2,"name":"Boutique","item":"https:\/\/manawea.com\/index.php\/shop\/"},{"@type":"ListItem","position":3,"name":"Guirlande murale en macram\u00e9"}]},{"@type":"WebSite","@id":"https:\/\/manawea.com\/#website","url":"https:\/\/manawea.com\/","name":"Manawea Macram\u00e9s po\u00e9tiques","description":"D\u00e9coration en laiton et macram\u00e9","publisher":{"@id":"https:\/\/manawea.com\/#organization"},"potentialAction":[{"@type":"SearchAction","target":{"@type":"EntryPoint","urlTemplate":"https:\/\/manawea.com\/?s={search_term_string}"},"query-input":"required name=search_term_string"}],"inLanguage":"fr-FR"},{"@type":"Organization","@id":"https:\/\/manawea.com\/#organization","name":"manawea","url":"https:\/\/manawea.com\/","logo":{"@type":"ImageObject","inLanguage":"fr-FR","@id":"https:\/\/manawea.com\/#\/schema\/logo\/image\/","url":"https:\/\/manawea.com\/wp-content\/uploads\/2018\/04\/logo.jpg","contentUrl":"https:\/\/manawea.com\/wp-content\/uploads\/2018\/04\/logo.jpg","width":2341,"height":2485,"caption":"manawea"},"image":{"@id":"https:\/\/manawea.com\/#\/schema\/logo\/image\/"},"sameAs":["https:\/\/www.facebook.com\/manaweamacrame\/","https:\/\/www.instagram.com\/_manawea\/"]}]}},"_links":{"self":[{"href":"https:\/\/manawea.com\/index.php\/wp-json\/wp\/v2\/product\/1165"}],"collection":[{"href":"https:\/\/manawea.com\/index.php\/wp-json\/wp\/v2\/product"}],"about":[{"href":"https:\/\/manawea.com\/index.php\/wp-json\/wp\/v2\/types\/product"}],"wp:featuredmedia":[{"embeddable":true,"href":"https:\/\/manawea.com\/index.php\/wp-json\/wp\/v2\/media\/1166"}],"wp:attachment":[{"href":"https:\/\/manawea.com\/index.php\/wp-json\/wp\/v2\/media?parent=1165"}],"wp:term":[{"taxonomy":"product_cat","embeddable":true,"href":"https:\/\/manawea.com\/index.php\/wp-json\/wp\/v2\/product_cat?post=1165"},{"taxonomy":"product_tag","embeddable":true,"href":"https:\/\/manawea.com\/index.php\/wp-json\/wp\/v2\/product_tag?post=1165"}],"curies":[{"name":"wp","href":"https:\/\/api.w.org\/{rel}","templated":true}]}}