{"id":1290,"date":"2018-07-04T12:23:54","date_gmt":"2018-07-04T11:23:54","guid":{"rendered":"http:\/\/manawea.com\/?post_type=product&#038;p=1290"},"modified":"2022-12-30T10:58:12","modified_gmt":"2022-12-30T09:58:12","slug":"miroir-rond-en-macrame-et-corde-de-jute","status":"publish","type":"product","link":"https:\/\/manawea.com\/index.php\/produit\/miroir-rond-en-macrame-et-corde-de-jute\/","title":{"rendered":"Miroir rond en macram\u00e9 et corde de jute"},"content":{"rendered":"<p><strong>Ce miroir rond en macram\u00e9 mural <\/strong>est r\u00e9alis\u00e9 avec de la <strong>corde de jute <\/strong>de qualit\u00e9. Il est nou\u00e9 \u00e0 la main avec la technique du <strong>macram\u00e9<\/strong> dans mon atelier proche de Montpellier. Toutes mes cr\u00e9ations sont r\u00e9alis\u00e9es avec passion et avec soin.<\/p>\n<ul>\n<li>DIMENSIONS:<br \/>\nDiam\u00e8tre du miroir: 15 cm<br \/>\nDiam\u00e8tre du miroir avec le macram\u00e9: 25 cm<\/li>\n<li>CREATION SUR COMMANDE:<br \/>\nChaque pi\u00e8ce est faite sur commande. Le macram\u00e9 sera reproduit aussi pr\u00e9cis\u00e9ment que possible, cependant, notez que la r\u00e9alisation \u00e0 la main fait qu&rsquo;il y aura des l\u00e9g\u00e8res variations. De ce fait, toutes les cr\u00e9ations en macram\u00e9s sont des pi\u00e8ces uniques, r\u00e9alis\u00e9es sp\u00e9cialement pour vous.<br \/>\nUn d\u00e9lais de 3\u00e0 7 jours de cr\u00e9ation est n\u00e9cessaire pour la r\u00e9alisation de cette pi\u00e8ce.<br \/>\nVotre commande sera ensuite emball\u00e9e avec soin puis rapidement exp\u00e9di\u00e9e.<br \/>\nJe ferai de mon mieux pour rentre le temps de traitement et de cr\u00e9ation aussi court que possible. Malgr\u00e9 tout, si vous avez un d\u00e9lai \u00e0 respecter, contactez-moi pour que je traite votre commande rapidement.)<\/li>\n<li>PERSONNALISATION:<br \/>\nSi vous souhaitez une pi\u00e8ce sp\u00e9ciale, je serai ravie d&rsquo;adapter mes cr\u00e9ations \u00e0 vos envies et besoins (dimensions sp\u00e9ciales, motifs diff\u00e9rents, couleurs diff\u00e9rentes, budget \u00e0 respecter)<br \/>\nSi vous avez des questions, n&rsquo;h\u00e9sitez pas \u00e0 me contacter, j&rsquo;y r\u00e9pondrai avec plaisir!<\/li>\n<\/ul>\n<p>Pour suivre les coulisses de mon travail n&rsquo;h\u00e9sitez pas \u00e0 me suivre sur instagram: https:\/\/www.instagram.com\/_manawea\/<\/p>\n","protected":false},"excerpt":{"rendered":"<p>Ce miroir rond en macram\u00e9 est r\u00e9alis\u00e9 artisanalement dans mon atelier dans le sud de la France.<br \/>\nJ&rsquo;utilise la technique du macram\u00e9 pour nouer les cordes de jute.<\/p>\n<p>Ce miroir apportera une touche ethnique \u00e0 votre d\u00e9coration<\/p>\n<p>Dimensions:<br \/>\n-diam\u00e8tre du miroir 15cm<br \/>\n-diam\u00e8tre au total: 25cm<\/p>\n<p>La taille, le motif et les couleurs sont personnalisables. Si vous souhaitez une cr\u00e9ation sp\u00e9ciales n&rsquo;h\u00e9sitez pas \u00e0 me contacter.<\/p>\n","protected":false},"featured_media":1291,"template":"","meta":[],"product_cat":[75],"product_tag":[],"yoast_head":"<!-- This site is optimized with the Yoast SEO plugin v21.6 - https:\/\/yoast.com\/wordpress\/plugins\/seo\/ -->\n<title>Miroir rond en macram\u00e9 et corde de jute &#8226; Manawea<\/title>\n<meta name=\"description\" content=\"Miroir rond en macram\u00e9, nou\u00e9 artisanalement avec de la corde de jute. Id\u00e9al pour une d\u00e9coration boh\u00e8me et ethnique. Dimension du macram\u00e9: 25cm au total.\" \/>\n<meta name=\"robots\" content=\"index, follow, max-snippet:-1, max-image-preview:large, max-video-preview:-1\" \/>\n<link rel=\"canonical\" href=\"https:\/\/manawea.com\/index.php\/produit\/miroir-rond-en-macrame-et-corde-de-jute\/\" \/>\n<meta property=\"og:locale\" content=\"fr_FR\" \/>\n<meta property=\"og:type\" content=\"article\" \/>\n<meta property=\"og:title\" content=\"Miroir rond en macram\u00e9 et corde de jute &#8226; Manawea\" \/>\n<meta property=\"og:description\" content=\"Miroir rond en macram\u00e9, nou\u00e9 artisanalement avec de la corde de jute. Id\u00e9al pour une d\u00e9coration boh\u00e8me et ethnique. Dimension du macram\u00e9: 25cm au total.\" \/>\n<meta property=\"og:url\" content=\"https:\/\/manawea.com\/index.php\/produit\/miroir-rond-en-macrame-et-corde-de-jute\/\" \/>\n<meta property=\"og:site_name\" content=\"Manawea\" \/>\n<meta property=\"article:publisher\" content=\"https:\/\/www.facebook.com\/manaweamacrame\/\" \/>\n<meta property=\"article:modified_time\" content=\"2022-12-30T09:58:12+00:00\" \/>\n<meta property=\"og:image\" content=\"https:\/\/manawea.com\/wp-content\/uploads\/2018\/07\/miroir-macram\u00e9-jute.jpg\" \/>\n\t<meta property=\"og:image:width\" content=\"569\" \/>\n\t<meta property=\"og:image:height\" content=\"570\" \/>\n\t<meta property=\"og:image:type\" content=\"image\/jpeg\" \/>\n<meta name=\"twitter:card\" content=\"summary_large_image\" \/>\n<meta name=\"twitter:label1\" content=\"Dur\u00e9e de lecture estim\u00e9e\" \/>\n\t<meta name=\"twitter:data1\" content=\"1 minute\" \/>\n<script type=\"application\/ld+json\" class=\"yoast-schema-graph\">{\"@context\":\"https:\/\/schema.org\",\"@graph\":[{\"@type\":\"WebPage\",\"@id\":\"https:\/\/manawea.com\/index.php\/produit\/miroir-rond-en-macrame-et-corde-de-jute\/\",\"url\":\"https:\/\/manawea.com\/index.php\/produit\/miroir-rond-en-macrame-et-corde-de-jute\/\",\"name\":\"Miroir rond en macram\u00e9 et corde de jute &#8226; Manawea\",\"isPartOf\":{\"@id\":\"https:\/\/manawea.com\/#website\"},\"datePublished\":\"2018-07-04T11:23:54+00:00\",\"dateModified\":\"2022-12-30T09:58:12+00:00\",\"description\":\"Miroir rond en macram\u00e9, nou\u00e9 artisanalement avec de la corde de jute. Id\u00e9al pour une d\u00e9coration boh\u00e8me et ethnique. Dimension du macram\u00e9: 25cm au total.\",\"breadcrumb\":{\"@id\":\"https:\/\/manawea.com\/index.php\/produit\/miroir-rond-en-macrame-et-corde-de-jute\/#breadcrumb\"},\"inLanguage\":\"fr-FR\",\"potentialAction\":[{\"@type\":\"ReadAction\",\"target\":[\"https:\/\/manawea.com\/index.php\/produit\/miroir-rond-en-macrame-et-corde-de-jute\/\"]}]},{\"@type\":\"BreadcrumbList\",\"@id\":\"https:\/\/manawea.com\/index.php\/produit\/miroir-rond-en-macrame-et-corde-de-jute\/#breadcrumb\",\"itemListElement\":[{\"@type\":\"ListItem\",\"position\":1,\"name\":\"Accueil\",\"item\":\"https:\/\/manawea.com\/\"},{\"@type\":\"ListItem\",\"position\":2,\"name\":\"Boutique\",\"item\":\"https:\/\/manawea.com\/index.php\/shop\/\"},{\"@type\":\"ListItem\",\"position\":3,\"name\":\"Miroir rond en macram\u00e9 et corde de jute\"}]},{\"@type\":\"WebSite\",\"@id\":\"https:\/\/manawea.com\/#website\",\"url\":\"https:\/\/manawea.com\/\",\"name\":\"Manawea Macram\u00e9s po\u00e9tiques\",\"description\":\"D\u00e9coration en laiton et macram\u00e9\",\"publisher\":{\"@id\":\"https:\/\/manawea.com\/#organization\"},\"potentialAction\":[{\"@type\":\"SearchAction\",\"target\":{\"@type\":\"EntryPoint\",\"urlTemplate\":\"https:\/\/manawea.com\/?s={search_term_string}\"},\"query-input\":\"required name=search_term_string\"}],\"inLanguage\":\"fr-FR\"},{\"@type\":\"Organization\",\"@id\":\"https:\/\/manawea.com\/#organization\",\"name\":\"manawea\",\"url\":\"https:\/\/manawea.com\/\",\"logo\":{\"@type\":\"ImageObject\",\"inLanguage\":\"fr-FR\",\"@id\":\"https:\/\/manawea.com\/#\/schema\/logo\/image\/\",\"url\":\"https:\/\/manawea.com\/wp-content\/uploads\/2018\/04\/logo.jpg\",\"contentUrl\":\"https:\/\/manawea.com\/wp-content\/uploads\/2018\/04\/logo.jpg\",\"width\":2341,\"height\":2485,\"caption\":\"manawea\"},\"image\":{\"@id\":\"https:\/\/manawea.com\/#\/schema\/logo\/image\/\"},\"sameAs\":[\"https:\/\/www.facebook.com\/manaweamacrame\/\",\"https:\/\/www.instagram.com\/_manawea\/\"]}]}<\/script>\n<!-- \/ Yoast SEO plugin. -->","yoast_head_json":{"title":"Miroir rond en macram\u00e9 et corde de jute &#8226; Manawea","description":"Miroir rond en macram\u00e9, nou\u00e9 artisanalement avec de la corde de jute. Id\u00e9al pour une d\u00e9coration boh\u00e8me et ethnique. Dimension du macram\u00e9: 25cm au total.","robots":{"index":"index","follow":"follow","max-snippet":"max-snippet:-1","max-image-preview":"max-image-preview:large","max-video-preview":"max-video-preview:-1"},"canonical":"https:\/\/manawea.com\/index.php\/produit\/miroir-rond-en-macrame-et-corde-de-jute\/","og_locale":"fr_FR","og_type":"article","og_title":"Miroir rond en macram\u00e9 et corde de jute &#8226; Manawea","og_description":"Miroir rond en macram\u00e9, nou\u00e9 artisanalement avec de la corde de jute. Id\u00e9al pour une d\u00e9coration boh\u00e8me et ethnique. Dimension du macram\u00e9: 25cm au total.","og_url":"https:\/\/manawea.com\/index.php\/produit\/miroir-rond-en-macrame-et-corde-de-jute\/","og_site_name":"Manawea","article_publisher":"https:\/\/www.facebook.com\/manaweamacrame\/","article_modified_time":"2022-12-30T09:58:12+00:00","og_image":[{"width":569,"height":570,"url":"https:\/\/manawea.com\/wp-content\/uploads\/2018\/07\/miroir-macram\u00e9-jute.jpg","type":"image\/jpeg"}],"twitter_card":"summary_large_image","twitter_misc":{"Dur\u00e9e de lecture estim\u00e9e":"1 minute"},"schema":{"@context":"https:\/\/schema.org","@graph":[{"@type":"WebPage","@id":"https:\/\/manawea.com\/index.php\/produit\/miroir-rond-en-macrame-et-corde-de-jute\/","url":"https:\/\/manawea.com\/index.php\/produit\/miroir-rond-en-macrame-et-corde-de-jute\/","name":"Miroir rond en macram\u00e9 et corde de jute &#8226; Manawea","isPartOf":{"@id":"https:\/\/manawea.com\/#website"},"datePublished":"2018-07-04T11:23:54+00:00","dateModified":"2022-12-30T09:58:12+00:00","description":"Miroir rond en macram\u00e9, nou\u00e9 artisanalement avec de la corde de jute. Id\u00e9al pour une d\u00e9coration boh\u00e8me et ethnique. Dimension du macram\u00e9: 25cm au total.","breadcrumb":{"@id":"https:\/\/manawea.com\/index.php\/produit\/miroir-rond-en-macrame-et-corde-de-jute\/#breadcrumb"},"inLanguage":"fr-FR","potentialAction":[{"@type":"ReadAction","target":["https:\/\/manawea.com\/index.php\/produit\/miroir-rond-en-macrame-et-corde-de-jute\/"]}]},{"@type":"BreadcrumbList","@id":"https:\/\/manawea.com\/index.php\/produit\/miroir-rond-en-macrame-et-corde-de-jute\/#breadcrumb","itemListElement":[{"@type":"ListItem","position":1,"name":"Accueil","item":"https:\/\/manawea.com\/"},{"@type":"ListItem","position":2,"name":"Boutique","item":"https:\/\/manawea.com\/index.php\/shop\/"},{"@type":"ListItem","position":3,"name":"Miroir rond en macram\u00e9 et corde de jute"}]},{"@type":"WebSite","@id":"https:\/\/manawea.com\/#website","url":"https:\/\/manawea.com\/","name":"Manawea Macram\u00e9s po\u00e9tiques","description":"D\u00e9coration en laiton et macram\u00e9","publisher":{"@id":"https:\/\/manawea.com\/#organization"},"potentialAction":[{"@type":"SearchAction","target":{"@type":"EntryPoint","urlTemplate":"https:\/\/manawea.com\/?s={search_term_string}"},"query-input":"required name=search_term_string"}],"inLanguage":"fr-FR"},{"@type":"Organization","@id":"https:\/\/manawea.com\/#organization","name":"manawea","url":"https:\/\/manawea.com\/","logo":{"@type":"ImageObject","inLanguage":"fr-FR","@id":"https:\/\/manawea.com\/#\/schema\/logo\/image\/","url":"https:\/\/manawea.com\/wp-content\/uploads\/2018\/04\/logo.jpg","contentUrl":"https:\/\/manawea.com\/wp-content\/uploads\/2018\/04\/logo.jpg","width":2341,"height":2485,"caption":"manawea"},"image":{"@id":"https:\/\/manawea.com\/#\/schema\/logo\/image\/"},"sameAs":["https:\/\/www.facebook.com\/manaweamacrame\/","https:\/\/www.instagram.com\/_manawea\/"]}]}},"_links":{"self":[{"href":"https:\/\/manawea.com\/index.php\/wp-json\/wp\/v2\/product\/1290"}],"collection":[{"href":"https:\/\/manawea.com\/index.php\/wp-json\/wp\/v2\/product"}],"about":[{"href":"https:\/\/manawea.com\/index.php\/wp-json\/wp\/v2\/types\/product"}],"wp:featuredmedia":[{"embeddable":true,"href":"https:\/\/manawea.com\/index.php\/wp-json\/wp\/v2\/media\/1291"}],"wp:attachment":[{"href":"https:\/\/manawea.com\/index.php\/wp-json\/wp\/v2\/media?parent=1290"}],"wp:term":[{"taxonomy":"product_cat","embeddable":true,"href":"https:\/\/manawea.com\/index.php\/wp-json\/wp\/v2\/product_cat?post=1290"},{"taxonomy":"product_tag","embeddable":true,"href":"https:\/\/manawea.com\/index.php\/wp-json\/wp\/v2\/product_tag?post=1290"}],"curies":[{"name":"wp","href":"https:\/\/api.w.org\/{rel}","templated":true}]}}