{"id":1321,"date":"2018-09-01T15:21:07","date_gmt":"2018-09-01T14:21:07","guid":{"rendered":"http:\/\/manawea.com\/?post_type=product&#038;p=1321"},"modified":"2022-12-30T10:57:59","modified_gmt":"2022-12-30T09:57:59","slug":"papillon-mural-en-macrame","status":"publish","type":"product","link":"https:\/\/manawea.com\/index.php\/produit\/papillon-mural-en-macrame\/","title":{"rendered":"Papillon mural en macram\u00e9 Lily"},"content":{"rendered":"<p><span style=\"display: inline !important; float: none; background-color: transparent; color: #222222; font-family: 'Graphik Webfont',-apple-system,BlinkMacSystemFont,'Roboto','Droid Sans','Segoe UI','Helvetica',Arial,sans-serif; font-size: 14px; font-style: normal; font-variant: normal; font-weight: 400; letter-spacing: normal; orphans: 2; text-align: left; text-decoration: none; text-indent: 0px; text-transform: none; -webkit-text-stroke-width: 0px; white-space: normal; word-spacing: 0px;\">Papillon mural en macram\u00e9 &#8211; mod\u00e8le Lily\u00a0<\/span><br \/>\n<span style=\"display: inline !important; float: none; background-color: transparent; color: #222222; font-family: 'Graphik Webfont',-apple-system,BlinkMacSystemFont,'Roboto','Droid Sans','Segoe UI','Helvetica',Arial,sans-serif; font-size: 14px; font-style: normal; font-variant: normal; font-weight: 400; letter-spacing: normal; orphans: 2; text-align: left; text-decoration: none; text-indent: 0px; text-transform: none; -webkit-text-stroke-width: 0px; white-space: normal; word-spacing: 0px;\">Il est r\u00e9alis\u00e9 \u00e0 la main et avec amour \u00e0 l&rsquo;aide de la technique du macram\u00e9. Fait avec de la corde de coton toute douce. <\/span><\/p>\n<p><span style=\"display: inline !important; float: none; background-color: transparent; color: #222222; font-family: 'Graphik Webfont',-apple-system,BlinkMacSystemFont,'Roboto','Droid Sans','Segoe UI','Helvetica',Arial,sans-serif; font-size: 14px; font-style: normal; font-variant: normal; font-weight: 400; letter-spacing: normal; orphans: 2; text-align: left; text-decoration: none; text-indent: 0px; text-transform: none; -webkit-text-stroke-width: 0px; white-space: normal; word-spacing: 0px;\">Un papillon mesure environ 13 cm<\/span><\/p>\n<p><span style=\"display: inline !important; float: none; background-color: transparent; color: #222222; font-family: 'Graphik Webfont',-apple-system,BlinkMacSystemFont,'Roboto','Droid Sans','Segoe UI','Helvetica',Arial,sans-serif; font-size: 14px; font-style: normal; font-variant: normal; font-weight: 400; letter-spacing: normal; orphans: 2; text-align: left; text-decoration: none; text-indent: 0px; text-transform: none; -webkit-text-stroke-width: 0px; white-space: normal; word-spacing: 0px;\">C&rsquo;est une cr\u00e9ation originale et po\u00e9tique, id\u00e9ale pour d\u00e9corer la chambre des b\u00e9b\u00e9s ou de vos enfants. <\/span><br \/>\n<span style=\"display: inline !important; float: none; background-color: transparent; color: #222222; font-family: 'Graphik Webfont',-apple-system,BlinkMacSystemFont,'Roboto','Droid Sans','Segoe UI','Helvetica',Arial,sans-serif; font-size: 14px; font-style: normal; font-variant: normal; font-weight: 400; letter-spacing: normal; orphans: 2; text-align: left; text-decoration: none; text-indent: 0px; text-transform: none; -webkit-text-stroke-width: 0px; white-space: normal; word-spacing: 0px;\">Il peut aussi \u00eatre un \u00e9l\u00e9ment de d\u00e9coration pour vos babyshower ou bapt\u00eame. <\/span><br \/>\n<span style=\"display: inline !important; float: none; background-color: transparent; color: #222222; font-family: 'Graphik Webfont',-apple-system,BlinkMacSystemFont,'Roboto','Droid Sans','Segoe UI','Helvetica',Arial,sans-serif; font-size: 14px; font-style: normal; font-variant: normal; font-weight: 400; letter-spacing: normal; orphans: 2; text-align: left; text-decoration: none; text-indent: 0px; text-transform: none; -webkit-text-stroke-width: 0px; white-space: normal; word-spacing: 0px;\">Vous pouvez l&rsquo;accrocher au mur ou bien le poser sur un meuble. <\/span><\/p>\n<p><span style=\"display: inline !important; float: none; background-color: transparent; color: #222222; font-family: 'Graphik Webfont',-apple-system,BlinkMacSystemFont,'Roboto','Droid Sans','Segoe UI','Helvetica',Arial,sans-serif; font-size: 14px; font-style: normal; font-variant: normal; font-weight: 400; letter-spacing: normal; orphans: 2; text-align: left; text-decoration: none; text-indent: 0px; text-transform: none; -webkit-text-stroke-width: 0px; white-space: normal; word-spacing: 0px;\">Chaque pi\u00e8ce \u00e9tant faite \u00e0 la main, les papillons ne peuvent pas \u00eatre exactement identiques. Le votre pourra \u00eatre l\u00e9g\u00e8rement diff\u00e9rent que celui sur la photo mais sera tout aussi joli.<\/span><\/p>\n<p><span style=\"display: inline !important; float: none; background-color: transparent; color: #222222; font-family: 'Graphik Webfont',-apple-system,BlinkMacSystemFont,'Roboto','Droid Sans','Segoe UI','Helvetica',Arial,sans-serif; font-size: 14px; font-style: normal; font-variant: normal; font-weight: 400; letter-spacing: normal; orphans: 2; text-align: left; text-decoration: none; text-indent: 0px; text-transform: none; -webkit-text-stroke-width: 0px; white-space: normal; word-spacing: 0px;\">Si vous souhaitez des papillons de taille ou couleur diff\u00e9rente n&rsquo;h\u00e9sitez pas \u00e0 me contacter. <\/span><\/p>\n<p><span style=\"display: inline !important; float: none; background-color: transparent; color: #222222; font-family: 'Graphik Webfont',-apple-system,BlinkMacSystemFont,'Roboto','Droid Sans','Segoe UI','Helvetica',Arial,sans-serif; font-size: 14px; font-style: normal; font-variant: normal; font-weight: 400; letter-spacing: normal; orphans: 2; text-align: left; text-decoration: none; text-indent: 0px; text-transform: none; -webkit-text-stroke-width: 0px; white-space: normal; word-spacing: 0px;\">Cette fiche est valable pour 1 seul papillon <\/span><\/p>\n","protected":false},"excerpt":{"rendered":"<p><span style=\"display: inline !important; float: none; background-color: transparent; color: #222222; font-family: 'Graphik Webfont',-apple-system,BlinkMacSystemFont,'Roboto','Droid Sans','Segoe UI','Helvetica',Arial,sans-serif; font-size: 14px; font-style: normal; font-variant: normal; font-weight: 400; letter-spacing: normal; orphans: 2; text-align: left; text-decoration: none; text-indent: 0px; text-transform: none; -webkit-text-stroke-width: 0px; white-space: normal; word-spacing: 0px;\">Papillon mural en macram\u00e9 &#8211; mod\u00e8le Lily<\/span><br \/>\n<span style=\"display: inline !important; float: none; background-color: transparent; color: #222222; font-family: 'Graphik Webfont',-apple-system,BlinkMacSystemFont,'Roboto','Droid Sans','Segoe UI','Helvetica',Arial,sans-serif; font-size: 14px; font-style: normal; font-variant: normal; font-weight: 400; letter-spacing: normal; orphans: 2; text-align: left; text-decoration: none; text-indent: 0px; text-transform: none; -webkit-text-stroke-width: 0px; white-space: normal; word-spacing: 0px;\">Il est r\u00e9alis\u00e9 \u00e0 la main et avec amour \u00e0 l&rsquo;aide de la technique du macram\u00e9. Fait avec de la corde de coton toute douce. <\/span><\/p>\n<p><span style=\"display: inline !important; float: none; background-color: transparent; color: #222222; font-family: 'Graphik Webfont',-apple-system,BlinkMacSystemFont,'Roboto','Droid Sans','Segoe UI','Helvetica',Arial,sans-serif; font-size: 14px; font-style: normal; font-variant: normal; font-weight: 400; letter-spacing: normal; orphans: 2; text-align: left; text-decoration: none; text-indent: 0px; text-transform: none; -webkit-text-stroke-width: 0px; white-space: normal; word-spacing: 0px;\">Un papillon mesure environ 13 cm<\/span><\/p>\n<p><span style=\"display: inline !important; float: none; background-color: transparent; color: #222222; font-family: 'Graphik Webfont',-apple-system,BlinkMacSystemFont,'Roboto','Droid Sans','Segoe UI','Helvetica',Arial,sans-serif; font-size: 14px; font-style: normal; font-variant: normal; font-weight: 400; letter-spacing: normal; orphans: 2; text-align: left; text-decoration: none; text-indent: 0px; text-transform: none; -webkit-text-stroke-width: 0px; white-space: normal; word-spacing: 0px;\">C&rsquo;est une cr\u00e9ation originale et po\u00e9tique, id\u00e9ale pour d\u00e9corer la chambre des b\u00e9b\u00e9s ou de vos enfants. <\/span><br \/>\n<span style=\"display: inline !important; float: none; background-color: transparent; color: #222222; font-family: 'Graphik Webfont',-apple-system,BlinkMacSystemFont,'Roboto','Droid Sans','Segoe UI','Helvetica',Arial,sans-serif; font-size: 14px; font-style: normal; font-variant: normal; font-weight: 400; letter-spacing: normal; orphans: 2; text-align: left; text-decoration: none; text-indent: 0px; text-transform: none; -webkit-text-stroke-width: 0px; white-space: normal; word-spacing: 0px;\">Il peut aussi \u00eatre un \u00e9l\u00e9ment de d\u00e9coration pour vos babyshower ou bapt\u00eame. <\/span><br \/>\n<span style=\"display: inline !important; float: none; background-color: transparent; color: #222222; font-family: 'Graphik Webfont',-apple-system,BlinkMacSystemFont,'Roboto','Droid Sans','Segoe UI','Helvetica',Arial,sans-serif; font-size: 14px; font-style: normal; font-variant: normal; font-weight: 400; letter-spacing: normal; orphans: 2; text-align: left; text-decoration: none; text-indent: 0px; text-transform: none; -webkit-text-stroke-width: 0px; white-space: normal; word-spacing: 0px;\">Vous pouvez l&rsquo;accrocher au mur ou bien le poser sur un meuble. <\/span><\/p>\n<p><span style=\"display: inline !important; float: none; background-color: transparent; color: #222222; font-family: 'Graphik Webfont',-apple-system,BlinkMacSystemFont,'Roboto','Droid Sans','Segoe UI','Helvetica',Arial,sans-serif; font-size: 14px; font-style: normal; font-variant: normal; font-weight: 400; letter-spacing: normal; orphans: 2; text-align: left; text-decoration: none; text-indent: 0px; text-transform: none; -webkit-text-stroke-width: 0px; white-space: normal; word-spacing: 0px;\">Chaque pi\u00e8ce \u00e9tant faite \u00e0 la main, les papillons ne peuvent pas \u00eatre exactement identiques. Le votre pourra \u00eatre l\u00e9g\u00e8rement diff\u00e9rent que celui sur la photo mais sera tout aussi joli.<\/span><\/p>\n<p><span style=\"display: inline !important; float: none; background-color: transparent; color: #222222; font-family: 'Graphik Webfont',-apple-system,BlinkMacSystemFont,'Roboto','Droid Sans','Segoe UI','Helvetica',Arial,sans-serif; font-size: 14px; font-style: normal; font-variant: normal; font-weight: 400; letter-spacing: normal; orphans: 2; text-align: left; text-decoration: none; text-indent: 0px; text-transform: none; -webkit-text-stroke-width: 0px; white-space: normal; word-spacing: 0px;\">Si vous souhaitez des papillons de taille ou couleur diff\u00e9rente n&rsquo;h\u00e9sitez pas \u00e0 me contacter. <\/span><\/p>\n<p><span style=\"display: inline !important; float: none; background-color: transparent; color: #222222; font-family: 'Graphik Webfont',-apple-system,BlinkMacSystemFont,'Roboto','Droid Sans','Segoe UI','Helvetica',Arial,sans-serif; font-size: 14px; font-style: normal; font-variant: normal; font-weight: 400; letter-spacing: normal; orphans: 2; text-align: left; text-decoration: none; text-indent: 0px; text-transform: none; -webkit-text-stroke-width: 0px; white-space: normal; word-spacing: 0px;\">Cette fiche est valable pour 1 seul papillon <\/span><\/p>\n","protected":false},"featured_media":1318,"template":"","meta":[],"product_cat":[20],"product_tag":[],"yoast_head":"<!-- This site is optimized with the Yoast SEO plugin v21.6 - https:\/\/yoast.com\/wordpress\/plugins\/seo\/ -->\n<title>Papillon mural en macram\u00e9 Lily &#8226; Manawea<\/title>\n<meta name=\"description\" content=\"Ce papillon mural en macram\u00e9 s&#039;accroche sur les murs ou se pose sur un meuble. C&#039;est une d\u00e9coration po\u00e9tique id\u00e9ale pour la chambre des b\u00e9b\u00e9s ou des enfants\" \/>\n<meta name=\"robots\" content=\"index, follow, max-snippet:-1, max-image-preview:large, max-video-preview:-1\" \/>\n<link rel=\"canonical\" href=\"https:\/\/manawea.com\/index.php\/produit\/papillon-mural-en-macrame\/\" \/>\n<meta property=\"og:locale\" content=\"fr_FR\" \/>\n<meta property=\"og:type\" content=\"article\" \/>\n<meta property=\"og:title\" content=\"Papillon mural en macram\u00e9 Lily &#8226; Manawea\" \/>\n<meta property=\"og:description\" content=\"Ce papillon mural en macram\u00e9 s&#039;accroche sur les murs ou se pose sur un meuble. C&#039;est une d\u00e9coration po\u00e9tique id\u00e9ale pour la chambre des b\u00e9b\u00e9s ou des enfants\" \/>\n<meta property=\"og:url\" content=\"https:\/\/manawea.com\/index.php\/produit\/papillon-mural-en-macrame\/\" \/>\n<meta property=\"og:site_name\" content=\"Manawea\" \/>\n<meta property=\"article:publisher\" content=\"https:\/\/www.facebook.com\/manaweamacrame\/\" \/>\n<meta property=\"article:modified_time\" content=\"2022-12-30T09:57:59+00:00\" \/>\n<meta property=\"og:image\" content=\"https:\/\/manawea.com\/wp-content\/uploads\/2018\/09\/papillon-en-macram\u00e9-scaled.jpg\" \/>\n\t<meta property=\"og:image:width\" content=\"2560\" \/>\n\t<meta property=\"og:image:height\" content=\"2560\" \/>\n\t<meta property=\"og:image:type\" content=\"image\/jpeg\" \/>\n<meta name=\"twitter:card\" content=\"summary_large_image\" \/>\n<meta name=\"twitter:label1\" content=\"Dur\u00e9e de lecture estim\u00e9e\" \/>\n\t<meta name=\"twitter:data1\" content=\"1 minute\" \/>\n<script type=\"application\/ld+json\" class=\"yoast-schema-graph\">{\"@context\":\"https:\/\/schema.org\",\"@graph\":[{\"@type\":\"WebPage\",\"@id\":\"https:\/\/manawea.com\/index.php\/produit\/papillon-mural-en-macrame\/\",\"url\":\"https:\/\/manawea.com\/index.php\/produit\/papillon-mural-en-macrame\/\",\"name\":\"Papillon mural en macram\u00e9 Lily &#8226; Manawea\",\"isPartOf\":{\"@id\":\"https:\/\/manawea.com\/#website\"},\"datePublished\":\"2018-09-01T14:21:07+00:00\",\"dateModified\":\"2022-12-30T09:57:59+00:00\",\"description\":\"Ce papillon mural en macram\u00e9 s'accroche sur les murs ou se pose sur un meuble. C'est une d\u00e9coration po\u00e9tique id\u00e9ale pour la chambre des b\u00e9b\u00e9s ou des enfants\",\"breadcrumb\":{\"@id\":\"https:\/\/manawea.com\/index.php\/produit\/papillon-mural-en-macrame\/#breadcrumb\"},\"inLanguage\":\"fr-FR\",\"potentialAction\":[{\"@type\":\"ReadAction\",\"target\":[\"https:\/\/manawea.com\/index.php\/produit\/papillon-mural-en-macrame\/\"]}]},{\"@type\":\"BreadcrumbList\",\"@id\":\"https:\/\/manawea.com\/index.php\/produit\/papillon-mural-en-macrame\/#breadcrumb\",\"itemListElement\":[{\"@type\":\"ListItem\",\"position\":1,\"name\":\"Accueil\",\"item\":\"https:\/\/manawea.com\/\"},{\"@type\":\"ListItem\",\"position\":2,\"name\":\"Boutique\",\"item\":\"https:\/\/manawea.com\/index.php\/shop\/\"},{\"@type\":\"ListItem\",\"position\":3,\"name\":\"Papillon mural en macram\u00e9 Lily\"}]},{\"@type\":\"WebSite\",\"@id\":\"https:\/\/manawea.com\/#website\",\"url\":\"https:\/\/manawea.com\/\",\"name\":\"Manawea Macram\u00e9s po\u00e9tiques\",\"description\":\"D\u00e9coration en laiton et macram\u00e9\",\"publisher\":{\"@id\":\"https:\/\/manawea.com\/#organization\"},\"potentialAction\":[{\"@type\":\"SearchAction\",\"target\":{\"@type\":\"EntryPoint\",\"urlTemplate\":\"https:\/\/manawea.com\/?s={search_term_string}\"},\"query-input\":\"required name=search_term_string\"}],\"inLanguage\":\"fr-FR\"},{\"@type\":\"Organization\",\"@id\":\"https:\/\/manawea.com\/#organization\",\"name\":\"manawea\",\"url\":\"https:\/\/manawea.com\/\",\"logo\":{\"@type\":\"ImageObject\",\"inLanguage\":\"fr-FR\",\"@id\":\"https:\/\/manawea.com\/#\/schema\/logo\/image\/\",\"url\":\"https:\/\/manawea.com\/wp-content\/uploads\/2018\/04\/logo.jpg\",\"contentUrl\":\"https:\/\/manawea.com\/wp-content\/uploads\/2018\/04\/logo.jpg\",\"width\":2341,\"height\":2485,\"caption\":\"manawea\"},\"image\":{\"@id\":\"https:\/\/manawea.com\/#\/schema\/logo\/image\/\"},\"sameAs\":[\"https:\/\/www.facebook.com\/manaweamacrame\/\",\"https:\/\/www.instagram.com\/_manawea\/\"]}]}<\/script>\n<!-- \/ Yoast SEO plugin. -->","yoast_head_json":{"title":"Papillon mural en macram\u00e9 Lily &#8226; Manawea","description":"Ce papillon mural en macram\u00e9 s'accroche sur les murs ou se pose sur un meuble. C'est une d\u00e9coration po\u00e9tique id\u00e9ale pour la chambre des b\u00e9b\u00e9s ou des enfants","robots":{"index":"index","follow":"follow","max-snippet":"max-snippet:-1","max-image-preview":"max-image-preview:large","max-video-preview":"max-video-preview:-1"},"canonical":"https:\/\/manawea.com\/index.php\/produit\/papillon-mural-en-macrame\/","og_locale":"fr_FR","og_type":"article","og_title":"Papillon mural en macram\u00e9 Lily &#8226; Manawea","og_description":"Ce papillon mural en macram\u00e9 s'accroche sur les murs ou se pose sur un meuble. C'est une d\u00e9coration po\u00e9tique id\u00e9ale pour la chambre des b\u00e9b\u00e9s ou des enfants","og_url":"https:\/\/manawea.com\/index.php\/produit\/papillon-mural-en-macrame\/","og_site_name":"Manawea","article_publisher":"https:\/\/www.facebook.com\/manaweamacrame\/","article_modified_time":"2022-12-30T09:57:59+00:00","og_image":[{"width":2560,"height":2560,"url":"https:\/\/manawea.com\/wp-content\/uploads\/2018\/09\/papillon-en-macram\u00e9-scaled.jpg","type":"image\/jpeg"}],"twitter_card":"summary_large_image","twitter_misc":{"Dur\u00e9e de lecture estim\u00e9e":"1 minute"},"schema":{"@context":"https:\/\/schema.org","@graph":[{"@type":"WebPage","@id":"https:\/\/manawea.com\/index.php\/produit\/papillon-mural-en-macrame\/","url":"https:\/\/manawea.com\/index.php\/produit\/papillon-mural-en-macrame\/","name":"Papillon mural en macram\u00e9 Lily &#8226; Manawea","isPartOf":{"@id":"https:\/\/manawea.com\/#website"},"datePublished":"2018-09-01T14:21:07+00:00","dateModified":"2022-12-30T09:57:59+00:00","description":"Ce papillon mural en macram\u00e9 s'accroche sur les murs ou se pose sur un meuble. C'est une d\u00e9coration po\u00e9tique id\u00e9ale pour la chambre des b\u00e9b\u00e9s ou des enfants","breadcrumb":{"@id":"https:\/\/manawea.com\/index.php\/produit\/papillon-mural-en-macrame\/#breadcrumb"},"inLanguage":"fr-FR","potentialAction":[{"@type":"ReadAction","target":["https:\/\/manawea.com\/index.php\/produit\/papillon-mural-en-macrame\/"]}]},{"@type":"BreadcrumbList","@id":"https:\/\/manawea.com\/index.php\/produit\/papillon-mural-en-macrame\/#breadcrumb","itemListElement":[{"@type":"ListItem","position":1,"name":"Accueil","item":"https:\/\/manawea.com\/"},{"@type":"ListItem","position":2,"name":"Boutique","item":"https:\/\/manawea.com\/index.php\/shop\/"},{"@type":"ListItem","position":3,"name":"Papillon mural en macram\u00e9 Lily"}]},{"@type":"WebSite","@id":"https:\/\/manawea.com\/#website","url":"https:\/\/manawea.com\/","name":"Manawea Macram\u00e9s po\u00e9tiques","description":"D\u00e9coration en laiton et macram\u00e9","publisher":{"@id":"https:\/\/manawea.com\/#organization"},"potentialAction":[{"@type":"SearchAction","target":{"@type":"EntryPoint","urlTemplate":"https:\/\/manawea.com\/?s={search_term_string}"},"query-input":"required name=search_term_string"}],"inLanguage":"fr-FR"},{"@type":"Organization","@id":"https:\/\/manawea.com\/#organization","name":"manawea","url":"https:\/\/manawea.com\/","logo":{"@type":"ImageObject","inLanguage":"fr-FR","@id":"https:\/\/manawea.com\/#\/schema\/logo\/image\/","url":"https:\/\/manawea.com\/wp-content\/uploads\/2018\/04\/logo.jpg","contentUrl":"https:\/\/manawea.com\/wp-content\/uploads\/2018\/04\/logo.jpg","width":2341,"height":2485,"caption":"manawea"},"image":{"@id":"https:\/\/manawea.com\/#\/schema\/logo\/image\/"},"sameAs":["https:\/\/www.facebook.com\/manaweamacrame\/","https:\/\/www.instagram.com\/_manawea\/"]}]}},"_links":{"self":[{"href":"https:\/\/manawea.com\/index.php\/wp-json\/wp\/v2\/product\/1321"}],"collection":[{"href":"https:\/\/manawea.com\/index.php\/wp-json\/wp\/v2\/product"}],"about":[{"href":"https:\/\/manawea.com\/index.php\/wp-json\/wp\/v2\/types\/product"}],"wp:featuredmedia":[{"embeddable":true,"href":"https:\/\/manawea.com\/index.php\/wp-json\/wp\/v2\/media\/1318"}],"wp:attachment":[{"href":"https:\/\/manawea.com\/index.php\/wp-json\/wp\/v2\/media?parent=1321"}],"wp:term":[{"taxonomy":"product_cat","embeddable":true,"href":"https:\/\/manawea.com\/index.php\/wp-json\/wp\/v2\/product_cat?post=1321"},{"taxonomy":"product_tag","embeddable":true,"href":"https:\/\/manawea.com\/index.php\/wp-json\/wp\/v2\/product_tag?post=1321"}],"curies":[{"name":"wp","href":"https:\/\/api.w.org\/{rel}","templated":true}]}}