{"id":1327,"date":"2018-09-04T15:31:56","date_gmt":"2018-09-04T14:31:56","guid":{"rendered":"http:\/\/manawea.com\/?post_type=product&#038;p=1327"},"modified":"2022-12-30T10:57:50","modified_gmt":"2022-12-30T09:57:50","slug":"marque-page-en-macrame","status":"publish","type":"product","link":"https:\/\/manawea.com\/index.php\/produit\/marque-page-en-macrame\/","title":{"rendered":"Marque-page en macram\u00e9"},"content":{"rendered":"<p>Ce marque page en macram\u00e9 est r\u00e9alis\u00e9 \u00e0 la main dans mon atelier dans le Sud de la France. Nou\u00e9 avec de la corde 100% coton \u00e9cru avec la technique ancestrale du macram\u00e9.<\/p>\n<p>C&rsquo;est un petit plaisir suppl\u00e9mentaire avant de se plonger dans votre bouquin pr\u00e9f\u00e9r\u00e9.\u00a0<span style=\"display: inline !important; float: none; background-color: transparent; color: #666666; cursor: text; font-family: 'Quicksand'; font-size: 14px; font-style: normal; font-variant: normal; font-weight: 400; letter-spacing: normal; orphans: 2; text-align: left; text-decoration: none; text-indent: 0px; text-transform: none; -webkit-text-stroke-width: 0px; white-space: normal; word-spacing: 0px;\">Il est destin\u00e9 aux amoureux des livres et de la lecture. <\/span>Il fera un cadeau id\u00e9al pour vos proches<\/p>\n","protected":false},"excerpt":{"rendered":"<p>Ce <strong>marque-page en macram\u00e9<\/strong> est un must-have si vous aimez la lecture, un petit plaisir suppl\u00e9mentaire avant de vous plonger dans votre livre pr\u00e9f\u00e9r\u00e9.<br \/>\n<span style=\"display: inline !important; float: none; background-color: transparent; color: #666666; cursor: text; font-family: 'Quicksand'; font-size: 14px; font-style: normal; font-variant: normal; font-weight: 400; letter-spacing: normal; orphans: 2; text-align: left; text-decoration: none; text-indent: 0px; text-transform: none; -webkit-text-stroke-width: 0px; white-space: normal; word-spacing: 0px;\">Il fera aussi un joli cadeau pour les amoureux des livres ou un cadeau d\u00e9licat pour les invit\u00e9s au mariage ou demoiselles d&rsquo;honneur\u2026\u00a0<\/span><\/p>\n<p>Le marque page est nou\u00e9 \u00e0 la main avec de la corde 100% coton de coloris naturel \u00e9cru.<\/p>\n<p>Dimensions approximatives:\u00a0 27cmx2.5cm<\/p>\n<p>Ces marques pages sont fait \u00e0 la main et sur commande, votre produit pourra donc \u00eatre l\u00e9g\u00e8rement diff\u00e9rent de celui sur la photo.<\/p>\n<p>S&rsquo;il vous en faut en grand nombre, n&rsquo;h\u00e9sitez pas \u00e0 me demander un devis.<\/p>\n","protected":false},"featured_media":1329,"template":"","meta":[],"product_cat":[20],"product_tag":[],"yoast_head":"<!-- This site is optimized with the Yoast SEO plugin v21.6 - https:\/\/yoast.com\/wordpress\/plugins\/seo\/ -->\n<title>Marque-page en macram\u00e9 &#8226; Manawea<\/title>\n<meta name=\"description\" content=\"Ce marque-page en macram\u00e9 est un objet d\u00e9licat destin\u00e9 aux amoureux des livres et de la lecture. Il est nou\u00e9 \u00e0 la main avec de la corde de coton \u00e9cru.\" \/>\n<meta name=\"robots\" content=\"index, follow, max-snippet:-1, max-image-preview:large, max-video-preview:-1\" \/>\n<link rel=\"canonical\" href=\"https:\/\/manawea.com\/index.php\/produit\/marque-page-en-macrame\/\" \/>\n<meta property=\"og:locale\" content=\"fr_FR\" \/>\n<meta property=\"og:type\" content=\"article\" \/>\n<meta property=\"og:title\" content=\"Marque-page en macram\u00e9 &#8226; Manawea\" \/>\n<meta property=\"og:description\" content=\"Ce marque-page en macram\u00e9 est un objet d\u00e9licat destin\u00e9 aux amoureux des livres et de la lecture. Il est nou\u00e9 \u00e0 la main avec de la corde de coton \u00e9cru.\" \/>\n<meta property=\"og:url\" content=\"https:\/\/manawea.com\/index.php\/produit\/marque-page-en-macrame\/\" \/>\n<meta property=\"og:site_name\" content=\"Manawea\" \/>\n<meta property=\"article:publisher\" content=\"https:\/\/www.facebook.com\/manaweamacrame\/\" \/>\n<meta property=\"article:modified_time\" content=\"2022-12-30T09:57:50+00:00\" \/>\n<meta property=\"og:image\" content=\"https:\/\/manawea.com\/wp-content\/uploads\/2018\/09\/marque-page-macram\u00e9-1-scaled.jpg\" \/>\n\t<meta property=\"og:image:width\" content=\"2560\" \/>\n\t<meta property=\"og:image:height\" content=\"2560\" \/>\n\t<meta property=\"og:image:type\" content=\"image\/jpeg\" \/>\n<meta name=\"twitter:card\" content=\"summary_large_image\" \/>\n<script type=\"application\/ld+json\" class=\"yoast-schema-graph\">{\"@context\":\"https:\/\/schema.org\",\"@graph\":[{\"@type\":\"WebPage\",\"@id\":\"https:\/\/manawea.com\/index.php\/produit\/marque-page-en-macrame\/\",\"url\":\"https:\/\/manawea.com\/index.php\/produit\/marque-page-en-macrame\/\",\"name\":\"Marque-page en macram\u00e9 &#8226; Manawea\",\"isPartOf\":{\"@id\":\"https:\/\/manawea.com\/#website\"},\"datePublished\":\"2018-09-04T14:31:56+00:00\",\"dateModified\":\"2022-12-30T09:57:50+00:00\",\"description\":\"Ce marque-page en macram\u00e9 est un objet d\u00e9licat destin\u00e9 aux amoureux des livres et de la lecture. Il est nou\u00e9 \u00e0 la main avec de la corde de coton \u00e9cru.\",\"breadcrumb\":{\"@id\":\"https:\/\/manawea.com\/index.php\/produit\/marque-page-en-macrame\/#breadcrumb\"},\"inLanguage\":\"fr-FR\",\"potentialAction\":[{\"@type\":\"ReadAction\",\"target\":[\"https:\/\/manawea.com\/index.php\/produit\/marque-page-en-macrame\/\"]}]},{\"@type\":\"BreadcrumbList\",\"@id\":\"https:\/\/manawea.com\/index.php\/produit\/marque-page-en-macrame\/#breadcrumb\",\"itemListElement\":[{\"@type\":\"ListItem\",\"position\":1,\"name\":\"Accueil\",\"item\":\"https:\/\/manawea.com\/\"},{\"@type\":\"ListItem\",\"position\":2,\"name\":\"Boutique\",\"item\":\"https:\/\/manawea.com\/index.php\/shop\/\"},{\"@type\":\"ListItem\",\"position\":3,\"name\":\"Marque-page en macram\u00e9\"}]},{\"@type\":\"WebSite\",\"@id\":\"https:\/\/manawea.com\/#website\",\"url\":\"https:\/\/manawea.com\/\",\"name\":\"Manawea Macram\u00e9s po\u00e9tiques\",\"description\":\"D\u00e9coration en laiton et macram\u00e9\",\"publisher\":{\"@id\":\"https:\/\/manawea.com\/#organization\"},\"potentialAction\":[{\"@type\":\"SearchAction\",\"target\":{\"@type\":\"EntryPoint\",\"urlTemplate\":\"https:\/\/manawea.com\/?s={search_term_string}\"},\"query-input\":\"required name=search_term_string\"}],\"inLanguage\":\"fr-FR\"},{\"@type\":\"Organization\",\"@id\":\"https:\/\/manawea.com\/#organization\",\"name\":\"manawea\",\"url\":\"https:\/\/manawea.com\/\",\"logo\":{\"@type\":\"ImageObject\",\"inLanguage\":\"fr-FR\",\"@id\":\"https:\/\/manawea.com\/#\/schema\/logo\/image\/\",\"url\":\"https:\/\/manawea.com\/wp-content\/uploads\/2018\/04\/logo.jpg\",\"contentUrl\":\"https:\/\/manawea.com\/wp-content\/uploads\/2018\/04\/logo.jpg\",\"width\":2341,\"height\":2485,\"caption\":\"manawea\"},\"image\":{\"@id\":\"https:\/\/manawea.com\/#\/schema\/logo\/image\/\"},\"sameAs\":[\"https:\/\/www.facebook.com\/manaweamacrame\/\",\"https:\/\/www.instagram.com\/_manawea\/\"]}]}<\/script>\n<!-- \/ Yoast SEO plugin. -->","yoast_head_json":{"title":"Marque-page en macram\u00e9 &#8226; Manawea","description":"Ce marque-page en macram\u00e9 est un objet d\u00e9licat destin\u00e9 aux amoureux des livres et de la lecture. Il est nou\u00e9 \u00e0 la main avec de la corde de coton \u00e9cru.","robots":{"index":"index","follow":"follow","max-snippet":"max-snippet:-1","max-image-preview":"max-image-preview:large","max-video-preview":"max-video-preview:-1"},"canonical":"https:\/\/manawea.com\/index.php\/produit\/marque-page-en-macrame\/","og_locale":"fr_FR","og_type":"article","og_title":"Marque-page en macram\u00e9 &#8226; Manawea","og_description":"Ce marque-page en macram\u00e9 est un objet d\u00e9licat destin\u00e9 aux amoureux des livres et de la lecture. Il est nou\u00e9 \u00e0 la main avec de la corde de coton \u00e9cru.","og_url":"https:\/\/manawea.com\/index.php\/produit\/marque-page-en-macrame\/","og_site_name":"Manawea","article_publisher":"https:\/\/www.facebook.com\/manaweamacrame\/","article_modified_time":"2022-12-30T09:57:50+00:00","og_image":[{"width":2560,"height":2560,"url":"https:\/\/manawea.com\/wp-content\/uploads\/2018\/09\/marque-page-macram\u00e9-1-scaled.jpg","type":"image\/jpeg"}],"twitter_card":"summary_large_image","schema":{"@context":"https:\/\/schema.org","@graph":[{"@type":"WebPage","@id":"https:\/\/manawea.com\/index.php\/produit\/marque-page-en-macrame\/","url":"https:\/\/manawea.com\/index.php\/produit\/marque-page-en-macrame\/","name":"Marque-page en macram\u00e9 &#8226; Manawea","isPartOf":{"@id":"https:\/\/manawea.com\/#website"},"datePublished":"2018-09-04T14:31:56+00:00","dateModified":"2022-12-30T09:57:50+00:00","description":"Ce marque-page en macram\u00e9 est un objet d\u00e9licat destin\u00e9 aux amoureux des livres et de la lecture. Il est nou\u00e9 \u00e0 la main avec de la corde de coton \u00e9cru.","breadcrumb":{"@id":"https:\/\/manawea.com\/index.php\/produit\/marque-page-en-macrame\/#breadcrumb"},"inLanguage":"fr-FR","potentialAction":[{"@type":"ReadAction","target":["https:\/\/manawea.com\/index.php\/produit\/marque-page-en-macrame\/"]}]},{"@type":"BreadcrumbList","@id":"https:\/\/manawea.com\/index.php\/produit\/marque-page-en-macrame\/#breadcrumb","itemListElement":[{"@type":"ListItem","position":1,"name":"Accueil","item":"https:\/\/manawea.com\/"},{"@type":"ListItem","position":2,"name":"Boutique","item":"https:\/\/manawea.com\/index.php\/shop\/"},{"@type":"ListItem","position":3,"name":"Marque-page en macram\u00e9"}]},{"@type":"WebSite","@id":"https:\/\/manawea.com\/#website","url":"https:\/\/manawea.com\/","name":"Manawea Macram\u00e9s po\u00e9tiques","description":"D\u00e9coration en laiton et macram\u00e9","publisher":{"@id":"https:\/\/manawea.com\/#organization"},"potentialAction":[{"@type":"SearchAction","target":{"@type":"EntryPoint","urlTemplate":"https:\/\/manawea.com\/?s={search_term_string}"},"query-input":"required name=search_term_string"}],"inLanguage":"fr-FR"},{"@type":"Organization","@id":"https:\/\/manawea.com\/#organization","name":"manawea","url":"https:\/\/manawea.com\/","logo":{"@type":"ImageObject","inLanguage":"fr-FR","@id":"https:\/\/manawea.com\/#\/schema\/logo\/image\/","url":"https:\/\/manawea.com\/wp-content\/uploads\/2018\/04\/logo.jpg","contentUrl":"https:\/\/manawea.com\/wp-content\/uploads\/2018\/04\/logo.jpg","width":2341,"height":2485,"caption":"manawea"},"image":{"@id":"https:\/\/manawea.com\/#\/schema\/logo\/image\/"},"sameAs":["https:\/\/www.facebook.com\/manaweamacrame\/","https:\/\/www.instagram.com\/_manawea\/"]}]}},"_links":{"self":[{"href":"https:\/\/manawea.com\/index.php\/wp-json\/wp\/v2\/product\/1327"}],"collection":[{"href":"https:\/\/manawea.com\/index.php\/wp-json\/wp\/v2\/product"}],"about":[{"href":"https:\/\/manawea.com\/index.php\/wp-json\/wp\/v2\/types\/product"}],"wp:featuredmedia":[{"embeddable":true,"href":"https:\/\/manawea.com\/index.php\/wp-json\/wp\/v2\/media\/1329"}],"wp:attachment":[{"href":"https:\/\/manawea.com\/index.php\/wp-json\/wp\/v2\/media?parent=1327"}],"wp:term":[{"taxonomy":"product_cat","embeddable":true,"href":"https:\/\/manawea.com\/index.php\/wp-json\/wp\/v2\/product_cat?post=1327"},{"taxonomy":"product_tag","embeddable":true,"href":"https:\/\/manawea.com\/index.php\/wp-json\/wp\/v2\/product_tag?post=1327"}],"curies":[{"name":"wp","href":"https:\/\/api.w.org\/{rel}","templated":true}]}}