{"id":1359,"date":"2018-10-16T11:14:14","date_gmt":"2018-10-16T10:14:14","guid":{"rendered":"https:\/\/manawea.com\/?post_type=product&#038;p=1359"},"modified":"2022-12-30T10:57:40","modified_gmt":"2022-12-30T09:57:40","slug":"miroir-en-jute-taille-l","status":"publish","type":"product","link":"https:\/\/manawea.com\/index.php\/produit\/miroir-en-jute-taille-l\/","title":{"rendered":"Miroir en jute taille L"},"content":{"rendered":"<p><strong>Miroir mural en jute\/sisal<\/strong><\/p>\n<p><strong>Ce miroir rond en macram\u00e9 mural <\/strong>est r\u00e9alis\u00e9 avec de la <strong>corde de jute\u00a0 sisal <\/strong>de qualit\u00e9. Il est tress\u00e9 \u00e0 la main avec la technique du <strong>macram\u00e9<\/strong> dans mon atelier. Toutes mes cr\u00e9ations sont r\u00e9alis\u00e9es avec passion et avec soin.<br \/>\n<span style=\"display: inline !important; float: none; background-color: transparent; color: #666666; cursor: text; font-family: 'Quicksand'; font-size: 14px; font-style: normal; font-variant: normal; font-weight: 400; letter-spacing: normal; orphans: 2; text-align: left; text-decoration: none; text-indent: 0px; text-transform: none; -webkit-text-stroke-width: 0px; white-space: normal; word-spacing: 0px;\">Ce miroir mural en jute apportera une touche <strong>ethnique<\/strong> et <strong>boh\u00e8me<\/strong> \u00e0 votre <strong>d\u00e9coration<\/strong>.\u00a0<\/span><\/p>\n<ul>\n<li>DIMENSIONS:<br \/>\nDiam\u00e8tre du miroir seul: 20cm<br \/>\nDiam\u00e8tre avec le macram\u00e9:\u00a0 40cm<\/li>\n<li>CREATION SUR COMMANDE:<br \/>\nChaque pi\u00e8ce est faite sur commande. Le miroir sera reproduit aussi pr\u00e9cis\u00e9ment que possible, cependant, notez que la r\u00e9alisation \u00e0 la main fait qu\u2019il y aura des l\u00e9g\u00e8res variations. De ce fait, toutes les cr\u00e9ations en macram\u00e9s sont des pi\u00e8ces uniques, r\u00e9alis\u00e9es sp\u00e9cialement pour vous.<br \/>\nUn d\u00e9lais d&rsquo;1 \u00e0 2 semaines de cr\u00e9ation est n\u00e9cessaire pour la r\u00e9alisation de ces pi\u00e8ces.<br \/>\nVotre commande sera ensuite emball\u00e9e avec soin puis rapidement exp\u00e9di\u00e9e.<br \/>\nJe ferai de mon mieux pour rentre le temps de traitement et de cr\u00e9ation aussi court que possible. Malgr\u00e9 tout, si vous avez un d\u00e9lai \u00e0 respecter, contactez-moi pour que je traite votre commande rapidement.)<\/li>\n<li>PERSONNALISATION:<br \/>\nSi vous souhaitez une pi\u00e8ce sp\u00e9ciale, je serai ravie d\u2019adapter mes cr\u00e9ations \u00e0 vos envies et besoins (dimensions sp\u00e9ciales, motifs diff\u00e9rents, couleurs diff\u00e9rentes, budget \u00e0 respecter)<br \/>\nSi vous avez des questions, n\u2019h\u00e9sitez pas \u00e0 me contacter, j\u2019y r\u00e9pondrai avec plaisir!<\/li>\n<\/ul>\n<p>&nbsp;<\/p>\n<p>Pour suivre les coulisses de mon travail n\u2019h\u00e9sitez pas \u00e0 me suivre sur instagram:\u00a0<a href=\"https:\/\/www.instagram.com\/_manawea\/\" target=\"_blank\" rel=\"noopener noreferrer\">@_manawea<\/a><\/p>\n<p>&nbsp;<\/p>\n<p>&nbsp;<\/p>\n","protected":false},"excerpt":{"rendered":"<p>Miroir mural rond fait \u00e0 la main \u00e0 partir de corde en jute \/ sisal<br \/>\n<span style=\"display: inline !important; float: none; background-color: transparent; color: #666666; font-family: 'Quicksand'; font-size: 14px; font-style: normal; font-variant: normal; font-weight: 400; letter-spacing: normal; orphans: 2; text-align: left; text-decoration: none; text-indent: 0px; text-transform: none; -webkit-text-stroke-width: 0px; white-space: normal; word-spacing: 0px;\">Miroir artisanal et original qui apportera un esprit boh\u00e8me \u00e0 votre d\u00e9coration.<br \/>\nIls peuvent aussi se mixer avec des miroirs en rotin.<br \/>\n<\/span>Dimensions : 40cm<\/p>\n<p><span style=\"display: inline !important; float: none; background-color: transparent; color: #666666; font-family: 'Quicksand'; font-size: 14px; font-style: normal; font-variant: normal; font-weight: 400; letter-spacing: normal; orphans: 2; text-align: left; text-decoration: none; text-indent: 0px; text-transform: none; -webkit-text-stroke-width: 0px; white-space: normal; word-spacing: 0px;\">La taille, le motif et les couleurs sont personnalisables. Si vous souhaitez une cr\u00e9ation sp\u00e9ciales n\u2019h\u00e9sitez pas \u00e0 me contacter. <\/span><\/p>\n","protected":false},"featured_media":1890,"template":"","meta":[],"product_cat":[75],"product_tag":[],"yoast_head":"<!-- This site is optimized with the Yoast SEO plugin v21.6 - https:\/\/yoast.com\/wordpress\/plugins\/seo\/ -->\n<title>Miroir en jute taille L &#8226; Manawea<\/title>\n<meta name=\"description\" content=\"Miroir mural en jute sisal tr\u00e9ss\u00e9s \u00e0 la main. Ce miroir d&#039;inspiration ethnique donne une touche boh\u00e8me \u00e0 votre d\u00e9coration.\" \/>\n<meta name=\"robots\" content=\"index, follow, max-snippet:-1, max-image-preview:large, max-video-preview:-1\" \/>\n<link rel=\"canonical\" href=\"https:\/\/manawea.com\/index.php\/produit\/miroir-en-jute-taille-l\/\" \/>\n<meta property=\"og:locale\" content=\"fr_FR\" \/>\n<meta property=\"og:type\" content=\"article\" \/>\n<meta property=\"og:title\" content=\"Miroir en jute taille L &#8226; Manawea\" \/>\n<meta property=\"og:description\" content=\"Miroir mural en jute sisal tr\u00e9ss\u00e9s \u00e0 la main. Ce miroir d&#039;inspiration ethnique donne une touche boh\u00e8me \u00e0 votre d\u00e9coration.\" \/>\n<meta property=\"og:url\" content=\"https:\/\/manawea.com\/index.php\/produit\/miroir-en-jute-taille-l\/\" \/>\n<meta property=\"og:site_name\" content=\"Manawea\" \/>\n<meta property=\"article:publisher\" content=\"https:\/\/www.facebook.com\/manaweamacrame\/\" \/>\n<meta property=\"article:modified_time\" content=\"2022-12-30T09:57:40+00:00\" \/>\n<meta property=\"og:image\" content=\"https:\/\/manawea.com\/wp-content\/uploads\/2020\/02\/miroir-rond-en-jute-ethnique-scaled.jpg\" \/>\n\t<meta property=\"og:image:width\" content=\"2560\" \/>\n\t<meta property=\"og:image:height\" content=\"2560\" \/>\n\t<meta property=\"og:image:type\" content=\"image\/jpeg\" \/>\n<meta name=\"twitter:card\" content=\"summary_large_image\" \/>\n<meta name=\"twitter:label1\" content=\"Dur\u00e9e de lecture estim\u00e9e\" \/>\n\t<meta name=\"twitter:data1\" content=\"1 minute\" \/>\n<script type=\"application\/ld+json\" class=\"yoast-schema-graph\">{\"@context\":\"https:\/\/schema.org\",\"@graph\":[{\"@type\":\"WebPage\",\"@id\":\"https:\/\/manawea.com\/index.php\/produit\/miroir-en-jute-taille-l\/\",\"url\":\"https:\/\/manawea.com\/index.php\/produit\/miroir-en-jute-taille-l\/\",\"name\":\"Miroir en jute taille L &#8226; Manawea\",\"isPartOf\":{\"@id\":\"https:\/\/manawea.com\/#website\"},\"datePublished\":\"2018-10-16T10:14:14+00:00\",\"dateModified\":\"2022-12-30T09:57:40+00:00\",\"description\":\"Miroir mural en jute sisal tr\u00e9ss\u00e9s \u00e0 la main. Ce miroir d'inspiration ethnique donne une touche boh\u00e8me \u00e0 votre d\u00e9coration.\",\"breadcrumb\":{\"@id\":\"https:\/\/manawea.com\/index.php\/produit\/miroir-en-jute-taille-l\/#breadcrumb\"},\"inLanguage\":\"fr-FR\",\"potentialAction\":[{\"@type\":\"ReadAction\",\"target\":[\"https:\/\/manawea.com\/index.php\/produit\/miroir-en-jute-taille-l\/\"]}]},{\"@type\":\"BreadcrumbList\",\"@id\":\"https:\/\/manawea.com\/index.php\/produit\/miroir-en-jute-taille-l\/#breadcrumb\",\"itemListElement\":[{\"@type\":\"ListItem\",\"position\":1,\"name\":\"Accueil\",\"item\":\"https:\/\/manawea.com\/\"},{\"@type\":\"ListItem\",\"position\":2,\"name\":\"Boutique\",\"item\":\"https:\/\/manawea.com\/index.php\/shop\/\"},{\"@type\":\"ListItem\",\"position\":3,\"name\":\"Miroir en jute taille L\"}]},{\"@type\":\"WebSite\",\"@id\":\"https:\/\/manawea.com\/#website\",\"url\":\"https:\/\/manawea.com\/\",\"name\":\"Manawea Macram\u00e9s po\u00e9tiques\",\"description\":\"D\u00e9coration en laiton et macram\u00e9\",\"publisher\":{\"@id\":\"https:\/\/manawea.com\/#organization\"},\"potentialAction\":[{\"@type\":\"SearchAction\",\"target\":{\"@type\":\"EntryPoint\",\"urlTemplate\":\"https:\/\/manawea.com\/?s={search_term_string}\"},\"query-input\":\"required name=search_term_string\"}],\"inLanguage\":\"fr-FR\"},{\"@type\":\"Organization\",\"@id\":\"https:\/\/manawea.com\/#organization\",\"name\":\"manawea\",\"url\":\"https:\/\/manawea.com\/\",\"logo\":{\"@type\":\"ImageObject\",\"inLanguage\":\"fr-FR\",\"@id\":\"https:\/\/manawea.com\/#\/schema\/logo\/image\/\",\"url\":\"https:\/\/manawea.com\/wp-content\/uploads\/2018\/04\/logo.jpg\",\"contentUrl\":\"https:\/\/manawea.com\/wp-content\/uploads\/2018\/04\/logo.jpg\",\"width\":2341,\"height\":2485,\"caption\":\"manawea\"},\"image\":{\"@id\":\"https:\/\/manawea.com\/#\/schema\/logo\/image\/\"},\"sameAs\":[\"https:\/\/www.facebook.com\/manaweamacrame\/\",\"https:\/\/www.instagram.com\/_manawea\/\"]}]}<\/script>\n<!-- \/ Yoast SEO plugin. -->","yoast_head_json":{"title":"Miroir en jute taille L &#8226; Manawea","description":"Miroir mural en jute sisal tr\u00e9ss\u00e9s \u00e0 la main. Ce miroir d'inspiration ethnique donne une touche boh\u00e8me \u00e0 votre d\u00e9coration.","robots":{"index":"index","follow":"follow","max-snippet":"max-snippet:-1","max-image-preview":"max-image-preview:large","max-video-preview":"max-video-preview:-1"},"canonical":"https:\/\/manawea.com\/index.php\/produit\/miroir-en-jute-taille-l\/","og_locale":"fr_FR","og_type":"article","og_title":"Miroir en jute taille L &#8226; Manawea","og_description":"Miroir mural en jute sisal tr\u00e9ss\u00e9s \u00e0 la main. Ce miroir d'inspiration ethnique donne une touche boh\u00e8me \u00e0 votre d\u00e9coration.","og_url":"https:\/\/manawea.com\/index.php\/produit\/miroir-en-jute-taille-l\/","og_site_name":"Manawea","article_publisher":"https:\/\/www.facebook.com\/manaweamacrame\/","article_modified_time":"2022-12-30T09:57:40+00:00","og_image":[{"width":2560,"height":2560,"url":"https:\/\/manawea.com\/wp-content\/uploads\/2020\/02\/miroir-rond-en-jute-ethnique-scaled.jpg","type":"image\/jpeg"}],"twitter_card":"summary_large_image","twitter_misc":{"Dur\u00e9e de lecture estim\u00e9e":"1 minute"},"schema":{"@context":"https:\/\/schema.org","@graph":[{"@type":"WebPage","@id":"https:\/\/manawea.com\/index.php\/produit\/miroir-en-jute-taille-l\/","url":"https:\/\/manawea.com\/index.php\/produit\/miroir-en-jute-taille-l\/","name":"Miroir en jute taille L &#8226; Manawea","isPartOf":{"@id":"https:\/\/manawea.com\/#website"},"datePublished":"2018-10-16T10:14:14+00:00","dateModified":"2022-12-30T09:57:40+00:00","description":"Miroir mural en jute sisal tr\u00e9ss\u00e9s \u00e0 la main. Ce miroir d'inspiration ethnique donne une touche boh\u00e8me \u00e0 votre d\u00e9coration.","breadcrumb":{"@id":"https:\/\/manawea.com\/index.php\/produit\/miroir-en-jute-taille-l\/#breadcrumb"},"inLanguage":"fr-FR","potentialAction":[{"@type":"ReadAction","target":["https:\/\/manawea.com\/index.php\/produit\/miroir-en-jute-taille-l\/"]}]},{"@type":"BreadcrumbList","@id":"https:\/\/manawea.com\/index.php\/produit\/miroir-en-jute-taille-l\/#breadcrumb","itemListElement":[{"@type":"ListItem","position":1,"name":"Accueil","item":"https:\/\/manawea.com\/"},{"@type":"ListItem","position":2,"name":"Boutique","item":"https:\/\/manawea.com\/index.php\/shop\/"},{"@type":"ListItem","position":3,"name":"Miroir en jute taille L"}]},{"@type":"WebSite","@id":"https:\/\/manawea.com\/#website","url":"https:\/\/manawea.com\/","name":"Manawea Macram\u00e9s po\u00e9tiques","description":"D\u00e9coration en laiton et macram\u00e9","publisher":{"@id":"https:\/\/manawea.com\/#organization"},"potentialAction":[{"@type":"SearchAction","target":{"@type":"EntryPoint","urlTemplate":"https:\/\/manawea.com\/?s={search_term_string}"},"query-input":"required name=search_term_string"}],"inLanguage":"fr-FR"},{"@type":"Organization","@id":"https:\/\/manawea.com\/#organization","name":"manawea","url":"https:\/\/manawea.com\/","logo":{"@type":"ImageObject","inLanguage":"fr-FR","@id":"https:\/\/manawea.com\/#\/schema\/logo\/image\/","url":"https:\/\/manawea.com\/wp-content\/uploads\/2018\/04\/logo.jpg","contentUrl":"https:\/\/manawea.com\/wp-content\/uploads\/2018\/04\/logo.jpg","width":2341,"height":2485,"caption":"manawea"},"image":{"@id":"https:\/\/manawea.com\/#\/schema\/logo\/image\/"},"sameAs":["https:\/\/www.facebook.com\/manaweamacrame\/","https:\/\/www.instagram.com\/_manawea\/"]}]}},"_links":{"self":[{"href":"https:\/\/manawea.com\/index.php\/wp-json\/wp\/v2\/product\/1359"}],"collection":[{"href":"https:\/\/manawea.com\/index.php\/wp-json\/wp\/v2\/product"}],"about":[{"href":"https:\/\/manawea.com\/index.php\/wp-json\/wp\/v2\/types\/product"}],"wp:featuredmedia":[{"embeddable":true,"href":"https:\/\/manawea.com\/index.php\/wp-json\/wp\/v2\/media\/1890"}],"wp:attachment":[{"href":"https:\/\/manawea.com\/index.php\/wp-json\/wp\/v2\/media?parent=1359"}],"wp:term":[{"taxonomy":"product_cat","embeddable":true,"href":"https:\/\/manawea.com\/index.php\/wp-json\/wp\/v2\/product_cat?post=1359"},{"taxonomy":"product_tag","embeddable":true,"href":"https:\/\/manawea.com\/index.php\/wp-json\/wp\/v2\/product_tag?post=1359"}],"curies":[{"name":"wp","href":"https:\/\/api.w.org\/{rel}","templated":true}]}}