{"id":1386,"date":"2018-10-16T17:22:07","date_gmt":"2018-10-16T16:22:07","guid":{"rendered":"https:\/\/manawea.com\/?post_type=product&#038;p=1386"},"modified":"2022-12-30T10:57:33","modified_gmt":"2022-12-30T09:57:33","slug":"petit-miroir-rond-en-macrame","status":"publish","type":"product","link":"https:\/\/manawea.com\/index.php\/produit\/petit-miroir-rond-en-macrame\/","title":{"rendered":"Petit miroir rond en macram\u00e9"},"content":{"rendered":"","protected":false},"excerpt":{"rendered":"<p><span style=\"display: inline !important; float: none; background-color: transparent; color: #222222; font-family: 'Graphik Webfont',-apple-system,BlinkMacSystemFont,'Roboto','Droid Sans','Segoe UI','Helvetica',Arial,sans-serif; font-size: 14px; font-style: normal; font-variant: normal; font-weight: 400; letter-spacing: normal; orphans: 2; text-align: left; text-decoration: none; text-indent: 0px; text-transform: none; -webkit-text-stroke-width: 0px; white-space: normal; word-spacing: 0px;\">Petit miroir rond en macram\u00e9 r\u00e9alis\u00e9 \u00e0 la main avec de la corde 100% coton de couleur \u00e9cru, non teint\u00e9.<\/span><\/p>\n<p>Cette fiche est valable pour 1 seul miroir<\/p>\n<p><span style=\"display: inline !important; float: none; background-color: transparent; color: #222222; font-family: 'Graphik Webfont',-apple-system,BlinkMacSystemFont,'Roboto','Droid Sans','Segoe UI','Helvetica',Arial,sans-serif; font-size: 14px; font-style: normal; font-variant: normal; font-weight: 400; letter-spacing: normal; orphans: 2; text-align: left; text-decoration: none; text-indent: 0px; text-transform: none; -webkit-text-stroke-width: 0px; white-space: normal; word-spacing: 0px;\">Dimensions: <\/span><br \/>\n<span style=\"display: inline !important; float: none; background-color: transparent; color: #222222; font-family: 'Graphik Webfont',-apple-system,BlinkMacSystemFont,'Roboto','Droid Sans','Segoe UI','Helvetica',Arial,sans-serif; font-size: 14px; font-style: normal; font-variant: normal; font-weight: 400; letter-spacing: normal; orphans: 2; text-align: left; text-decoration: none; text-indent: 0px; text-transform: none; -webkit-text-stroke-width: 0px; white-space: normal; word-spacing: 0px;\">Diam\u00e8tre du miroir: 10cm<\/span><br \/>\n<span style=\"display: inline !important; float: none; background-color: transparent; color: #222222; font-family: 'Graphik Webfont',-apple-system,BlinkMacSystemFont,'Roboto','Droid Sans','Segoe UI','Helvetica',Arial,sans-serif; font-size: 14px; font-style: normal; font-variant: normal; font-weight: 400; letter-spacing: normal; orphans: 2; text-align: left; text-decoration: none; text-indent: 0px; text-transform: none; -webkit-text-stroke-width: 0px; white-space: normal; word-spacing: 0px;\">Diam\u00e8tre total: environ 17m<\/span><\/p>\n<p><span style=\"display: inline !important; float: none; background-color: transparent; color: #222222; font-family: 'Graphik Webfont',-apple-system,BlinkMacSystemFont,'Roboto','Droid Sans','Segoe UI','Helvetica',Arial,sans-serif; font-size: 14px; font-style: normal; font-variant: normal; font-weight: 400; letter-spacing: normal; orphans: 2; text-align: left; text-decoration: none; text-indent: 0px; text-transform: none; -webkit-text-stroke-width: 0px; white-space: normal; word-spacing: 0px;\">Il donnera une touche boh\u00e8me ou vintage \u00e0 votre int\u00e9rieur. <\/span><br \/>\n<span style=\"display: inline !important; float: none; background-color: transparent; color: #222222; font-family: 'Graphik Webfont',-apple-system,BlinkMacSystemFont,'Roboto','Droid Sans','Segoe UI','Helvetica',Arial,sans-serif; font-size: 14px; font-style: normal; font-variant: normal; font-weight: 400; letter-spacing: normal; orphans: 2; text-align: left; text-decoration: none; text-indent: 0px; text-transform: none; -webkit-text-stroke-width: 0px; white-space: normal; word-spacing: 0px;\">Fait une jolie d\u00e9coration en accumulation avec des miroirs en rotin par exemple. <\/span><\/p>\n","protected":false},"featured_media":1393,"template":"","meta":[],"product_cat":[75],"product_tag":[],"yoast_head":"<!-- This site is optimized with the Yoast SEO plugin v21.6 - https:\/\/yoast.com\/wordpress\/plugins\/seo\/ -->\n<title>Petit miroir rond en macram\u00e9 &#8226; Manawea<\/title>\n<meta name=\"robots\" content=\"index, follow, max-snippet:-1, max-image-preview:large, max-video-preview:-1\" \/>\n<link rel=\"canonical\" href=\"https:\/\/manawea.com\/index.php\/produit\/petit-miroir-rond-en-macrame\/\" \/>\n<meta property=\"og:locale\" content=\"fr_FR\" \/>\n<meta property=\"og:type\" content=\"article\" \/>\n<meta property=\"og:title\" content=\"Petit miroir rond en macram\u00e9 &#8226; Manawea\" \/>\n<meta property=\"og:description\" content=\"Petit miroir rond en macram\u00e9 r\u00e9alis\u00e9 \u00e0 la main avec de la corde 100% coton de couleur \u00e9cru, non teint\u00e9.  Cette fiche est valable pour 1 seul miroir  Dimensions:  Diam\u00e8tre du miroir: 10cm Diam\u00e8tre total: environ 17m  Il donnera une touche boh\u00e8me ou vintage \u00e0 votre int\u00e9rieur.  Fait une jolie d\u00e9coration en accumulation avec des miroirs en rotin par exemple.\" \/>\n<meta property=\"og:url\" content=\"https:\/\/manawea.com\/index.php\/produit\/petit-miroir-rond-en-macrame\/\" \/>\n<meta property=\"og:site_name\" content=\"Manawea\" \/>\n<meta property=\"article:publisher\" content=\"https:\/\/www.facebook.com\/manaweamacrame\/\" \/>\n<meta property=\"article:modified_time\" content=\"2022-12-30T09:57:33+00:00\" \/>\n<meta property=\"og:image\" content=\"https:\/\/manawea.com\/wp-content\/uploads\/2018\/10\/petit-miroir-rond-en-macram\u00e9-1024x1024.png\" \/>\n\t<meta property=\"og:image:width\" content=\"1024\" \/>\n\t<meta property=\"og:image:height\" content=\"1024\" \/>\n\t<meta property=\"og:image:type\" content=\"image\/png\" \/>\n<meta name=\"twitter:card\" content=\"summary_large_image\" \/>\n<script type=\"application\/ld+json\" class=\"yoast-schema-graph\">{\"@context\":\"https:\/\/schema.org\",\"@graph\":[{\"@type\":\"WebPage\",\"@id\":\"https:\/\/manawea.com\/index.php\/produit\/petit-miroir-rond-en-macrame\/\",\"url\":\"https:\/\/manawea.com\/index.php\/produit\/petit-miroir-rond-en-macrame\/\",\"name\":\"Petit miroir rond en macram\u00e9 &#8226; Manawea\",\"isPartOf\":{\"@id\":\"https:\/\/manawea.com\/#website\"},\"datePublished\":\"2018-10-16T16:22:07+00:00\",\"dateModified\":\"2022-12-30T09:57:33+00:00\",\"breadcrumb\":{\"@id\":\"https:\/\/manawea.com\/index.php\/produit\/petit-miroir-rond-en-macrame\/#breadcrumb\"},\"inLanguage\":\"fr-FR\",\"potentialAction\":[{\"@type\":\"ReadAction\",\"target\":[\"https:\/\/manawea.com\/index.php\/produit\/petit-miroir-rond-en-macrame\/\"]}]},{\"@type\":\"BreadcrumbList\",\"@id\":\"https:\/\/manawea.com\/index.php\/produit\/petit-miroir-rond-en-macrame\/#breadcrumb\",\"itemListElement\":[{\"@type\":\"ListItem\",\"position\":1,\"name\":\"Accueil\",\"item\":\"https:\/\/manawea.com\/\"},{\"@type\":\"ListItem\",\"position\":2,\"name\":\"Boutique\",\"item\":\"https:\/\/manawea.com\/index.php\/shop\/\"},{\"@type\":\"ListItem\",\"position\":3,\"name\":\"Petit miroir rond en macram\u00e9\"}]},{\"@type\":\"WebSite\",\"@id\":\"https:\/\/manawea.com\/#website\",\"url\":\"https:\/\/manawea.com\/\",\"name\":\"Manawea Macram\u00e9s po\u00e9tiques\",\"description\":\"D\u00e9coration en laiton et macram\u00e9\",\"publisher\":{\"@id\":\"https:\/\/manawea.com\/#organization\"},\"potentialAction\":[{\"@type\":\"SearchAction\",\"target\":{\"@type\":\"EntryPoint\",\"urlTemplate\":\"https:\/\/manawea.com\/?s={search_term_string}\"},\"query-input\":\"required name=search_term_string\"}],\"inLanguage\":\"fr-FR\"},{\"@type\":\"Organization\",\"@id\":\"https:\/\/manawea.com\/#organization\",\"name\":\"manawea\",\"url\":\"https:\/\/manawea.com\/\",\"logo\":{\"@type\":\"ImageObject\",\"inLanguage\":\"fr-FR\",\"@id\":\"https:\/\/manawea.com\/#\/schema\/logo\/image\/\",\"url\":\"https:\/\/manawea.com\/wp-content\/uploads\/2018\/04\/logo.jpg\",\"contentUrl\":\"https:\/\/manawea.com\/wp-content\/uploads\/2018\/04\/logo.jpg\",\"width\":2341,\"height\":2485,\"caption\":\"manawea\"},\"image\":{\"@id\":\"https:\/\/manawea.com\/#\/schema\/logo\/image\/\"},\"sameAs\":[\"https:\/\/www.facebook.com\/manaweamacrame\/\",\"https:\/\/www.instagram.com\/_manawea\/\"]}]}<\/script>\n<!-- \/ Yoast SEO plugin. -->","yoast_head_json":{"title":"Petit miroir rond en macram\u00e9 &#8226; Manawea","robots":{"index":"index","follow":"follow","max-snippet":"max-snippet:-1","max-image-preview":"max-image-preview:large","max-video-preview":"max-video-preview:-1"},"canonical":"https:\/\/manawea.com\/index.php\/produit\/petit-miroir-rond-en-macrame\/","og_locale":"fr_FR","og_type":"article","og_title":"Petit miroir rond en macram\u00e9 &#8226; Manawea","og_description":"Petit miroir rond en macram\u00e9 r\u00e9alis\u00e9 \u00e0 la main avec de la corde 100% coton de couleur \u00e9cru, non teint\u00e9.  Cette fiche est valable pour 1 seul miroir  Dimensions:  Diam\u00e8tre du miroir: 10cm Diam\u00e8tre total: environ 17m  Il donnera une touche boh\u00e8me ou vintage \u00e0 votre int\u00e9rieur.  Fait une jolie d\u00e9coration en accumulation avec des miroirs en rotin par exemple.","og_url":"https:\/\/manawea.com\/index.php\/produit\/petit-miroir-rond-en-macrame\/","og_site_name":"Manawea","article_publisher":"https:\/\/www.facebook.com\/manaweamacrame\/","article_modified_time":"2022-12-30T09:57:33+00:00","og_image":[{"width":1024,"height":1024,"url":"https:\/\/manawea.com\/wp-content\/uploads\/2018\/10\/petit-miroir-rond-en-macram\u00e9-1024x1024.png","type":"image\/png"}],"twitter_card":"summary_large_image","schema":{"@context":"https:\/\/schema.org","@graph":[{"@type":"WebPage","@id":"https:\/\/manawea.com\/index.php\/produit\/petit-miroir-rond-en-macrame\/","url":"https:\/\/manawea.com\/index.php\/produit\/petit-miroir-rond-en-macrame\/","name":"Petit miroir rond en macram\u00e9 &#8226; Manawea","isPartOf":{"@id":"https:\/\/manawea.com\/#website"},"datePublished":"2018-10-16T16:22:07+00:00","dateModified":"2022-12-30T09:57:33+00:00","breadcrumb":{"@id":"https:\/\/manawea.com\/index.php\/produit\/petit-miroir-rond-en-macrame\/#breadcrumb"},"inLanguage":"fr-FR","potentialAction":[{"@type":"ReadAction","target":["https:\/\/manawea.com\/index.php\/produit\/petit-miroir-rond-en-macrame\/"]}]},{"@type":"BreadcrumbList","@id":"https:\/\/manawea.com\/index.php\/produit\/petit-miroir-rond-en-macrame\/#breadcrumb","itemListElement":[{"@type":"ListItem","position":1,"name":"Accueil","item":"https:\/\/manawea.com\/"},{"@type":"ListItem","position":2,"name":"Boutique","item":"https:\/\/manawea.com\/index.php\/shop\/"},{"@type":"ListItem","position":3,"name":"Petit miroir rond en macram\u00e9"}]},{"@type":"WebSite","@id":"https:\/\/manawea.com\/#website","url":"https:\/\/manawea.com\/","name":"Manawea Macram\u00e9s po\u00e9tiques","description":"D\u00e9coration en laiton et macram\u00e9","publisher":{"@id":"https:\/\/manawea.com\/#organization"},"potentialAction":[{"@type":"SearchAction","target":{"@type":"EntryPoint","urlTemplate":"https:\/\/manawea.com\/?s={search_term_string}"},"query-input":"required name=search_term_string"}],"inLanguage":"fr-FR"},{"@type":"Organization","@id":"https:\/\/manawea.com\/#organization","name":"manawea","url":"https:\/\/manawea.com\/","logo":{"@type":"ImageObject","inLanguage":"fr-FR","@id":"https:\/\/manawea.com\/#\/schema\/logo\/image\/","url":"https:\/\/manawea.com\/wp-content\/uploads\/2018\/04\/logo.jpg","contentUrl":"https:\/\/manawea.com\/wp-content\/uploads\/2018\/04\/logo.jpg","width":2341,"height":2485,"caption":"manawea"},"image":{"@id":"https:\/\/manawea.com\/#\/schema\/logo\/image\/"},"sameAs":["https:\/\/www.facebook.com\/manaweamacrame\/","https:\/\/www.instagram.com\/_manawea\/"]}]}},"_links":{"self":[{"href":"https:\/\/manawea.com\/index.php\/wp-json\/wp\/v2\/product\/1386"}],"collection":[{"href":"https:\/\/manawea.com\/index.php\/wp-json\/wp\/v2\/product"}],"about":[{"href":"https:\/\/manawea.com\/index.php\/wp-json\/wp\/v2\/types\/product"}],"wp:featuredmedia":[{"embeddable":true,"href":"https:\/\/manawea.com\/index.php\/wp-json\/wp\/v2\/media\/1393"}],"wp:attachment":[{"href":"https:\/\/manawea.com\/index.php\/wp-json\/wp\/v2\/media?parent=1386"}],"wp:term":[{"taxonomy":"product_cat","embeddable":true,"href":"https:\/\/manawea.com\/index.php\/wp-json\/wp\/v2\/product_cat?post=1386"},{"taxonomy":"product_tag","embeddable":true,"href":"https:\/\/manawea.com\/index.php\/wp-json\/wp\/v2\/product_tag?post=1386"}],"curies":[{"name":"wp","href":"https:\/\/api.w.org\/{rel}","templated":true}]}}