{"id":1563,"date":"2019-03-26T22:56:16","date_gmt":"2019-03-26T21:56:16","guid":{"rendered":"https:\/\/manawea.com\/?post_type=product&#038;p=1563"},"modified":"2022-12-30T10:57:13","modified_gmt":"2022-12-30T09:57:13","slug":"mobile-bebe-luminaire-en-macrame","status":"publish","type":"product","link":"https:\/\/manawea.com\/index.php\/produit\/mobile-bebe-luminaire-en-macrame\/","title":{"rendered":"Mobile b\u00e9b\u00e9 \/ Luminaire en macram\u00e9"},"content":{"rendered":"<p>Mobile b\u00e9b\u00e9 ou luminaire en macram\u00e9, cette cr\u00e9ation pourra \u00eatre utilis\u00e9e comme bon vous semble, un espace pour ampoule est pr\u00e9vu.<\/p>\n<p>Cette pi\u00e8ce est r\u00e9alis\u00e9 avec de la corde de coton non teint\u00e9e et est enti\u00e8rement r\u00e9alis\u00e9e \u00e0 la main.<\/p>\n","protected":false},"excerpt":{"rendered":"<p><span style=\"display: inline !important; float: none; background-color: transparent; color: #222222; font-family: 'Graphik Webfont',-apple-system,BlinkMacSystemFont,'Roboto','Droid Sans','Segoe UI','Helvetica',Arial,sans-serif; font-size: 14px; font-style: normal; font-variant: normal; font-weight: 400; letter-spacing: normal; orphans: 2; text-align: left; text-decoration: none; text-indent: 0px; text-transform: none; -webkit-text-stroke-width: 0px; white-space: normal; word-spacing: 0px;\">Ce luminaire abat-jour en macram\u00e9 \u00e0 \u00e9t\u00e9 enti\u00e8rement nou\u00e9 \u00e0 la main. Il est r\u00e9alis\u00e9 dans mon atelier dans le sud de la France. <\/span><br \/>\n<span style=\"display: inline !important; float: none; background-color: transparent; color: #222222; font-family: 'Graphik Webfont',-apple-system,BlinkMacSystemFont,'Roboto','Droid Sans','Segoe UI','Helvetica',Arial,sans-serif; font-size: 14px; font-style: normal; font-variant: normal; font-weight: 400; letter-spacing: normal; orphans: 2; text-align: left; text-decoration: none; text-indent: 0px; text-transform: none; -webkit-text-stroke-width: 0px; white-space: normal; word-spacing: 0px;\">Il peut servir d&rsquo;abat jour dans le salon ou dans une chambre mais aussi en tant que mobile pour \u00e9veiller b\u00e9b\u00e9.<\/span><\/p>\n<p><span style=\"display: inline !important; float: none; background-color: transparent; color: #222222; font-family: 'Graphik Webfont',-apple-system,BlinkMacSystemFont,'Roboto','Droid Sans','Segoe UI','Helvetica',Arial,sans-serif; font-size: 14px; font-style: normal; font-variant: normal; font-weight: 400; letter-spacing: normal; orphans: 2; text-align: left; text-decoration: none; text-indent: 0px; text-transform: none; -webkit-text-stroke-width: 0px; white-space: normal; word-spacing: 0px;\">Il est r\u00e9alis\u00e9 avec de la corde 100% coton non teint\u00e9 ainsi que du fil lurex dor\u00e9 qui apporte de jolis reflets ainsi que de la luminosit\u00e9 \u00e0 la pi\u00e8ce.<\/span><\/p>\n<p><span style=\"display: inline !important; float: none; background-color: transparent; color: #222222; font-family: 'Graphik Webfont',-apple-system,BlinkMacSystemFont,'Roboto','Droid Sans','Segoe UI','Helvetica',Arial,sans-serif; font-size: 14px; font-style: normal; font-variant: normal; font-weight: 400; letter-spacing: normal; orphans: 2; text-align: left; text-decoration: none; text-indent: 0px; text-transform: none; -webkit-text-stroke-width: 0px; white-space: normal; word-spacing: 0px;\">Dimensions: <\/span><br \/>\n<span style=\"display: inline !important; float: none; background-color: transparent; color: #222222; font-family: 'Graphik Webfont',-apple-system,BlinkMacSystemFont,'Roboto','Droid Sans','Segoe UI','Helvetica',Arial,sans-serif; font-size: 14px; font-style: normal; font-variant: normal; font-weight: 400; letter-spacing: normal; orphans: 2; text-align: left; text-decoration: none; text-indent: 0px; text-transform: none; -webkit-text-stroke-width: 0px; white-space: normal; word-spacing: 0px;\">diam\u00e8tre de 20cm.<\/span><br \/>\n<span style=\"display: inline !important; float: none; background-color: transparent; color: #222222; font-family: 'Graphik Webfont',-apple-system,BlinkMacSystemFont,'Roboto','Droid Sans','Segoe UI','Helvetica',Arial,sans-serif; font-size: 14px; font-style: normal; font-variant: normal; font-weight: 400; letter-spacing: normal; orphans: 2; text-align: left; text-decoration: none; text-indent: 0px; text-transform: none; -webkit-text-stroke-width: 0px; white-space: normal; word-spacing: 0px;\">longueur d&rsquo;environ 35cm sans l&rsquo;accroche.<\/span><br \/>\n<span style=\"display: inline !important; float: none; background-color: transparent; color: #222222; font-family: 'Graphik Webfont',-apple-system,BlinkMacSystemFont,'Roboto','Droid Sans','Segoe UI','Helvetica',Arial,sans-serif; font-size: 14px; font-style: normal; font-variant: normal; font-weight: 400; letter-spacing: normal; orphans: 2; text-align: left; text-decoration: none; text-indent: 0px; text-transform: none; -webkit-text-stroke-width: 0px; white-space: normal; word-spacing: 0px;\">longueur d&rsquo;environ 65cm avec l&rsquo;accroche. <\/span><\/p>\n","protected":false},"featured_media":1564,"template":"","meta":[],"product_cat":[20],"product_tag":[],"yoast_head":"<!-- This site is optimized with the Yoast SEO plugin v21.6 - https:\/\/yoast.com\/wordpress\/plugins\/seo\/ -->\n<title>Mobile b\u00e9b\u00e9 \/ Luminaire en macram\u00e9 &#8226; Manawea<\/title>\n<meta name=\"description\" content=\"Ce mobile b\u00e9b\u00e9 en macram\u00e9 d\u00e9corera parfaitement la chambre de votre enfant. Cette cr\u00e9ation pourra \u00eatre utilis\u00e9 en tant que mobile ou bien en luminaire.\" \/>\n<meta name=\"robots\" content=\"index, follow, max-snippet:-1, max-image-preview:large, max-video-preview:-1\" \/>\n<link rel=\"canonical\" href=\"https:\/\/manawea.com\/index.php\/produit\/mobile-bebe-luminaire-en-macrame\/\" \/>\n<meta property=\"og:locale\" content=\"fr_FR\" \/>\n<meta property=\"og:type\" content=\"article\" \/>\n<meta property=\"og:title\" content=\"Mobile b\u00e9b\u00e9 \/ Luminaire en macram\u00e9 &#8226; Manawea\" \/>\n<meta property=\"og:description\" content=\"Ce mobile b\u00e9b\u00e9 en macram\u00e9 d\u00e9corera parfaitement la chambre de votre enfant. Cette cr\u00e9ation pourra \u00eatre utilis\u00e9 en tant que mobile ou bien en luminaire.\" \/>\n<meta property=\"og:url\" content=\"https:\/\/manawea.com\/index.php\/produit\/mobile-bebe-luminaire-en-macrame\/\" \/>\n<meta property=\"og:site_name\" content=\"Manawea\" \/>\n<meta property=\"article:publisher\" content=\"https:\/\/www.facebook.com\/manaweamacrame\/\" \/>\n<meta property=\"article:modified_time\" content=\"2022-12-30T09:57:13+00:00\" \/>\n<meta property=\"og:image\" content=\"https:\/\/manawea.com\/wp-content\/uploads\/2019\/03\/mobile-luminaire-en-macram\u00e9.jpeg\" \/>\n\t<meta property=\"og:image:width\" content=\"1509\" \/>\n\t<meta property=\"og:image:height\" content=\"1509\" \/>\n\t<meta property=\"og:image:type\" content=\"image\/jpeg\" \/>\n<meta name=\"twitter:card\" content=\"summary_large_image\" \/>\n<script type=\"application\/ld+json\" class=\"yoast-schema-graph\">{\"@context\":\"https:\/\/schema.org\",\"@graph\":[{\"@type\":\"WebPage\",\"@id\":\"https:\/\/manawea.com\/index.php\/produit\/mobile-bebe-luminaire-en-macrame\/\",\"url\":\"https:\/\/manawea.com\/index.php\/produit\/mobile-bebe-luminaire-en-macrame\/\",\"name\":\"Mobile b\u00e9b\u00e9 \/ Luminaire en macram\u00e9 &#8226; Manawea\",\"isPartOf\":{\"@id\":\"https:\/\/manawea.com\/#website\"},\"datePublished\":\"2019-03-26T21:56:16+00:00\",\"dateModified\":\"2022-12-30T09:57:13+00:00\",\"description\":\"Ce mobile b\u00e9b\u00e9 en macram\u00e9 d\u00e9corera parfaitement la chambre de votre enfant. Cette cr\u00e9ation pourra \u00eatre utilis\u00e9 en tant que mobile ou bien en luminaire.\",\"breadcrumb\":{\"@id\":\"https:\/\/manawea.com\/index.php\/produit\/mobile-bebe-luminaire-en-macrame\/#breadcrumb\"},\"inLanguage\":\"fr-FR\",\"potentialAction\":[{\"@type\":\"ReadAction\",\"target\":[\"https:\/\/manawea.com\/index.php\/produit\/mobile-bebe-luminaire-en-macrame\/\"]}]},{\"@type\":\"BreadcrumbList\",\"@id\":\"https:\/\/manawea.com\/index.php\/produit\/mobile-bebe-luminaire-en-macrame\/#breadcrumb\",\"itemListElement\":[{\"@type\":\"ListItem\",\"position\":1,\"name\":\"Accueil\",\"item\":\"https:\/\/manawea.com\/\"},{\"@type\":\"ListItem\",\"position\":2,\"name\":\"Boutique\",\"item\":\"https:\/\/manawea.com\/index.php\/shop\/\"},{\"@type\":\"ListItem\",\"position\":3,\"name\":\"Mobile b\u00e9b\u00e9 \/ Luminaire en macram\u00e9\"}]},{\"@type\":\"WebSite\",\"@id\":\"https:\/\/manawea.com\/#website\",\"url\":\"https:\/\/manawea.com\/\",\"name\":\"Manawea Macram\u00e9s po\u00e9tiques\",\"description\":\"D\u00e9coration en laiton et macram\u00e9\",\"publisher\":{\"@id\":\"https:\/\/manawea.com\/#organization\"},\"potentialAction\":[{\"@type\":\"SearchAction\",\"target\":{\"@type\":\"EntryPoint\",\"urlTemplate\":\"https:\/\/manawea.com\/?s={search_term_string}\"},\"query-input\":\"required name=search_term_string\"}],\"inLanguage\":\"fr-FR\"},{\"@type\":\"Organization\",\"@id\":\"https:\/\/manawea.com\/#organization\",\"name\":\"manawea\",\"url\":\"https:\/\/manawea.com\/\",\"logo\":{\"@type\":\"ImageObject\",\"inLanguage\":\"fr-FR\",\"@id\":\"https:\/\/manawea.com\/#\/schema\/logo\/image\/\",\"url\":\"https:\/\/manawea.com\/wp-content\/uploads\/2018\/04\/logo.jpg\",\"contentUrl\":\"https:\/\/manawea.com\/wp-content\/uploads\/2018\/04\/logo.jpg\",\"width\":2341,\"height\":2485,\"caption\":\"manawea\"},\"image\":{\"@id\":\"https:\/\/manawea.com\/#\/schema\/logo\/image\/\"},\"sameAs\":[\"https:\/\/www.facebook.com\/manaweamacrame\/\",\"https:\/\/www.instagram.com\/_manawea\/\"]}]}<\/script>\n<!-- \/ Yoast SEO plugin. -->","yoast_head_json":{"title":"Mobile b\u00e9b\u00e9 \/ Luminaire en macram\u00e9 &#8226; Manawea","description":"Ce mobile b\u00e9b\u00e9 en macram\u00e9 d\u00e9corera parfaitement la chambre de votre enfant. Cette cr\u00e9ation pourra \u00eatre utilis\u00e9 en tant que mobile ou bien en luminaire.","robots":{"index":"index","follow":"follow","max-snippet":"max-snippet:-1","max-image-preview":"max-image-preview:large","max-video-preview":"max-video-preview:-1"},"canonical":"https:\/\/manawea.com\/index.php\/produit\/mobile-bebe-luminaire-en-macrame\/","og_locale":"fr_FR","og_type":"article","og_title":"Mobile b\u00e9b\u00e9 \/ Luminaire en macram\u00e9 &#8226; Manawea","og_description":"Ce mobile b\u00e9b\u00e9 en macram\u00e9 d\u00e9corera parfaitement la chambre de votre enfant. Cette cr\u00e9ation pourra \u00eatre utilis\u00e9 en tant que mobile ou bien en luminaire.","og_url":"https:\/\/manawea.com\/index.php\/produit\/mobile-bebe-luminaire-en-macrame\/","og_site_name":"Manawea","article_publisher":"https:\/\/www.facebook.com\/manaweamacrame\/","article_modified_time":"2022-12-30T09:57:13+00:00","og_image":[{"width":1509,"height":1509,"url":"https:\/\/manawea.com\/wp-content\/uploads\/2019\/03\/mobile-luminaire-en-macram\u00e9.jpeg","type":"image\/jpeg"}],"twitter_card":"summary_large_image","schema":{"@context":"https:\/\/schema.org","@graph":[{"@type":"WebPage","@id":"https:\/\/manawea.com\/index.php\/produit\/mobile-bebe-luminaire-en-macrame\/","url":"https:\/\/manawea.com\/index.php\/produit\/mobile-bebe-luminaire-en-macrame\/","name":"Mobile b\u00e9b\u00e9 \/ Luminaire en macram\u00e9 &#8226; Manawea","isPartOf":{"@id":"https:\/\/manawea.com\/#website"},"datePublished":"2019-03-26T21:56:16+00:00","dateModified":"2022-12-30T09:57:13+00:00","description":"Ce mobile b\u00e9b\u00e9 en macram\u00e9 d\u00e9corera parfaitement la chambre de votre enfant. Cette cr\u00e9ation pourra \u00eatre utilis\u00e9 en tant que mobile ou bien en luminaire.","breadcrumb":{"@id":"https:\/\/manawea.com\/index.php\/produit\/mobile-bebe-luminaire-en-macrame\/#breadcrumb"},"inLanguage":"fr-FR","potentialAction":[{"@type":"ReadAction","target":["https:\/\/manawea.com\/index.php\/produit\/mobile-bebe-luminaire-en-macrame\/"]}]},{"@type":"BreadcrumbList","@id":"https:\/\/manawea.com\/index.php\/produit\/mobile-bebe-luminaire-en-macrame\/#breadcrumb","itemListElement":[{"@type":"ListItem","position":1,"name":"Accueil","item":"https:\/\/manawea.com\/"},{"@type":"ListItem","position":2,"name":"Boutique","item":"https:\/\/manawea.com\/index.php\/shop\/"},{"@type":"ListItem","position":3,"name":"Mobile b\u00e9b\u00e9 \/ Luminaire en macram\u00e9"}]},{"@type":"WebSite","@id":"https:\/\/manawea.com\/#website","url":"https:\/\/manawea.com\/","name":"Manawea Macram\u00e9s po\u00e9tiques","description":"D\u00e9coration en laiton et macram\u00e9","publisher":{"@id":"https:\/\/manawea.com\/#organization"},"potentialAction":[{"@type":"SearchAction","target":{"@type":"EntryPoint","urlTemplate":"https:\/\/manawea.com\/?s={search_term_string}"},"query-input":"required name=search_term_string"}],"inLanguage":"fr-FR"},{"@type":"Organization","@id":"https:\/\/manawea.com\/#organization","name":"manawea","url":"https:\/\/manawea.com\/","logo":{"@type":"ImageObject","inLanguage":"fr-FR","@id":"https:\/\/manawea.com\/#\/schema\/logo\/image\/","url":"https:\/\/manawea.com\/wp-content\/uploads\/2018\/04\/logo.jpg","contentUrl":"https:\/\/manawea.com\/wp-content\/uploads\/2018\/04\/logo.jpg","width":2341,"height":2485,"caption":"manawea"},"image":{"@id":"https:\/\/manawea.com\/#\/schema\/logo\/image\/"},"sameAs":["https:\/\/www.facebook.com\/manaweamacrame\/","https:\/\/www.instagram.com\/_manawea\/"]}]}},"_links":{"self":[{"href":"https:\/\/manawea.com\/index.php\/wp-json\/wp\/v2\/product\/1563"}],"collection":[{"href":"https:\/\/manawea.com\/index.php\/wp-json\/wp\/v2\/product"}],"about":[{"href":"https:\/\/manawea.com\/index.php\/wp-json\/wp\/v2\/types\/product"}],"wp:featuredmedia":[{"embeddable":true,"href":"https:\/\/manawea.com\/index.php\/wp-json\/wp\/v2\/media\/1564"}],"wp:attachment":[{"href":"https:\/\/manawea.com\/index.php\/wp-json\/wp\/v2\/media?parent=1563"}],"wp:term":[{"taxonomy":"product_cat","embeddable":true,"href":"https:\/\/manawea.com\/index.php\/wp-json\/wp\/v2\/product_cat?post=1563"},{"taxonomy":"product_tag","embeddable":true,"href":"https:\/\/manawea.com\/index.php\/wp-json\/wp\/v2\/product_tag?post=1563"}],"curies":[{"name":"wp","href":"https:\/\/api.w.org\/{rel}","templated":true}]}}