{"id":1746,"date":"2019-11-04T20:31:51","date_gmt":"2019-11-04T19:31:51","guid":{"rendered":"https:\/\/manawea.com\/?post_type=product&#038;p=1746"},"modified":"2022-12-30T10:56:50","modified_gmt":"2022-12-30T09:56:50","slug":"grand-macrame-mural-tete-de-lit","status":"publish","type":"product","link":"https:\/\/manawea.com\/index.php\/produit\/grand-macrame-mural-tete-de-lit\/","title":{"rendered":"Grand macram\u00e9 mural t\u00eate de lit"},"content":{"rendered":"<p>Ce grand macram\u00e9 mural sera id\u00e9al en t\u00eate de lit ou pour habiller un grand mur, dans votre salon par exemple.<\/p>\n<p>Il s&rsquo;int\u00e8gre parfaitement dans les int\u00e9rieurs \u00e0 la d\u00e9coration boh\u00e8me, d\u00e9coration ethnique ou encore \u00e0 la d\u00e9coration scandinave.<\/p>\n<p>Il est r\u00e9alis\u00e9 artisanalement par mes soins dans mon atelier dans le sud de la France. J&rsquo;utilise de la corde 100% naturelle, non teint\u00e9e et fabriqu\u00e9e en France. Ainsi qu&rsquo;un bois flott\u00e9 ramass\u00e9 lors de mes balades en bord de plage ou de rivi\u00e8re.<\/p>\n<p>Ce macram\u00e9 est r\u00e9alis\u00e9 \u00e0 la commande. Un d\u00e9lais de confection est n\u00e9cessaire avant l&rsquo;exp\u00e9dition. Le macram\u00e9 mural sera reproduit aussi pr\u00e9cis\u00e9ment que possible sur un bois flott\u00e9 diff\u00e9rent de celui sur la photo.<\/p>\n","protected":false},"excerpt":{"rendered":"<p><span style=\"display: inline !important; float: none; background-color: #ffffff; color: #222222; font-family: 'Graphik Webfont',-apple-system,BlinkMacSystemFont,'Roboto','Droid Sans','Segoe UI','Helvetica',Arial,sans-serif; font-size: 14px; font-style: normal; font-variant: normal; font-weight: 300; letter-spacing: normal; orphans: 2; text-align: left; text-decoration: none; text-indent: 0px; text-transform: none; -webkit-text-stroke-width: 0px; white-space: normal; word-spacing: 0px;\">Ce grand tissage mural est r\u00e9alis\u00e9 avec la technique du macram\u00e9. <\/span><br \/>\n<span style=\"display: inline !important; float: none; background-color: #ffffff; color: #222222; font-family: 'Graphik Webfont',-apple-system,BlinkMacSystemFont,'Roboto','Droid Sans','Segoe UI','Helvetica',Arial,sans-serif; font-size: 14px; font-style: normal; font-variant: normal; font-weight: 300; letter-spacing: normal; orphans: 2; text-align: left; text-decoration: none; text-indent: 0px; text-transform: none; -webkit-text-stroke-width: 0px; white-space: normal; word-spacing: 0px;\">J&rsquo;utilise de la corde 100 % coton fabriqu\u00e9e en France et un bois flott\u00e9 ramass\u00e9 lors des mes balades en bord de plage ou de rivi\u00e8re.\u00a0<\/span><br \/>\n<span style=\"display: inline !important; float: none; background-color: #ffffff; color: #222222; font-family: 'Graphik Webfont',-apple-system,BlinkMacSystemFont,'Roboto','Droid Sans','Segoe UI','Helvetica',Arial,sans-serif; font-size: 14px; font-style: normal; font-variant: normal; font-weight: 300; letter-spacing: normal; orphans: 2; text-align: left; text-decoration: none; text-indent: 0px; text-transform: none; -webkit-text-stroke-width: 0px; white-space: normal; word-spacing: 0px;\">Cette cr\u00e9ation est r\u00e9alis\u00e9e \u00e0 la commande. Le macram\u00e9 sera reproduit aussi pr\u00e9cis\u00e9ment que possible sur un bois flott\u00e9 diff\u00e9rent.<\/span><br \/>\n<span style=\"display: inline !important; float: none; background-color: #ffffff; color: #222222; font-family: 'Graphik Webfont',-apple-system,BlinkMacSystemFont,'Roboto','Droid Sans','Segoe UI','Helvetica',Arial,sans-serif; font-size: 14px; font-style: normal; font-variant: normal; font-weight: 300; letter-spacing: normal; orphans: 2; text-align: left; text-decoration: none; text-indent: 0px; text-transform: none; -webkit-text-stroke-width: 0px; white-space: normal; word-spacing: 0px;\">Dimensions : entre 110 et 120cm de largeur \u00a0<\/span><\/p>\n","protected":false},"featured_media":1863,"template":"","meta":[],"product_cat":[15],"product_tag":[],"yoast_head":"<!-- This site is optimized with the Yoast SEO plugin v21.6 - https:\/\/yoast.com\/wordpress\/plugins\/seo\/ -->\n<title>Grand macram\u00e9 mural t\u00eate de lit &#8226; Manawea<\/title>\n<meta name=\"description\" content=\"Ce grand macram\u00e9 mural sera id\u00e9al en t\u00eate de lit ou pour habiller un grand mur. Il s&#039;int\u00e8gre parfaitement dans une d\u00e9coration boh\u00e8me, ethnique ou scandinave\" \/>\n<meta name=\"robots\" content=\"index, follow, max-snippet:-1, max-image-preview:large, max-video-preview:-1\" \/>\n<link rel=\"canonical\" href=\"https:\/\/manawea.com\/index.php\/produit\/grand-macrame-mural-tete-de-lit\/\" \/>\n<meta property=\"og:locale\" content=\"fr_FR\" \/>\n<meta property=\"og:type\" content=\"article\" \/>\n<meta property=\"og:title\" content=\"Grand macram\u00e9 mural t\u00eate de lit &#8226; Manawea\" \/>\n<meta property=\"og:description\" content=\"Ce grand macram\u00e9 mural sera id\u00e9al en t\u00eate de lit ou pour habiller un grand mur. Il s&#039;int\u00e8gre parfaitement dans une d\u00e9coration boh\u00e8me, ethnique ou scandinave\" \/>\n<meta property=\"og:url\" content=\"https:\/\/manawea.com\/index.php\/produit\/grand-macrame-mural-tete-de-lit\/\" \/>\n<meta property=\"og:site_name\" content=\"Manawea\" \/>\n<meta property=\"article:publisher\" content=\"https:\/\/www.facebook.com\/manaweamacrame\/\" \/>\n<meta property=\"article:modified_time\" content=\"2022-12-30T09:56:50+00:00\" \/>\n<meta property=\"og:image\" content=\"https:\/\/manawea.com\/wp-content\/uploads\/2020\/02\/grand-macrame-mural-tete-de-lit-scaled.jpg\" \/>\n\t<meta property=\"og:image:width\" content=\"2560\" \/>\n\t<meta property=\"og:image:height\" content=\"2560\" \/>\n\t<meta property=\"og:image:type\" content=\"image\/jpeg\" \/>\n<meta name=\"twitter:card\" content=\"summary_large_image\" \/>\n<meta name=\"twitter:label1\" content=\"Dur\u00e9e de lecture estim\u00e9e\" \/>\n\t<meta name=\"twitter:data1\" content=\"1 minute\" \/>\n<script type=\"application\/ld+json\" class=\"yoast-schema-graph\">{\"@context\":\"https:\/\/schema.org\",\"@graph\":[{\"@type\":\"WebPage\",\"@id\":\"https:\/\/manawea.com\/index.php\/produit\/grand-macrame-mural-tete-de-lit\/\",\"url\":\"https:\/\/manawea.com\/index.php\/produit\/grand-macrame-mural-tete-de-lit\/\",\"name\":\"Grand macram\u00e9 mural t\u00eate de lit &#8226; Manawea\",\"isPartOf\":{\"@id\":\"https:\/\/manawea.com\/#website\"},\"datePublished\":\"2019-11-04T19:31:51+00:00\",\"dateModified\":\"2022-12-30T09:56:50+00:00\",\"description\":\"Ce grand macram\u00e9 mural sera id\u00e9al en t\u00eate de lit ou pour habiller un grand mur. Il s'int\u00e8gre parfaitement dans une d\u00e9coration boh\u00e8me, ethnique ou scandinave\",\"breadcrumb\":{\"@id\":\"https:\/\/manawea.com\/index.php\/produit\/grand-macrame-mural-tete-de-lit\/#breadcrumb\"},\"inLanguage\":\"fr-FR\",\"potentialAction\":[{\"@type\":\"ReadAction\",\"target\":[\"https:\/\/manawea.com\/index.php\/produit\/grand-macrame-mural-tete-de-lit\/\"]}]},{\"@type\":\"BreadcrumbList\",\"@id\":\"https:\/\/manawea.com\/index.php\/produit\/grand-macrame-mural-tete-de-lit\/#breadcrumb\",\"itemListElement\":[{\"@type\":\"ListItem\",\"position\":1,\"name\":\"Accueil\",\"item\":\"https:\/\/manawea.com\/\"},{\"@type\":\"ListItem\",\"position\":2,\"name\":\"Boutique\",\"item\":\"https:\/\/manawea.com\/index.php\/shop\/\"},{\"@type\":\"ListItem\",\"position\":3,\"name\":\"Grand macram\u00e9 mural t\u00eate de lit\"}]},{\"@type\":\"WebSite\",\"@id\":\"https:\/\/manawea.com\/#website\",\"url\":\"https:\/\/manawea.com\/\",\"name\":\"Manawea Macram\u00e9s po\u00e9tiques\",\"description\":\"D\u00e9coration en laiton et macram\u00e9\",\"publisher\":{\"@id\":\"https:\/\/manawea.com\/#organization\"},\"potentialAction\":[{\"@type\":\"SearchAction\",\"target\":{\"@type\":\"EntryPoint\",\"urlTemplate\":\"https:\/\/manawea.com\/?s={search_term_string}\"},\"query-input\":\"required name=search_term_string\"}],\"inLanguage\":\"fr-FR\"},{\"@type\":\"Organization\",\"@id\":\"https:\/\/manawea.com\/#organization\",\"name\":\"manawea\",\"url\":\"https:\/\/manawea.com\/\",\"logo\":{\"@type\":\"ImageObject\",\"inLanguage\":\"fr-FR\",\"@id\":\"https:\/\/manawea.com\/#\/schema\/logo\/image\/\",\"url\":\"https:\/\/manawea.com\/wp-content\/uploads\/2018\/04\/logo.jpg\",\"contentUrl\":\"https:\/\/manawea.com\/wp-content\/uploads\/2018\/04\/logo.jpg\",\"width\":2341,\"height\":2485,\"caption\":\"manawea\"},\"image\":{\"@id\":\"https:\/\/manawea.com\/#\/schema\/logo\/image\/\"},\"sameAs\":[\"https:\/\/www.facebook.com\/manaweamacrame\/\",\"https:\/\/www.instagram.com\/_manawea\/\"]}]}<\/script>\n<!-- \/ Yoast SEO plugin. -->","yoast_head_json":{"title":"Grand macram\u00e9 mural t\u00eate de lit &#8226; Manawea","description":"Ce grand macram\u00e9 mural sera id\u00e9al en t\u00eate de lit ou pour habiller un grand mur. Il s'int\u00e8gre parfaitement dans une d\u00e9coration boh\u00e8me, ethnique ou scandinave","robots":{"index":"index","follow":"follow","max-snippet":"max-snippet:-1","max-image-preview":"max-image-preview:large","max-video-preview":"max-video-preview:-1"},"canonical":"https:\/\/manawea.com\/index.php\/produit\/grand-macrame-mural-tete-de-lit\/","og_locale":"fr_FR","og_type":"article","og_title":"Grand macram\u00e9 mural t\u00eate de lit &#8226; Manawea","og_description":"Ce grand macram\u00e9 mural sera id\u00e9al en t\u00eate de lit ou pour habiller un grand mur. Il s'int\u00e8gre parfaitement dans une d\u00e9coration boh\u00e8me, ethnique ou scandinave","og_url":"https:\/\/manawea.com\/index.php\/produit\/grand-macrame-mural-tete-de-lit\/","og_site_name":"Manawea","article_publisher":"https:\/\/www.facebook.com\/manaweamacrame\/","article_modified_time":"2022-12-30T09:56:50+00:00","og_image":[{"width":2560,"height":2560,"url":"https:\/\/manawea.com\/wp-content\/uploads\/2020\/02\/grand-macrame-mural-tete-de-lit-scaled.jpg","type":"image\/jpeg"}],"twitter_card":"summary_large_image","twitter_misc":{"Dur\u00e9e de lecture estim\u00e9e":"1 minute"},"schema":{"@context":"https:\/\/schema.org","@graph":[{"@type":"WebPage","@id":"https:\/\/manawea.com\/index.php\/produit\/grand-macrame-mural-tete-de-lit\/","url":"https:\/\/manawea.com\/index.php\/produit\/grand-macrame-mural-tete-de-lit\/","name":"Grand macram\u00e9 mural t\u00eate de lit &#8226; Manawea","isPartOf":{"@id":"https:\/\/manawea.com\/#website"},"datePublished":"2019-11-04T19:31:51+00:00","dateModified":"2022-12-30T09:56:50+00:00","description":"Ce grand macram\u00e9 mural sera id\u00e9al en t\u00eate de lit ou pour habiller un grand mur. Il s'int\u00e8gre parfaitement dans une d\u00e9coration boh\u00e8me, ethnique ou scandinave","breadcrumb":{"@id":"https:\/\/manawea.com\/index.php\/produit\/grand-macrame-mural-tete-de-lit\/#breadcrumb"},"inLanguage":"fr-FR","potentialAction":[{"@type":"ReadAction","target":["https:\/\/manawea.com\/index.php\/produit\/grand-macrame-mural-tete-de-lit\/"]}]},{"@type":"BreadcrumbList","@id":"https:\/\/manawea.com\/index.php\/produit\/grand-macrame-mural-tete-de-lit\/#breadcrumb","itemListElement":[{"@type":"ListItem","position":1,"name":"Accueil","item":"https:\/\/manawea.com\/"},{"@type":"ListItem","position":2,"name":"Boutique","item":"https:\/\/manawea.com\/index.php\/shop\/"},{"@type":"ListItem","position":3,"name":"Grand macram\u00e9 mural t\u00eate de lit"}]},{"@type":"WebSite","@id":"https:\/\/manawea.com\/#website","url":"https:\/\/manawea.com\/","name":"Manawea Macram\u00e9s po\u00e9tiques","description":"D\u00e9coration en laiton et macram\u00e9","publisher":{"@id":"https:\/\/manawea.com\/#organization"},"potentialAction":[{"@type":"SearchAction","target":{"@type":"EntryPoint","urlTemplate":"https:\/\/manawea.com\/?s={search_term_string}"},"query-input":"required name=search_term_string"}],"inLanguage":"fr-FR"},{"@type":"Organization","@id":"https:\/\/manawea.com\/#organization","name":"manawea","url":"https:\/\/manawea.com\/","logo":{"@type":"ImageObject","inLanguage":"fr-FR","@id":"https:\/\/manawea.com\/#\/schema\/logo\/image\/","url":"https:\/\/manawea.com\/wp-content\/uploads\/2018\/04\/logo.jpg","contentUrl":"https:\/\/manawea.com\/wp-content\/uploads\/2018\/04\/logo.jpg","width":2341,"height":2485,"caption":"manawea"},"image":{"@id":"https:\/\/manawea.com\/#\/schema\/logo\/image\/"},"sameAs":["https:\/\/www.facebook.com\/manaweamacrame\/","https:\/\/www.instagram.com\/_manawea\/"]}]}},"_links":{"self":[{"href":"https:\/\/manawea.com\/index.php\/wp-json\/wp\/v2\/product\/1746"}],"collection":[{"href":"https:\/\/manawea.com\/index.php\/wp-json\/wp\/v2\/product"}],"about":[{"href":"https:\/\/manawea.com\/index.php\/wp-json\/wp\/v2\/types\/product"}],"wp:featuredmedia":[{"embeddable":true,"href":"https:\/\/manawea.com\/index.php\/wp-json\/wp\/v2\/media\/1863"}],"wp:attachment":[{"href":"https:\/\/manawea.com\/index.php\/wp-json\/wp\/v2\/media?parent=1746"}],"wp:term":[{"taxonomy":"product_cat","embeddable":true,"href":"https:\/\/manawea.com\/index.php\/wp-json\/wp\/v2\/product_cat?post=1746"},{"taxonomy":"product_tag","embeddable":true,"href":"https:\/\/manawea.com\/index.php\/wp-json\/wp\/v2\/product_tag?post=1746"}],"curies":[{"name":"wp","href":"https:\/\/api.w.org\/{rel}","templated":true}]}}