{"id":1852,"date":"2020-02-13T11:34:38","date_gmt":"2020-02-13T10:34:38","guid":{"rendered":"https:\/\/manawea.com\/?post_type=product&#038;p=1852"},"modified":"2022-12-30T10:56:42","modified_gmt":"2022-12-30T09:56:42","slug":"grand-macrame-mural-kinfolk","status":"publish","type":"product","link":"https:\/\/manawea.com\/index.php\/produit\/grand-macrame-mural-kinfolk\/","title":{"rendered":"Grand macrame mural kinfolk"},"content":{"rendered":"<p>Grand macrame mural kinfolk.<\/p>\n<p>Cette tenture murale en macram\u00e9 est compos\u00e9e de plusieurs couches de corde et de centaines de petits n\u0153uds. Vous pourrez placer ce macram\u00e9 au dessus de votre lit, ou dans la pi\u00e8ce \u00e0 vivre pour apporter une touche boh\u00e8me ou kinfolk dans votre d\u00e9coration.<\/p>\n<p>Chaque tenture murale est faite avec de la corde 100% coton de qualit\u00e9\u00a0 nou\u00e9e sur un bois flott\u00e9.<br \/>\nAttention, cette cr\u00e9ation est r\u00e9alis\u00e9e \u00e0 la commande. Le macram\u00e9 sera reproduit aussi pr\u00e9cis\u00e9ment que possible sur un bois flott\u00e9 diff\u00e9rent, vous ne recevrez pas le m\u00eame que celui sur la photo.<\/p>\n<p>Merci de respecter mon travail et de ne pas copier mes cr\u00e9ations.<\/p>\n","protected":false},"excerpt":{"rendered":"<p>Grand macram\u00e9 compos\u00e9 d&rsquo;un joli travail sur les noeuds d&rsquo;inspiration \u00ab\u00a0dentelle\u00a0\u00bb et de 4 couches de corde.<br \/>\nIl est enti\u00e8rement nou\u00e9 \u00e0 la main avec de la corde de coton brute.<br \/>\nDimensions: plus ou moins 85cm de large.<\/p>\n","protected":false},"featured_media":1853,"template":"","meta":[],"product_cat":[72,15],"product_tag":[],"yoast_head":"<!-- This site is optimized with the Yoast SEO plugin v21.6 - https:\/\/yoast.com\/wordpress\/plugins\/seo\/ -->\n<title>Grand macrame mural kinfolk &#8226; Manawea<\/title>\n<meta name=\"description\" content=\"Grand macrame mural kinfolk pour embellir votre d\u00e9coration. Cette tenture murale est compos\u00e9e de centaines de petits noeuds et de supersposition de corde.\" \/>\n<meta name=\"robots\" content=\"index, follow, max-snippet:-1, max-image-preview:large, max-video-preview:-1\" \/>\n<link rel=\"canonical\" href=\"https:\/\/manawea.com\/index.php\/produit\/grand-macrame-mural-kinfolk\/\" \/>\n<meta property=\"og:locale\" content=\"fr_FR\" \/>\n<meta property=\"og:type\" content=\"article\" \/>\n<meta property=\"og:title\" content=\"Grand macrame mural kinfolk &#8226; Manawea\" \/>\n<meta property=\"og:description\" content=\"Grand macrame mural kinfolk pour embellir votre d\u00e9coration. Cette tenture murale est compos\u00e9e de centaines de petits noeuds et de supersposition de corde.\" \/>\n<meta property=\"og:url\" content=\"https:\/\/manawea.com\/index.php\/produit\/grand-macrame-mural-kinfolk\/\" \/>\n<meta property=\"og:site_name\" content=\"Manawea\" \/>\n<meta property=\"article:publisher\" content=\"https:\/\/www.facebook.com\/manaweamacrame\/\" \/>\n<meta property=\"article:modified_time\" content=\"2022-12-30T09:56:42+00:00\" \/>\n<meta property=\"og:image\" content=\"https:\/\/manawea.com\/wp-content\/uploads\/2020\/02\/grand-macrame-mural-kinfolk-scaled.jpg\" \/>\n\t<meta property=\"og:image:width\" content=\"2560\" \/>\n\t<meta property=\"og:image:height\" content=\"2560\" \/>\n\t<meta property=\"og:image:type\" content=\"image\/jpeg\" \/>\n<meta name=\"twitter:card\" content=\"summary_large_image\" \/>\n<meta name=\"twitter:label1\" content=\"Dur\u00e9e de lecture estim\u00e9e\" \/>\n\t<meta name=\"twitter:data1\" content=\"1 minute\" \/>\n<script type=\"application\/ld+json\" class=\"yoast-schema-graph\">{\"@context\":\"https:\/\/schema.org\",\"@graph\":[{\"@type\":\"WebPage\",\"@id\":\"https:\/\/manawea.com\/index.php\/produit\/grand-macrame-mural-kinfolk\/\",\"url\":\"https:\/\/manawea.com\/index.php\/produit\/grand-macrame-mural-kinfolk\/\",\"name\":\"Grand macrame mural kinfolk &#8226; Manawea\",\"isPartOf\":{\"@id\":\"https:\/\/manawea.com\/#website\"},\"datePublished\":\"2020-02-13T10:34:38+00:00\",\"dateModified\":\"2022-12-30T09:56:42+00:00\",\"description\":\"Grand macrame mural kinfolk pour embellir votre d\u00e9coration. Cette tenture murale est compos\u00e9e de centaines de petits noeuds et de supersposition de corde.\",\"breadcrumb\":{\"@id\":\"https:\/\/manawea.com\/index.php\/produit\/grand-macrame-mural-kinfolk\/#breadcrumb\"},\"inLanguage\":\"fr-FR\",\"potentialAction\":[{\"@type\":\"ReadAction\",\"target\":[\"https:\/\/manawea.com\/index.php\/produit\/grand-macrame-mural-kinfolk\/\"]}]},{\"@type\":\"BreadcrumbList\",\"@id\":\"https:\/\/manawea.com\/index.php\/produit\/grand-macrame-mural-kinfolk\/#breadcrumb\",\"itemListElement\":[{\"@type\":\"ListItem\",\"position\":1,\"name\":\"Accueil\",\"item\":\"https:\/\/manawea.com\/\"},{\"@type\":\"ListItem\",\"position\":2,\"name\":\"Boutique\",\"item\":\"https:\/\/manawea.com\/index.php\/shop\/\"},{\"@type\":\"ListItem\",\"position\":3,\"name\":\"Grand macrame mural kinfolk\"}]},{\"@type\":\"WebSite\",\"@id\":\"https:\/\/manawea.com\/#website\",\"url\":\"https:\/\/manawea.com\/\",\"name\":\"Manawea Macram\u00e9s po\u00e9tiques\",\"description\":\"D\u00e9coration en laiton et macram\u00e9\",\"publisher\":{\"@id\":\"https:\/\/manawea.com\/#organization\"},\"potentialAction\":[{\"@type\":\"SearchAction\",\"target\":{\"@type\":\"EntryPoint\",\"urlTemplate\":\"https:\/\/manawea.com\/?s={search_term_string}\"},\"query-input\":\"required name=search_term_string\"}],\"inLanguage\":\"fr-FR\"},{\"@type\":\"Organization\",\"@id\":\"https:\/\/manawea.com\/#organization\",\"name\":\"manawea\",\"url\":\"https:\/\/manawea.com\/\",\"logo\":{\"@type\":\"ImageObject\",\"inLanguage\":\"fr-FR\",\"@id\":\"https:\/\/manawea.com\/#\/schema\/logo\/image\/\",\"url\":\"https:\/\/manawea.com\/wp-content\/uploads\/2018\/04\/logo.jpg\",\"contentUrl\":\"https:\/\/manawea.com\/wp-content\/uploads\/2018\/04\/logo.jpg\",\"width\":2341,\"height\":2485,\"caption\":\"manawea\"},\"image\":{\"@id\":\"https:\/\/manawea.com\/#\/schema\/logo\/image\/\"},\"sameAs\":[\"https:\/\/www.facebook.com\/manaweamacrame\/\",\"https:\/\/www.instagram.com\/_manawea\/\"]}]}<\/script>\n<!-- \/ Yoast SEO plugin. -->","yoast_head_json":{"title":"Grand macrame mural kinfolk &#8226; Manawea","description":"Grand macrame mural kinfolk pour embellir votre d\u00e9coration. Cette tenture murale est compos\u00e9e de centaines de petits noeuds et de supersposition de corde.","robots":{"index":"index","follow":"follow","max-snippet":"max-snippet:-1","max-image-preview":"max-image-preview:large","max-video-preview":"max-video-preview:-1"},"canonical":"https:\/\/manawea.com\/index.php\/produit\/grand-macrame-mural-kinfolk\/","og_locale":"fr_FR","og_type":"article","og_title":"Grand macrame mural kinfolk &#8226; Manawea","og_description":"Grand macrame mural kinfolk pour embellir votre d\u00e9coration. Cette tenture murale est compos\u00e9e de centaines de petits noeuds et de supersposition de corde.","og_url":"https:\/\/manawea.com\/index.php\/produit\/grand-macrame-mural-kinfolk\/","og_site_name":"Manawea","article_publisher":"https:\/\/www.facebook.com\/manaweamacrame\/","article_modified_time":"2022-12-30T09:56:42+00:00","og_image":[{"width":2560,"height":2560,"url":"https:\/\/manawea.com\/wp-content\/uploads\/2020\/02\/grand-macrame-mural-kinfolk-scaled.jpg","type":"image\/jpeg"}],"twitter_card":"summary_large_image","twitter_misc":{"Dur\u00e9e de lecture estim\u00e9e":"1 minute"},"schema":{"@context":"https:\/\/schema.org","@graph":[{"@type":"WebPage","@id":"https:\/\/manawea.com\/index.php\/produit\/grand-macrame-mural-kinfolk\/","url":"https:\/\/manawea.com\/index.php\/produit\/grand-macrame-mural-kinfolk\/","name":"Grand macrame mural kinfolk &#8226; Manawea","isPartOf":{"@id":"https:\/\/manawea.com\/#website"},"datePublished":"2020-02-13T10:34:38+00:00","dateModified":"2022-12-30T09:56:42+00:00","description":"Grand macrame mural kinfolk pour embellir votre d\u00e9coration. Cette tenture murale est compos\u00e9e de centaines de petits noeuds et de supersposition de corde.","breadcrumb":{"@id":"https:\/\/manawea.com\/index.php\/produit\/grand-macrame-mural-kinfolk\/#breadcrumb"},"inLanguage":"fr-FR","potentialAction":[{"@type":"ReadAction","target":["https:\/\/manawea.com\/index.php\/produit\/grand-macrame-mural-kinfolk\/"]}]},{"@type":"BreadcrumbList","@id":"https:\/\/manawea.com\/index.php\/produit\/grand-macrame-mural-kinfolk\/#breadcrumb","itemListElement":[{"@type":"ListItem","position":1,"name":"Accueil","item":"https:\/\/manawea.com\/"},{"@type":"ListItem","position":2,"name":"Boutique","item":"https:\/\/manawea.com\/index.php\/shop\/"},{"@type":"ListItem","position":3,"name":"Grand macrame mural kinfolk"}]},{"@type":"WebSite","@id":"https:\/\/manawea.com\/#website","url":"https:\/\/manawea.com\/","name":"Manawea Macram\u00e9s po\u00e9tiques","description":"D\u00e9coration en laiton et macram\u00e9","publisher":{"@id":"https:\/\/manawea.com\/#organization"},"potentialAction":[{"@type":"SearchAction","target":{"@type":"EntryPoint","urlTemplate":"https:\/\/manawea.com\/?s={search_term_string}"},"query-input":"required name=search_term_string"}],"inLanguage":"fr-FR"},{"@type":"Organization","@id":"https:\/\/manawea.com\/#organization","name":"manawea","url":"https:\/\/manawea.com\/","logo":{"@type":"ImageObject","inLanguage":"fr-FR","@id":"https:\/\/manawea.com\/#\/schema\/logo\/image\/","url":"https:\/\/manawea.com\/wp-content\/uploads\/2018\/04\/logo.jpg","contentUrl":"https:\/\/manawea.com\/wp-content\/uploads\/2018\/04\/logo.jpg","width":2341,"height":2485,"caption":"manawea"},"image":{"@id":"https:\/\/manawea.com\/#\/schema\/logo\/image\/"},"sameAs":["https:\/\/www.facebook.com\/manaweamacrame\/","https:\/\/www.instagram.com\/_manawea\/"]}]}},"_links":{"self":[{"href":"https:\/\/manawea.com\/index.php\/wp-json\/wp\/v2\/product\/1852"}],"collection":[{"href":"https:\/\/manawea.com\/index.php\/wp-json\/wp\/v2\/product"}],"about":[{"href":"https:\/\/manawea.com\/index.php\/wp-json\/wp\/v2\/types\/product"}],"wp:featuredmedia":[{"embeddable":true,"href":"https:\/\/manawea.com\/index.php\/wp-json\/wp\/v2\/media\/1853"}],"wp:attachment":[{"href":"https:\/\/manawea.com\/index.php\/wp-json\/wp\/v2\/media?parent=1852"}],"wp:term":[{"taxonomy":"product_cat","embeddable":true,"href":"https:\/\/manawea.com\/index.php\/wp-json\/wp\/v2\/product_cat?post=1852"},{"taxonomy":"product_tag","embeddable":true,"href":"https:\/\/manawea.com\/index.php\/wp-json\/wp\/v2\/product_tag?post=1852"}],"curies":[{"name":"wp","href":"https:\/\/api.w.org\/{rel}","templated":true}]}}