{"id":1896,"date":"2020-02-13T17:56:10","date_gmt":"2020-02-13T16:56:10","guid":{"rendered":"https:\/\/manawea.com\/?post_type=product&#038;p=1896"},"modified":"2022-12-30T10:56:33","modified_gmt":"2022-12-30T09:56:33","slug":"grand-miroir-ethnique-en-jute","status":"publish","type":"product","link":"https:\/\/manawea.com\/index.php\/produit\/grand-miroir-ethnique-en-jute\/","title":{"rendered":"Grand miroir ethnique en jute"},"content":{"rendered":"<p><strong>Grand miroir ethnique en jute<\/strong>, il est compos\u00e9 de centaines de petits n\u0153uds et est enti\u00e8rement nou\u00e9 \u00e0 la main. J&rsquo;utilise de la corde de jute pour le cr\u00e9er. Il apportera une touche boh\u00e8me et de l&rsquo;authenticit\u00e9 \u00e0 votre int\u00e9rieur.<\/p>\n<p>Dimensions: environ 50cm de diam\u00e8tre<\/p>\n<p>Ce <strong>miroir mural<\/strong> sera tr\u00e8s joli au dessus d&rsquo;une vasque dans une salle de bain ou au dessus d&rsquo;une commode. Il peut aussi \u00eatre mis en accumulation avec d&rsquo;autres plus petits miroirs au dessus d&rsquo;un lit ou d&rsquo;un canap\u00e9 par exemple.<\/p>\n","protected":false},"excerpt":{"rendered":"<p>Grand miroir ethnique en jute, il est compos\u00e9 de centaines de petits n\u0153uds et est enti\u00e8rement nou\u00e9 \u00e0 la main. J&rsquo;utilise de la corde de jute pour le cr\u00e9er. Il apportera une touche boh\u00e8me et de l&rsquo;authenticit\u00e9 \u00e0 votre int\u00e9rieur. Dimensions: environ 50cm de diam\u00e8tre Ce miroir mural sera tr\u00e8s joli au dessus d&rsquo;une vasque [&hellip;]<\/p>\n","protected":false},"featured_media":1894,"template":"","meta":[],"product_cat":[72,75],"product_tag":[],"yoast_head":"<!-- This site is optimized with the Yoast SEO plugin v21.6 - https:\/\/yoast.com\/wordpress\/plugins\/seo\/ -->\n<title>Grand miroir ethnique en jute &#8226; Manawea<\/title>\n<meta name=\"description\" content=\"Ce grand miroir ethnique en jute apportera une touche boh\u00e8me et authentique \u00e0 votre d\u00e9coration. Il est id\u00e9al pour suivre la tendance boh\u00e8me kinfolk.\" \/>\n<meta name=\"robots\" content=\"index, follow, max-snippet:-1, max-image-preview:large, max-video-preview:-1\" \/>\n<link rel=\"canonical\" href=\"https:\/\/manawea.com\/index.php\/produit\/grand-miroir-ethnique-en-jute\/\" \/>\n<meta property=\"og:locale\" content=\"fr_FR\" \/>\n<meta property=\"og:type\" content=\"article\" \/>\n<meta property=\"og:title\" content=\"Grand miroir ethnique en jute &#8226; Manawea\" \/>\n<meta property=\"og:description\" content=\"Ce grand miroir ethnique en jute apportera une touche boh\u00e8me et authentique \u00e0 votre d\u00e9coration. Il est id\u00e9al pour suivre la tendance boh\u00e8me kinfolk.\" \/>\n<meta property=\"og:url\" content=\"https:\/\/manawea.com\/index.php\/produit\/grand-miroir-ethnique-en-jute\/\" \/>\n<meta property=\"og:site_name\" content=\"Manawea\" \/>\n<meta property=\"article:publisher\" content=\"https:\/\/www.facebook.com\/manaweamacrame\/\" \/>\n<meta property=\"article:modified_time\" content=\"2022-12-30T09:56:33+00:00\" \/>\n<meta property=\"og:image\" content=\"https:\/\/manawea.com\/wp-content\/uploads\/2020\/02\/grand-miroir-ethnique-jute.jpg\" \/>\n\t<meta property=\"og:image:width\" content=\"958\" \/>\n\t<meta property=\"og:image:height\" content=\"958\" \/>\n\t<meta property=\"og:image:type\" content=\"image\/jpeg\" \/>\n<meta name=\"twitter:card\" content=\"summary_large_image\" \/>\n<script type=\"application\/ld+json\" class=\"yoast-schema-graph\">{\"@context\":\"https:\/\/schema.org\",\"@graph\":[{\"@type\":\"WebPage\",\"@id\":\"https:\/\/manawea.com\/index.php\/produit\/grand-miroir-ethnique-en-jute\/\",\"url\":\"https:\/\/manawea.com\/index.php\/produit\/grand-miroir-ethnique-en-jute\/\",\"name\":\"Grand miroir ethnique en jute &#8226; Manawea\",\"isPartOf\":{\"@id\":\"https:\/\/manawea.com\/#website\"},\"datePublished\":\"2020-02-13T16:56:10+00:00\",\"dateModified\":\"2022-12-30T09:56:33+00:00\",\"description\":\"Ce grand miroir ethnique en jute apportera une touche boh\u00e8me et authentique \u00e0 votre d\u00e9coration. Il est id\u00e9al pour suivre la tendance boh\u00e8me kinfolk.\",\"breadcrumb\":{\"@id\":\"https:\/\/manawea.com\/index.php\/produit\/grand-miroir-ethnique-en-jute\/#breadcrumb\"},\"inLanguage\":\"fr-FR\",\"potentialAction\":[{\"@type\":\"ReadAction\",\"target\":[\"https:\/\/manawea.com\/index.php\/produit\/grand-miroir-ethnique-en-jute\/\"]}]},{\"@type\":\"BreadcrumbList\",\"@id\":\"https:\/\/manawea.com\/index.php\/produit\/grand-miroir-ethnique-en-jute\/#breadcrumb\",\"itemListElement\":[{\"@type\":\"ListItem\",\"position\":1,\"name\":\"Accueil\",\"item\":\"https:\/\/manawea.com\/\"},{\"@type\":\"ListItem\",\"position\":2,\"name\":\"Boutique\",\"item\":\"https:\/\/manawea.com\/index.php\/shop\/\"},{\"@type\":\"ListItem\",\"position\":3,\"name\":\"Grand miroir ethnique en jute\"}]},{\"@type\":\"WebSite\",\"@id\":\"https:\/\/manawea.com\/#website\",\"url\":\"https:\/\/manawea.com\/\",\"name\":\"Manawea Macram\u00e9s po\u00e9tiques\",\"description\":\"D\u00e9coration en laiton et macram\u00e9\",\"publisher\":{\"@id\":\"https:\/\/manawea.com\/#organization\"},\"potentialAction\":[{\"@type\":\"SearchAction\",\"target\":{\"@type\":\"EntryPoint\",\"urlTemplate\":\"https:\/\/manawea.com\/?s={search_term_string}\"},\"query-input\":\"required name=search_term_string\"}],\"inLanguage\":\"fr-FR\"},{\"@type\":\"Organization\",\"@id\":\"https:\/\/manawea.com\/#organization\",\"name\":\"manawea\",\"url\":\"https:\/\/manawea.com\/\",\"logo\":{\"@type\":\"ImageObject\",\"inLanguage\":\"fr-FR\",\"@id\":\"https:\/\/manawea.com\/#\/schema\/logo\/image\/\",\"url\":\"https:\/\/manawea.com\/wp-content\/uploads\/2018\/04\/logo.jpg\",\"contentUrl\":\"https:\/\/manawea.com\/wp-content\/uploads\/2018\/04\/logo.jpg\",\"width\":2341,\"height\":2485,\"caption\":\"manawea\"},\"image\":{\"@id\":\"https:\/\/manawea.com\/#\/schema\/logo\/image\/\"},\"sameAs\":[\"https:\/\/www.facebook.com\/manaweamacrame\/\",\"https:\/\/www.instagram.com\/_manawea\/\"]}]}<\/script>\n<!-- \/ Yoast SEO plugin. -->","yoast_head_json":{"title":"Grand miroir ethnique en jute &#8226; Manawea","description":"Ce grand miroir ethnique en jute apportera une touche boh\u00e8me et authentique \u00e0 votre d\u00e9coration. Il est id\u00e9al pour suivre la tendance boh\u00e8me kinfolk.","robots":{"index":"index","follow":"follow","max-snippet":"max-snippet:-1","max-image-preview":"max-image-preview:large","max-video-preview":"max-video-preview:-1"},"canonical":"https:\/\/manawea.com\/index.php\/produit\/grand-miroir-ethnique-en-jute\/","og_locale":"fr_FR","og_type":"article","og_title":"Grand miroir ethnique en jute &#8226; Manawea","og_description":"Ce grand miroir ethnique en jute apportera une touche boh\u00e8me et authentique \u00e0 votre d\u00e9coration. Il est id\u00e9al pour suivre la tendance boh\u00e8me kinfolk.","og_url":"https:\/\/manawea.com\/index.php\/produit\/grand-miroir-ethnique-en-jute\/","og_site_name":"Manawea","article_publisher":"https:\/\/www.facebook.com\/manaweamacrame\/","article_modified_time":"2022-12-30T09:56:33+00:00","og_image":[{"width":958,"height":958,"url":"https:\/\/manawea.com\/wp-content\/uploads\/2020\/02\/grand-miroir-ethnique-jute.jpg","type":"image\/jpeg"}],"twitter_card":"summary_large_image","schema":{"@context":"https:\/\/schema.org","@graph":[{"@type":"WebPage","@id":"https:\/\/manawea.com\/index.php\/produit\/grand-miroir-ethnique-en-jute\/","url":"https:\/\/manawea.com\/index.php\/produit\/grand-miroir-ethnique-en-jute\/","name":"Grand miroir ethnique en jute &#8226; Manawea","isPartOf":{"@id":"https:\/\/manawea.com\/#website"},"datePublished":"2020-02-13T16:56:10+00:00","dateModified":"2022-12-30T09:56:33+00:00","description":"Ce grand miroir ethnique en jute apportera une touche boh\u00e8me et authentique \u00e0 votre d\u00e9coration. Il est id\u00e9al pour suivre la tendance boh\u00e8me kinfolk.","breadcrumb":{"@id":"https:\/\/manawea.com\/index.php\/produit\/grand-miroir-ethnique-en-jute\/#breadcrumb"},"inLanguage":"fr-FR","potentialAction":[{"@type":"ReadAction","target":["https:\/\/manawea.com\/index.php\/produit\/grand-miroir-ethnique-en-jute\/"]}]},{"@type":"BreadcrumbList","@id":"https:\/\/manawea.com\/index.php\/produit\/grand-miroir-ethnique-en-jute\/#breadcrumb","itemListElement":[{"@type":"ListItem","position":1,"name":"Accueil","item":"https:\/\/manawea.com\/"},{"@type":"ListItem","position":2,"name":"Boutique","item":"https:\/\/manawea.com\/index.php\/shop\/"},{"@type":"ListItem","position":3,"name":"Grand miroir ethnique en jute"}]},{"@type":"WebSite","@id":"https:\/\/manawea.com\/#website","url":"https:\/\/manawea.com\/","name":"Manawea Macram\u00e9s po\u00e9tiques","description":"D\u00e9coration en laiton et macram\u00e9","publisher":{"@id":"https:\/\/manawea.com\/#organization"},"potentialAction":[{"@type":"SearchAction","target":{"@type":"EntryPoint","urlTemplate":"https:\/\/manawea.com\/?s={search_term_string}"},"query-input":"required name=search_term_string"}],"inLanguage":"fr-FR"},{"@type":"Organization","@id":"https:\/\/manawea.com\/#organization","name":"manawea","url":"https:\/\/manawea.com\/","logo":{"@type":"ImageObject","inLanguage":"fr-FR","@id":"https:\/\/manawea.com\/#\/schema\/logo\/image\/","url":"https:\/\/manawea.com\/wp-content\/uploads\/2018\/04\/logo.jpg","contentUrl":"https:\/\/manawea.com\/wp-content\/uploads\/2018\/04\/logo.jpg","width":2341,"height":2485,"caption":"manawea"},"image":{"@id":"https:\/\/manawea.com\/#\/schema\/logo\/image\/"},"sameAs":["https:\/\/www.facebook.com\/manaweamacrame\/","https:\/\/www.instagram.com\/_manawea\/"]}]}},"_links":{"self":[{"href":"https:\/\/manawea.com\/index.php\/wp-json\/wp\/v2\/product\/1896"}],"collection":[{"href":"https:\/\/manawea.com\/index.php\/wp-json\/wp\/v2\/product"}],"about":[{"href":"https:\/\/manawea.com\/index.php\/wp-json\/wp\/v2\/types\/product"}],"wp:featuredmedia":[{"embeddable":true,"href":"https:\/\/manawea.com\/index.php\/wp-json\/wp\/v2\/media\/1894"}],"wp:attachment":[{"href":"https:\/\/manawea.com\/index.php\/wp-json\/wp\/v2\/media?parent=1896"}],"wp:term":[{"taxonomy":"product_cat","embeddable":true,"href":"https:\/\/manawea.com\/index.php\/wp-json\/wp\/v2\/product_cat?post=1896"},{"taxonomy":"product_tag","embeddable":true,"href":"https:\/\/manawea.com\/index.php\/wp-json\/wp\/v2\/product_tag?post=1896"}],"curies":[{"name":"wp","href":"https:\/\/api.w.org\/{rel}","templated":true}]}}