{"id":1899,"date":"2020-02-14T23:06:18","date_gmt":"2020-02-14T22:06:18","guid":{"rendered":"https:\/\/manawea.com\/?post_type=product&#038;p=1899"},"modified":"2022-12-30T10:56:23","modified_gmt":"2022-12-30T09:56:23","slug":"grand-macrame-tete-de-lit","status":"publish","type":"product","link":"https:\/\/manawea.com\/index.php\/produit\/grand-macrame-tete-de-lit\/","title":{"rendered":"Grand macram\u00e9 t\u00eate de lit"},"content":{"rendered":"<p>Grand macram\u00e9 mural boh\u00e8me pour t\u00eate de lit.<br \/>\nCe macram\u00e9 est enti\u00e8rement nou\u00e9 \u00e0 la main avec de la corde de coton torsad\u00e9 de grande qualit\u00e9 sur un bois flott\u00e9.<br \/>\nCette d\u00e9coration murale a un design boh\u00e8me qui apportera de a texture et de l&rsquo;int\u00e9r\u00eat \u00e0 vos murs.<\/p>\n<p>Les macram\u00e9s sont r\u00e9alis\u00e9s \u00e0 la main, les dimensions peuvent varier de quelques centim\u00e8tres.<br \/>\n&#8211; Largeur: entre 90 et 100cm<br \/>\n&#8211; Longueur: 80\/90 cm<br \/>\nSi vous recherchez d&rsquo;autres mesures, contactez moi pour une commande personnalis\u00e9e.<\/p>\n","protected":false},"excerpt":{"rendered":"<p>Grand macram\u00e9 mural, id\u00e9al en t\u00eate de lit ou sur un grand mur.<\/p>\n<p>dimensions: entre 90 et 100cm de large<\/p>\n","protected":false},"featured_media":1902,"template":"","meta":[],"product_cat":[15],"product_tag":[],"yoast_head":"<!-- This site is optimized with the Yoast SEO plugin v21.6 - https:\/\/yoast.com\/wordpress\/plugins\/seo\/ -->\n<title>Grand macram\u00e9 t\u00eate de lit &#8226; Manawea<\/title>\n<meta name=\"description\" content=\"Grand macram\u00e9 id\u00e9al en t\u00eate de lit.\" \/>\n<meta name=\"robots\" content=\"index, follow, max-snippet:-1, max-image-preview:large, max-video-preview:-1\" \/>\n<link rel=\"canonical\" href=\"https:\/\/manawea.com\/index.php\/produit\/grand-macrame-tete-de-lit\/\" \/>\n<meta property=\"og:locale\" content=\"fr_FR\" \/>\n<meta property=\"og:type\" content=\"article\" \/>\n<meta property=\"og:title\" content=\"Grand macram\u00e9 t\u00eate de lit &#8226; Manawea\" \/>\n<meta property=\"og:description\" content=\"Grand macram\u00e9 id\u00e9al en t\u00eate de lit.\" \/>\n<meta property=\"og:url\" content=\"https:\/\/manawea.com\/index.php\/produit\/grand-macrame-tete-de-lit\/\" \/>\n<meta property=\"og:site_name\" content=\"Manawea\" \/>\n<meta property=\"article:publisher\" content=\"https:\/\/www.facebook.com\/manaweamacrame\/\" \/>\n<meta property=\"article:modified_time\" content=\"2022-12-30T09:56:23+00:00\" \/>\n<meta property=\"og:image\" content=\"https:\/\/manawea.com\/wp-content\/uploads\/2020\/02\/tete-de-lit-macrame-scaled.jpeg\" \/>\n\t<meta property=\"og:image:width\" content=\"2560\" \/>\n\t<meta property=\"og:image:height\" content=\"2560\" \/>\n\t<meta property=\"og:image:type\" content=\"image\/jpeg\" \/>\n<meta name=\"twitter:card\" content=\"summary_large_image\" \/>\n<script type=\"application\/ld+json\" class=\"yoast-schema-graph\">{\"@context\":\"https:\/\/schema.org\",\"@graph\":[{\"@type\":\"WebPage\",\"@id\":\"https:\/\/manawea.com\/index.php\/produit\/grand-macrame-tete-de-lit\/\",\"url\":\"https:\/\/manawea.com\/index.php\/produit\/grand-macrame-tete-de-lit\/\",\"name\":\"Grand macram\u00e9 t\u00eate de lit &#8226; Manawea\",\"isPartOf\":{\"@id\":\"https:\/\/manawea.com\/#website\"},\"datePublished\":\"2020-02-14T22:06:18+00:00\",\"dateModified\":\"2022-12-30T09:56:23+00:00\",\"description\":\"Grand macram\u00e9 id\u00e9al en t\u00eate de lit.\",\"breadcrumb\":{\"@id\":\"https:\/\/manawea.com\/index.php\/produit\/grand-macrame-tete-de-lit\/#breadcrumb\"},\"inLanguage\":\"fr-FR\",\"potentialAction\":[{\"@type\":\"ReadAction\",\"target\":[\"https:\/\/manawea.com\/index.php\/produit\/grand-macrame-tete-de-lit\/\"]}]},{\"@type\":\"BreadcrumbList\",\"@id\":\"https:\/\/manawea.com\/index.php\/produit\/grand-macrame-tete-de-lit\/#breadcrumb\",\"itemListElement\":[{\"@type\":\"ListItem\",\"position\":1,\"name\":\"Accueil\",\"item\":\"https:\/\/manawea.com\/\"},{\"@type\":\"ListItem\",\"position\":2,\"name\":\"Boutique\",\"item\":\"https:\/\/manawea.com\/index.php\/shop\/\"},{\"@type\":\"ListItem\",\"position\":3,\"name\":\"Grand macram\u00e9 t\u00eate de lit\"}]},{\"@type\":\"WebSite\",\"@id\":\"https:\/\/manawea.com\/#website\",\"url\":\"https:\/\/manawea.com\/\",\"name\":\"Manawea Macram\u00e9s po\u00e9tiques\",\"description\":\"D\u00e9coration en laiton et macram\u00e9\",\"publisher\":{\"@id\":\"https:\/\/manawea.com\/#organization\"},\"potentialAction\":[{\"@type\":\"SearchAction\",\"target\":{\"@type\":\"EntryPoint\",\"urlTemplate\":\"https:\/\/manawea.com\/?s={search_term_string}\"},\"query-input\":\"required name=search_term_string\"}],\"inLanguage\":\"fr-FR\"},{\"@type\":\"Organization\",\"@id\":\"https:\/\/manawea.com\/#organization\",\"name\":\"manawea\",\"url\":\"https:\/\/manawea.com\/\",\"logo\":{\"@type\":\"ImageObject\",\"inLanguage\":\"fr-FR\",\"@id\":\"https:\/\/manawea.com\/#\/schema\/logo\/image\/\",\"url\":\"https:\/\/manawea.com\/wp-content\/uploads\/2018\/04\/logo.jpg\",\"contentUrl\":\"https:\/\/manawea.com\/wp-content\/uploads\/2018\/04\/logo.jpg\",\"width\":2341,\"height\":2485,\"caption\":\"manawea\"},\"image\":{\"@id\":\"https:\/\/manawea.com\/#\/schema\/logo\/image\/\"},\"sameAs\":[\"https:\/\/www.facebook.com\/manaweamacrame\/\",\"https:\/\/www.instagram.com\/_manawea\/\"]}]}<\/script>\n<!-- \/ Yoast SEO plugin. -->","yoast_head_json":{"title":"Grand macram\u00e9 t\u00eate de lit &#8226; Manawea","description":"Grand macram\u00e9 id\u00e9al en t\u00eate de lit.","robots":{"index":"index","follow":"follow","max-snippet":"max-snippet:-1","max-image-preview":"max-image-preview:large","max-video-preview":"max-video-preview:-1"},"canonical":"https:\/\/manawea.com\/index.php\/produit\/grand-macrame-tete-de-lit\/","og_locale":"fr_FR","og_type":"article","og_title":"Grand macram\u00e9 t\u00eate de lit &#8226; Manawea","og_description":"Grand macram\u00e9 id\u00e9al en t\u00eate de lit.","og_url":"https:\/\/manawea.com\/index.php\/produit\/grand-macrame-tete-de-lit\/","og_site_name":"Manawea","article_publisher":"https:\/\/www.facebook.com\/manaweamacrame\/","article_modified_time":"2022-12-30T09:56:23+00:00","og_image":[{"width":2560,"height":2560,"url":"https:\/\/manawea.com\/wp-content\/uploads\/2020\/02\/tete-de-lit-macrame-scaled.jpeg","type":"image\/jpeg"}],"twitter_card":"summary_large_image","schema":{"@context":"https:\/\/schema.org","@graph":[{"@type":"WebPage","@id":"https:\/\/manawea.com\/index.php\/produit\/grand-macrame-tete-de-lit\/","url":"https:\/\/manawea.com\/index.php\/produit\/grand-macrame-tete-de-lit\/","name":"Grand macram\u00e9 t\u00eate de lit &#8226; Manawea","isPartOf":{"@id":"https:\/\/manawea.com\/#website"},"datePublished":"2020-02-14T22:06:18+00:00","dateModified":"2022-12-30T09:56:23+00:00","description":"Grand macram\u00e9 id\u00e9al en t\u00eate de lit.","breadcrumb":{"@id":"https:\/\/manawea.com\/index.php\/produit\/grand-macrame-tete-de-lit\/#breadcrumb"},"inLanguage":"fr-FR","potentialAction":[{"@type":"ReadAction","target":["https:\/\/manawea.com\/index.php\/produit\/grand-macrame-tete-de-lit\/"]}]},{"@type":"BreadcrumbList","@id":"https:\/\/manawea.com\/index.php\/produit\/grand-macrame-tete-de-lit\/#breadcrumb","itemListElement":[{"@type":"ListItem","position":1,"name":"Accueil","item":"https:\/\/manawea.com\/"},{"@type":"ListItem","position":2,"name":"Boutique","item":"https:\/\/manawea.com\/index.php\/shop\/"},{"@type":"ListItem","position":3,"name":"Grand macram\u00e9 t\u00eate de lit"}]},{"@type":"WebSite","@id":"https:\/\/manawea.com\/#website","url":"https:\/\/manawea.com\/","name":"Manawea Macram\u00e9s po\u00e9tiques","description":"D\u00e9coration en laiton et macram\u00e9","publisher":{"@id":"https:\/\/manawea.com\/#organization"},"potentialAction":[{"@type":"SearchAction","target":{"@type":"EntryPoint","urlTemplate":"https:\/\/manawea.com\/?s={search_term_string}"},"query-input":"required name=search_term_string"}],"inLanguage":"fr-FR"},{"@type":"Organization","@id":"https:\/\/manawea.com\/#organization","name":"manawea","url":"https:\/\/manawea.com\/","logo":{"@type":"ImageObject","inLanguage":"fr-FR","@id":"https:\/\/manawea.com\/#\/schema\/logo\/image\/","url":"https:\/\/manawea.com\/wp-content\/uploads\/2018\/04\/logo.jpg","contentUrl":"https:\/\/manawea.com\/wp-content\/uploads\/2018\/04\/logo.jpg","width":2341,"height":2485,"caption":"manawea"},"image":{"@id":"https:\/\/manawea.com\/#\/schema\/logo\/image\/"},"sameAs":["https:\/\/www.facebook.com\/manaweamacrame\/","https:\/\/www.instagram.com\/_manawea\/"]}]}},"_links":{"self":[{"href":"https:\/\/manawea.com\/index.php\/wp-json\/wp\/v2\/product\/1899"}],"collection":[{"href":"https:\/\/manawea.com\/index.php\/wp-json\/wp\/v2\/product"}],"about":[{"href":"https:\/\/manawea.com\/index.php\/wp-json\/wp\/v2\/types\/product"}],"wp:featuredmedia":[{"embeddable":true,"href":"https:\/\/manawea.com\/index.php\/wp-json\/wp\/v2\/media\/1902"}],"wp:attachment":[{"href":"https:\/\/manawea.com\/index.php\/wp-json\/wp\/v2\/media?parent=1899"}],"wp:term":[{"taxonomy":"product_cat","embeddable":true,"href":"https:\/\/manawea.com\/index.php\/wp-json\/wp\/v2\/product_cat?post=1899"},{"taxonomy":"product_tag","embeddable":true,"href":"https:\/\/manawea.com\/index.php\/wp-json\/wp\/v2\/product_tag?post=1899"}],"curies":[{"name":"wp","href":"https:\/\/api.w.org\/{rel}","templated":true}]}}